{"id":67303,"date":"2025-05-27T07:36:24","date_gmt":"2025-05-27T07:36:24","guid":{"rendered":"https:\/\/www.multifrigo.pl\/sklep\/produkt\/schladzarka-na-odpady-z-dnem-izolowanym-1-drzwiowa-1080x866x1346-dora-metal-blod-1240\/"},"modified":"2025-09-08T07:50:37","modified_gmt":"2025-09-08T07:50:37","slug":"schladzarka-na-odpady-z-dnem-izolowanym-1-drzwiowa-1080x866x1346-dora-metal-blod-1240","status":"publish","type":"product","link":"https:\/\/www.multifrigo.pl\/sklep\/produkt\/schladzarka-na-odpady-z-dnem-izolowanym-1-drzwiowa-1080x866x1346-dora-metal-blod-1240\/","title":{"rendered":"Sch\u0142adzarka na odpady z dnem izolowanym, 1-drzwiowa 1080\u00d7866\u00d71346 | Dora Metal BLOD-1240"},"content":{"rendered":"<p><b>Sch\u0142adzarka na odpady z dnem izolowanym, 1-drzwiowa 1080\u00d7866\u00d71346<\/b><\/p>\n<p>W standardzie: \u2022 korpus wykonany z blach nierdzewnych polerowanych \u2022 czo\u0142a drzwi wykonane z blach nierdzewnych szlifowanych \u2022 komora przystosowana w zale\u017cno\u015bci od modelu do pojemnik\u00f3w o poj. 120 l lub 240 l \u2022 komora wyposa\u017cona w prowadnice na pojemniki na odpady \u2022 drzwi i pokrywy wyposa\u017cone w uszczelki magnetyczne \u2022 dno z blachy nierdzewnej izolowane, z podjazdem do pojemnik\u00f3w \u2022 agregaty przystosowane do pracy w temperaturze otoczenia maszynowni +43C i wilgotno\u015bci wzgl\u0119dnej powietrza do 60% <\/p>\n","protected":false},"excerpt":{"rendered":"<p>Sch\u0142adzarka na odpady z dnem izolowanym, 1-drzwiowa 1080\u00d7866\u00d71346 W standardzie: \u2022 korpus wykonany z blach nierdzewnych polerowanych \u2022 czo\u0142a drzwi wykonane z blach nierdzewnych szlifowanych \u2022 komora przystosowana w zale\u017cno\u015bci od modelu do pojemnik\u00f3w o poj. 120 l lub 240 l \u2022 komora wyposa\u017cona w prowadnice na pojemniki na odpady \u2022 drzwi i pokrywy wyposa\u017cone [&hellip;]<\/p>\n","protected":false},"featured_media":67342,"template":"","meta":{"_et_pb_use_builder":"","_et_pb_old_content":"","_et_gb_content_width":""},"pwb-brand":[1345],"product_brand":[],"product_cat":[1331],"product_tag":[],"class_list":{"0":"post-67303","1":"product","2":"type-product","3":"status-publish","4":"has-post-thumbnail","6":"pwb-brand-dora-metal","7":"product_cat-schladzarki-na-odpady","9":"first","10":"instock","11":"taxable","12":"shipping-taxable","13":"purchasable","14":"product-type-simple"},"brands":[{"id":1345,"name":"Dora Metal","slug":"dora-metal"}],"_links":{"self":[{"href":"https:\/\/www.multifrigo.pl\/sklep\/wp-json\/wp\/v2\/product\/67303","targetHints":{"allow":["GET"]}}],"collection":[{"href":"https:\/\/www.multifrigo.pl\/sklep\/wp-json\/wp\/v2\/product"}],"about":[{"href":"https:\/\/www.multifrigo.pl\/sklep\/wp-json\/wp\/v2\/types\/product"}],"wp:featuredmedia":[{"embeddable":true,"href":"https:\/\/www.multifrigo.pl\/sklep\/wp-json\/wp\/v2\/media\/67342"}],"wp:attachment":[{"href":"https:\/\/www.multifrigo.pl\/sklep\/wp-json\/wp\/v2\/media?parent=67303"}],"wp:term":[{"taxonomy":"pwb-brand","embeddable":true,"href":"https:\/\/www.multifrigo.pl\/sklep\/wp-json\/wp\/v2\/pwb-brand?post=67303"},{"taxonomy":"product_brand","embeddable":true,"href":"https:\/\/www.multifrigo.pl\/sklep\/wp-json\/wp\/v2\/product_brand?post=67303"},{"taxonomy":"product_cat","embeddable":true,"href":"https:\/\/www.multifrigo.pl\/sklep\/wp-json\/wp\/v2\/product_cat?post=67303"},{"taxonomy":"product_tag","embeddable":true,"href":"https:\/\/www.multifrigo.pl\/sklep\/wp-json\/wp\/v2\/product_tag?post=67303"}],"curies":[{"name":"wp","href":"https:\/\/api.w.org\/{rel}","templated":true}]}}