{"id":67304,"date":"2025-05-27T07:36:26","date_gmt":"2025-05-27T07:36:26","guid":{"rendered":"https:\/\/www.multifrigo.pl\/sklep\/produkt\/stol-chlodniczy-2-drzwiowy-przeszklony-ze-zlewozmywakiem-1325x600x850-dora-metal-dm-91005\/"},"modified":"2025-09-08T07:50:40","modified_gmt":"2025-09-08T07:50:40","slug":"stol-chlodniczy-2-drzwiowy-przeszklony-ze-zlewozmywakiem-1325x600x850-dora-metal-dm-91005","status":"publish","type":"product","link":"https:\/\/www.multifrigo.pl\/sklep\/produkt\/stol-chlodniczy-2-drzwiowy-przeszklony-ze-zlewozmywakiem-1325x600x850-dora-metal-dm-91005\/","title":{"rendered":"St\u00f3\u0142 ch\u0142odniczy 2-drzwiowy przeszklony ze zlewozmywakiem 1325\u00d7600\u00d7850 | Dora Metal DM-91005"},"content":{"rendered":"<p><b>St\u00f3\u0142 ch\u0142odniczy 2-drzwiowy przeszklony ze zlewozmywakiem 1325\u00d7600\u00d7850<b><\/p>\n<p>W standardzie:<br \/>\nAS &#8211; p\u0142yta nierdzewna z rantem<br \/>\nmodu\u0142 (0) &#8211; drzwi pe\u0142ne<br \/>\nzlewozmywak o wymiarach 297x238x150 (mm)<br \/>\n&#8211; komory przystosowane do poj.: dla B=600 mm 2\/3 GN, dla B=700 mm     1\/1 GN<br \/>\n&#8211; ka\u017cda komora standardowo wyposa\u017cona w 1 ruszt i 2 kpl. prowadnic<br \/>\nzawias samodomykacz<br \/>\nurz\u0105dzenia s\u0105 przystosowane do pracy w klasie klimatycznej 5 (40\u2070C przy wilgotno\u015bci wzgl\u0119dnej 40%), przekroczenie zalecanej temperatury mo\u017ce spowodowa\u0107 obni\u017cenie wydajno\u015bci urz\u0105dzenia oraz zwi\u0119kszenie zu\u017cycia energii  <\/p>\n","protected":false},"excerpt":{"rendered":"<p>St\u00f3\u0142 ch\u0142odniczy 2-drzwiowy przeszklony ze zlewozmywakiem 1325\u00d7600\u00d7850 W standardzie: AS &#8211; p\u0142yta nierdzewna z rantem modu\u0142 (0) &#8211; drzwi pe\u0142ne zlewozmywak o wymiarach 297x238x150 (mm) &#8211; komory przystosowane do poj.: dla B=600 mm 2\/3 GN, dla B=700 mm 1\/1 GN &#8211; ka\u017cda komora standardowo wyposa\u017cona w 1 ruszt i 2 kpl. prowadnic zawias samodomykacz urz\u0105dzenia [&hellip;]<\/p>\n","protected":false},"featured_media":67343,"template":"","meta":{"_et_pb_use_builder":"","_et_pb_old_content":"","_et_gb_content_width":""},"pwb-brand":[1345],"product_brand":[],"product_cat":[523],"product_tag":[],"class_list":{"0":"post-67304","1":"product","2":"type-product","3":"status-publish","4":"has-post-thumbnail","6":"pwb-brand-dora-metal","7":"product_cat-stoly-chlodnicze","9":"first","10":"instock","11":"taxable","12":"shipping-taxable","13":"purchasable","14":"product-type-simple"},"brands":[{"id":1345,"name":"Dora Metal","slug":"dora-metal"}],"_links":{"self":[{"href":"https:\/\/www.multifrigo.pl\/sklep\/wp-json\/wp\/v2\/product\/67304","targetHints":{"allow":["GET"]}}],"collection":[{"href":"https:\/\/www.multifrigo.pl\/sklep\/wp-json\/wp\/v2\/product"}],"about":[{"href":"https:\/\/www.multifrigo.pl\/sklep\/wp-json\/wp\/v2\/types\/product"}],"wp:featuredmedia":[{"embeddable":true,"href":"https:\/\/www.multifrigo.pl\/sklep\/wp-json\/wp\/v2\/media\/67343"}],"wp:attachment":[{"href":"https:\/\/www.multifrigo.pl\/sklep\/wp-json\/wp\/v2\/media?parent=67304"}],"wp:term":[{"taxonomy":"pwb-brand","embeddable":true,"href":"https:\/\/www.multifrigo.pl\/sklep\/wp-json\/wp\/v2\/pwb-brand?post=67304"},{"taxonomy":"product_brand","embeddable":true,"href":"https:\/\/www.multifrigo.pl\/sklep\/wp-json\/wp\/v2\/product_brand?post=67304"},{"taxonomy":"product_cat","embeddable":true,"href":"https:\/\/www.multifrigo.pl\/sklep\/wp-json\/wp\/v2\/product_cat?post=67304"},{"taxonomy":"product_tag","embeddable":true,"href":"https:\/\/www.multifrigo.pl\/sklep\/wp-json\/wp\/v2\/product_tag?post=67304"}],"curies":[{"name":"wp","href":"https:\/\/api.w.org\/{rel}","templated":true}]}}