{"id":67308,"date":"2025-05-27T07:36:34","date_gmt":"2025-05-27T07:36:34","guid":{"rendered":"https:\/\/www.multifrigo.pl\/sklep\/produkt\/szafa-mroznicza-premium-714x869x2070-dora-metal-dm-92137\/"},"modified":"2025-09-08T07:50:51","modified_gmt":"2025-09-08T07:50:51","slug":"szafa-mroznicza-premium-714x869x2070-dora-metal-dm-92137","status":"publish","type":"product","link":"https:\/\/www.multifrigo.pl\/sklep\/produkt\/szafa-mroznicza-premium-714x869x2070-dora-metal-dm-92137\/","title":{"rendered":"Szafa mro\u017anicza PREMIUM 714x869x2070 | Dora Metal DM-92137"},"content":{"rendered":"<p><b>Szafa mro\u017anicza PREMIUM 714x869x2070<\/b><\/p>\n<p>Szafa o podwy\u017cszonym standardzie  w ca\u0142o\u015bci wykonana ze stali AISI 304.<br \/>\nagregat urz\u0105dzenia przystosowany do pracy w 5 klasie klimatycznej   (40\u2070C przy wilgotno\u015bci wzgl\u0119dnej 40%)<br \/>\nagregat w formie monobloku umieszczony poza komor\u0105 u\u0142atwiaj\u0105c w ten spos\u00f3b dost\u0119p, konserwacj\u0119 i czyszczenie uk\u0142adu ch\u0142odniczego<br \/>\nWyt\u0142aczane prowadnice boczne, zwi\u0119kszaj\u0105ce higien\u0119 wewn\u0105trz komory<br \/>\nekologiczna izolacja PUR = 90 mm<br \/>\nszafa ch\u0142odnicza standardowo wyposa\u017cona w zamek<br \/>\nautomatyczne odparowanie kondensatu po cyklu rozmra\u017cania parownika<br \/>\nprofilowane uchwyty zapewniaj\u0105 wygod\u0119 i \u0142atwo\u015b\u0107 w u\u017cytkowaniu<br \/>\nkomora standardowo wyposa\u017cona w 3 ruszty 2\/1 GN i 3 kpl. prowadnic<br \/>\nsamodomykacz oraz alarm niedomkni\u0119tych drzwi,<br \/>\nwymuszony obieg powietrza<br \/>\nwymienne magnetyczne uszczelki drzwi<br \/>\nintuicyjny sterownik dotykowy z automatycznym trybem ECO<br \/>\no\u015bwietlenie LED<\/p>\n","protected":false},"excerpt":{"rendered":"<p>Szafa mro\u017anicza PREMIUM 714x869x2070 Szafa o podwy\u017cszonym standardzie w ca\u0142o\u015bci wykonana ze stali AISI 304. agregat urz\u0105dzenia przystosowany do pracy w 5 klasie klimatycznej (40\u2070C przy wilgotno\u015bci wzgl\u0119dnej 40%) agregat w formie monobloku umieszczony poza komor\u0105 u\u0142atwiaj\u0105c w ten spos\u00f3b dost\u0119p, konserwacj\u0119 i czyszczenie uk\u0142adu ch\u0142odniczego Wyt\u0142aczane prowadnice boczne, zwi\u0119kszaj\u0105ce higien\u0119 wewn\u0105trz komory ekologiczna izolacja [&hellip;]<\/p>\n","protected":false},"featured_media":67347,"template":"","meta":{"_et_pb_use_builder":"","_et_pb_old_content":"","_et_gb_content_width":""},"pwb-brand":[1345],"product_brand":[],"product_cat":[520],"product_tag":[],"class_list":{"0":"post-67308","1":"product","2":"type-product","3":"status-publish","4":"has-post-thumbnail","6":"pwb-brand-dora-metal","7":"product_cat-szafy-mroznicze","9":"first","10":"instock","11":"taxable","12":"shipping-taxable","13":"purchasable","14":"product-type-simple"},"brands":[{"id":1345,"name":"Dora Metal","slug":"dora-metal"}],"_links":{"self":[{"href":"https:\/\/www.multifrigo.pl\/sklep\/wp-json\/wp\/v2\/product\/67308","targetHints":{"allow":["GET"]}}],"collection":[{"href":"https:\/\/www.multifrigo.pl\/sklep\/wp-json\/wp\/v2\/product"}],"about":[{"href":"https:\/\/www.multifrigo.pl\/sklep\/wp-json\/wp\/v2\/types\/product"}],"wp:featuredmedia":[{"embeddable":true,"href":"https:\/\/www.multifrigo.pl\/sklep\/wp-json\/wp\/v2\/media\/67347"}],"wp:attachment":[{"href":"https:\/\/www.multifrigo.pl\/sklep\/wp-json\/wp\/v2\/media?parent=67308"}],"wp:term":[{"taxonomy":"pwb-brand","embeddable":true,"href":"https:\/\/www.multifrigo.pl\/sklep\/wp-json\/wp\/v2\/pwb-brand?post=67308"},{"taxonomy":"product_brand","embeddable":true,"href":"https:\/\/www.multifrigo.pl\/sklep\/wp-json\/wp\/v2\/product_brand?post=67308"},{"taxonomy":"product_cat","embeddable":true,"href":"https:\/\/www.multifrigo.pl\/sklep\/wp-json\/wp\/v2\/product_cat?post=67308"},{"taxonomy":"product_tag","embeddable":true,"href":"https:\/\/www.multifrigo.pl\/sklep\/wp-json\/wp\/v2\/product_tag?post=67308"}],"curies":[{"name":"wp","href":"https:\/\/api.w.org\/{rel}","templated":true}]}}