{"id":67311,"date":"2025-05-27T07:36:42","date_gmt":"2025-05-27T07:36:42","guid":{"rendered":"https:\/\/www.multifrigo.pl\/sklep\/produkt\/szafa-mroznicza-720x821x2045-dora-metal-dm-92607\/"},"modified":"2025-09-08T07:51:32","modified_gmt":"2025-09-08T07:51:32","slug":"szafa-mroznicza-720x821x2045-dora-metal-dm-92607","status":"publish","type":"product","link":"https:\/\/www.multifrigo.pl\/sklep\/produkt\/szafa-mroznicza-720x821x2045-dora-metal-dm-92607\/","title":{"rendered":"Szafa mro\u017anicza 720x821x2045 | Dora Metal DM-92607"},"content":{"rendered":"<p><b>Szafa mro\u017anicza 720x821x2045<\/b><\/p>\n<p>Agregat urz\u0105dzenia przystosowany do pracy w 5 klasie klimatycznej   (40\u2070C przy wilgotno\u015bci wzgl\u0119dnej 40%)<br \/>\nagregat w formie monobloku umieszczony poza komor\u0105 u\u0142atwiaj\u0105c w ten spos\u00f3b dost\u0119p, konserwacj\u0119 i czyszczenie uk\u0142adu ch\u0142odniczego<br \/>\nskuteczna izolacja i oszcz\u0119dno\u015b\u0107 energii, kt\u00f3re zapewnia pianka poliretanowa o grubo\u015bci min. 60mm<br \/>\nszafa ch\u0142odnicza standardowo wyposa\u017cona w zamek<br \/>\nautomatyczne odparowanie kondensatu po cyklu rozmra\u017cania parownika<br \/>\nprofilowane uchwyty zapewniaj\u0105 wygod\u0119 i \u0142atwo\u015b\u0107 w u\u017cytkowaniu<br \/>\nnierdzewny stela\u017c na prowadnice umo\u017cliwia swobodn\u0105 zmian\u0119 wysoko\u015bci p\u00f3\u0142ek i dopasowania przestrzeni<br \/>\nkomora standardowo wyposa\u017cona w 3 ruszty 2\/1 GN  z  kompletem  prowadnic<br \/>\nsamozamykaj\u0105ce si\u0119 drzwi, wymuszony obieg powietrza<br \/>\nwymienne magnetyczne uszczelki drzwi<br \/>\nsterownik touch control z automatyczn\u0105 funkcj\u0105 ECO wykonany w standardzie szczelno\u015bci IP65<\/p>\n","protected":false},"excerpt":{"rendered":"<p>Szafa mro\u017anicza 720x821x2045 Agregat urz\u0105dzenia przystosowany do pracy w 5 klasie klimatycznej (40\u2070C przy wilgotno\u015bci wzgl\u0119dnej 40%) agregat w formie monobloku umieszczony poza komor\u0105 u\u0142atwiaj\u0105c w ten spos\u00f3b dost\u0119p, konserwacj\u0119 i czyszczenie uk\u0142adu ch\u0142odniczego skuteczna izolacja i oszcz\u0119dno\u015b\u0107 energii, kt\u00f3re zapewnia pianka poliretanowa o grubo\u015bci min. 60mm szafa ch\u0142odnicza standardowo wyposa\u017cona w zamek automatyczne odparowanie [&hellip;]<\/p>\n","protected":false},"featured_media":67351,"template":"","meta":{"_et_pb_use_builder":"","_et_pb_old_content":"","_et_gb_content_width":""},"pwb-brand":[1345],"product_brand":[],"product_cat":[520],"product_tag":[],"class_list":{"0":"post-67311","1":"product","2":"type-product","3":"status-publish","4":"has-post-thumbnail","6":"pwb-brand-dora-metal","7":"product_cat-szafy-mroznicze","9":"first","10":"instock","11":"taxable","12":"shipping-taxable","13":"purchasable","14":"product-type-simple"},"brands":[{"id":1345,"name":"Dora Metal","slug":"dora-metal"}],"_links":{"self":[{"href":"https:\/\/www.multifrigo.pl\/sklep\/wp-json\/wp\/v2\/product\/67311","targetHints":{"allow":["GET"]}}],"collection":[{"href":"https:\/\/www.multifrigo.pl\/sklep\/wp-json\/wp\/v2\/product"}],"about":[{"href":"https:\/\/www.multifrigo.pl\/sklep\/wp-json\/wp\/v2\/types\/product"}],"wp:featuredmedia":[{"embeddable":true,"href":"https:\/\/www.multifrigo.pl\/sklep\/wp-json\/wp\/v2\/media\/67351"}],"wp:attachment":[{"href":"https:\/\/www.multifrigo.pl\/sklep\/wp-json\/wp\/v2\/media?parent=67311"}],"wp:term":[{"taxonomy":"pwb-brand","embeddable":true,"href":"https:\/\/www.multifrigo.pl\/sklep\/wp-json\/wp\/v2\/pwb-brand?post=67311"},{"taxonomy":"product_brand","embeddable":true,"href":"https:\/\/www.multifrigo.pl\/sklep\/wp-json\/wp\/v2\/product_brand?post=67311"},{"taxonomy":"product_cat","embeddable":true,"href":"https:\/\/www.multifrigo.pl\/sklep\/wp-json\/wp\/v2\/product_cat?post=67311"},{"taxonomy":"product_tag","embeddable":true,"href":"https:\/\/www.multifrigo.pl\/sklep\/wp-json\/wp\/v2\/product_tag?post=67311"}],"curies":[{"name":"wp","href":"https:\/\/api.w.org\/{rel}","templated":true}]}}