{"id":67314,"date":"2025-05-27T07:36:49","date_gmt":"2025-05-27T07:36:49","guid":{"rendered":"https:\/\/www.multifrigo.pl\/sklep\/produkt\/szafa-chlodnicza-piekarnicza-nierdzewna-drzwi-pelne-720x821x2050-dora-metal-dm-92612\/"},"modified":"2025-09-08T07:51:38","modified_gmt":"2025-09-08T07:51:38","slug":"szafa-chlodnicza-piekarnicza-nierdzewna-drzwi-pelne-720x821x2050-dora-metal-dm-92612","status":"publish","type":"product","link":"https:\/\/www.multifrigo.pl\/sklep\/produkt\/szafa-chlodnicza-piekarnicza-nierdzewna-drzwi-pelne-720x821x2050-dora-metal-dm-92612\/","title":{"rendered":"Szafa ch\u0142odnicza piekarnicza nierdzewna drzwi pe\u0142ne 720x821x2050 | Dora Metal DM-92612"},"content":{"rendered":"<p><b>Szafa ch\u0142odnicza piekarnicza nierdzewna drzwi pe\u0142ne 720x821x2050<\/b><\/p>\n<p>Opcje \/ akcesoria:<br \/>\n&#8211; drzwi z samodomykaczem<br \/>\n&#8211; komplet prowadnic (lewa+prawa)<br \/>\n&#8211; ruszt plastyfikowany 470x510mm<br \/>\n&#8211; o\u015bwietlenie LED w komorze (szafa ch\u0142odnicza)  <\/p>\n","protected":false},"excerpt":{"rendered":"<p>Szafa ch\u0142odnicza piekarnicza nierdzewna drzwi pe\u0142ne 720x821x2050 Opcje \/ akcesoria: &#8211; drzwi z samodomykaczem &#8211; komplet prowadnic (lewa+prawa) &#8211; ruszt plastyfikowany 470x510mm &#8211; o\u015bwietlenie LED w komorze (szafa ch\u0142odnicza)<\/p>\n","protected":false},"featured_media":67351,"template":"","meta":{"_et_pb_use_builder":"","_et_pb_old_content":"","_et_gb_content_width":""},"pwb-brand":[1345],"product_brand":[],"product_cat":[518],"product_tag":[],"class_list":{"0":"post-67314","1":"product","2":"type-product","3":"status-publish","4":"has-post-thumbnail","6":"pwb-brand-dora-metal","7":"product_cat-szafy-chlodnicze","9":"first","10":"instock","11":"taxable","12":"shipping-taxable","13":"purchasable","14":"product-type-simple"},"brands":[{"id":1345,"name":"Dora Metal","slug":"dora-metal"}],"_links":{"self":[{"href":"https:\/\/www.multifrigo.pl\/sklep\/wp-json\/wp\/v2\/product\/67314","targetHints":{"allow":["GET"]}}],"collection":[{"href":"https:\/\/www.multifrigo.pl\/sklep\/wp-json\/wp\/v2\/product"}],"about":[{"href":"https:\/\/www.multifrigo.pl\/sklep\/wp-json\/wp\/v2\/types\/product"}],"wp:featuredmedia":[{"embeddable":true,"href":"https:\/\/www.multifrigo.pl\/sklep\/wp-json\/wp\/v2\/media\/67351"}],"wp:attachment":[{"href":"https:\/\/www.multifrigo.pl\/sklep\/wp-json\/wp\/v2\/media?parent=67314"}],"wp:term":[{"taxonomy":"pwb-brand","embeddable":true,"href":"https:\/\/www.multifrigo.pl\/sklep\/wp-json\/wp\/v2\/pwb-brand?post=67314"},{"taxonomy":"product_brand","embeddable":true,"href":"https:\/\/www.multifrigo.pl\/sklep\/wp-json\/wp\/v2\/product_brand?post=67314"},{"taxonomy":"product_cat","embeddable":true,"href":"https:\/\/www.multifrigo.pl\/sklep\/wp-json\/wp\/v2\/product_cat?post=67314"},{"taxonomy":"product_tag","embeddable":true,"href":"https:\/\/www.multifrigo.pl\/sklep\/wp-json\/wp\/v2\/product_tag?post=67314"}],"curies":[{"name":"wp","href":"https:\/\/api.w.org\/{rel}","templated":true}]}}