{"id":67318,"date":"2025-05-27T07:36:57","date_gmt":"2025-05-27T07:36:57","guid":{"rendered":"https:\/\/www.multifrigo.pl\/sklep\/produkt\/stol-chlodniczy-piekarniczy-2-drzwiowy-1475x800x850-dora-metal-dm-94001-bs-as\/"},"modified":"2025-09-08T07:52:04","modified_gmt":"2025-09-08T07:52:04","slug":"stol-chlodniczy-piekarniczy-2-drzwiowy-1475x800x850-dora-metal-dm-94001-bs-as","status":"publish","type":"product","link":"https:\/\/www.multifrigo.pl\/sklep\/produkt\/stol-chlodniczy-piekarniczy-2-drzwiowy-1475x800x850-dora-metal-dm-94001-bs-as\/","title":{"rendered":"St\u00f3\u0142 ch\u0142odniczy piekarniczy 2-drzwiowy 1475x800x850 | Dora Metal DM-94001 BS\/AS"},"content":{"rendered":"<p><b>St\u00f3\u0142 ch\u0142odniczy piekarniczy 2-drzwiowy 1475x800x850<\/b><\/p>\n<p>W standardzie:<br \/>\n\u2022 AS &#8211; p\u0142yta nierdzewna z rantem<br \/>\n\u2022 modu\u0142 (0) &#8211; drzwi pe\u0142ne<br \/>\n\u2022 komory przystosowane do tac 400 x 600<br \/>\n\u2022 ka\u017cda komora standardowo wyposa\u017cona w 1 ruszt i 2 kpl. prowadnic<br \/>\n\u2022 zawias samodomykacz<br \/>\n\u2022 urz\u0105dzenia s\u0105 przystosowane do pracy w klasie klimatycznej 5 (40\u2070C przy wilgotno\u015bci wzgl\u0119dnej 40%), przekroczenie zalecanej temperatury mo\u017ce spowodowa\u0107 obni\u017cenie wydajno\u015bci urz\u0105dzenia oraz zwi\u0119kszenie zu\u017cycia energii  <\/p>\n","protected":false},"excerpt":{"rendered":"<p>St\u00f3\u0142 ch\u0142odniczy piekarniczy 2-drzwiowy 1475x800x850 W standardzie: \u2022 AS &#8211; p\u0142yta nierdzewna z rantem \u2022 modu\u0142 (0) &#8211; drzwi pe\u0142ne \u2022 komory przystosowane do tac 400 x 600 \u2022 ka\u017cda komora standardowo wyposa\u017cona w 1 ruszt i 2 kpl. prowadnic \u2022 zawias samodomykacz \u2022 urz\u0105dzenia s\u0105 przystosowane do pracy w klasie klimatycznej 5 (40\u2070C przy [&hellip;]<\/p>\n","protected":false},"featured_media":67359,"template":"","meta":{"_et_pb_use_builder":"","_et_pb_old_content":"","_et_gb_content_width":""},"pwb-brand":[1345],"product_brand":[],"product_cat":[523],"product_tag":[],"class_list":{"0":"post-67318","1":"product","2":"type-product","3":"status-publish","4":"has-post-thumbnail","6":"pwb-brand-dora-metal","7":"product_cat-stoly-chlodnicze","9":"first","10":"instock","11":"taxable","12":"shipping-taxable","13":"purchasable","14":"product-type-simple"},"brands":[{"id":1345,"name":"Dora Metal","slug":"dora-metal"}],"_links":{"self":[{"href":"https:\/\/www.multifrigo.pl\/sklep\/wp-json\/wp\/v2\/product\/67318","targetHints":{"allow":["GET"]}}],"collection":[{"href":"https:\/\/www.multifrigo.pl\/sklep\/wp-json\/wp\/v2\/product"}],"about":[{"href":"https:\/\/www.multifrigo.pl\/sklep\/wp-json\/wp\/v2\/types\/product"}],"wp:featuredmedia":[{"embeddable":true,"href":"https:\/\/www.multifrigo.pl\/sklep\/wp-json\/wp\/v2\/media\/67359"}],"wp:attachment":[{"href":"https:\/\/www.multifrigo.pl\/sklep\/wp-json\/wp\/v2\/media?parent=67318"}],"wp:term":[{"taxonomy":"pwb-brand","embeddable":true,"href":"https:\/\/www.multifrigo.pl\/sklep\/wp-json\/wp\/v2\/pwb-brand?post=67318"},{"taxonomy":"product_brand","embeddable":true,"href":"https:\/\/www.multifrigo.pl\/sklep\/wp-json\/wp\/v2\/product_brand?post=67318"},{"taxonomy":"product_cat","embeddable":true,"href":"https:\/\/www.multifrigo.pl\/sklep\/wp-json\/wp\/v2\/product_cat?post=67318"},{"taxonomy":"product_tag","embeddable":true,"href":"https:\/\/www.multifrigo.pl\/sklep\/wp-json\/wp\/v2\/product_tag?post=67318"}],"curies":[{"name":"wp","href":"https:\/\/api.w.org\/{rel}","templated":true}]}}