{"id":67319,"date":"2025-05-27T07:36:59","date_gmt":"2025-05-27T07:36:59","guid":{"rendered":"https:\/\/www.multifrigo.pl\/sklep\/produkt\/stol-chlodniczy-1325x700x850-dora-metal-dm-94002-bs-as-700\/"},"modified":"2025-09-08T07:52:07","modified_gmt":"2025-09-08T07:52:07","slug":"stol-chlodniczy-1325x700x850-dora-metal-dm-94002-bs-as-700","status":"publish","type":"product","link":"https:\/\/www.multifrigo.pl\/sklep\/produkt\/stol-chlodniczy-1325x700x850-dora-metal-dm-94002-bs-as-700\/","title":{"rendered":"St\u00f3\u0142 ch\u0142odniczy 1325x700x850 | Dora Metal DM-94002 BS\/AS\/700"},"content":{"rendered":"<p><b>St\u00f3\u0142 ch\u0142odniczy 1325x700x850<\/b><\/p>\n<p>Agregat urz\u0105dzenia przystosowany do pracy w 5 klasie klimatycznej   (40\u2070C przy wilgotno\u015bci wzgl\u0119dnej 40%)<br \/>\n\u0142atwy serwis konstrukcja wyrobu (wysuwany agregat) usprawnia dost\u0119p do podzespo\u0142\u00f3w agregatu, obni\u017ca koszty napraw serwisowych oraz umo\u017cliwia bie\u017c\u0105c\u0105 konserwacj\u0119 skraplacza<br \/>\nnierdzewne nogi regulowane: -40\/+20mm<br \/>\nautomatyczne odparowanie kondensatu po cyklu rozmra\u017cania parownika<br \/>\nka\u017cda komora wyposa\u017cona w 1 ruszt i 2 kpl. prowadnic<br \/>\nsamozamykaj\u0105ce si\u0119 drzwi,<br \/>\nwymienne magnetyczne uszczelki drzwi<\/p>\n","protected":false},"excerpt":{"rendered":"<p>St\u00f3\u0142 ch\u0142odniczy 1325x700x850 Agregat urz\u0105dzenia przystosowany do pracy w 5 klasie klimatycznej (40\u2070C przy wilgotno\u015bci wzgl\u0119dnej 40%) \u0142atwy serwis konstrukcja wyrobu (wysuwany agregat) usprawnia dost\u0119p do podzespo\u0142\u00f3w agregatu, obni\u017ca koszty napraw serwisowych oraz umo\u017cliwia bie\u017c\u0105c\u0105 konserwacj\u0119 skraplacza nierdzewne nogi regulowane: -40\/+20mm automatyczne odparowanie kondensatu po cyklu rozmra\u017cania parownika ka\u017cda komora wyposa\u017cona w 1 ruszt i [&hellip;]<\/p>\n","protected":false},"featured_media":67361,"template":"","meta":{"_et_pb_use_builder":"","_et_pb_old_content":"","_et_gb_content_width":""},"pwb-brand":[1345],"product_brand":[],"product_cat":[523],"product_tag":[],"class_list":{"0":"post-67319","1":"product","2":"type-product","3":"status-publish","4":"has-post-thumbnail","6":"pwb-brand-dora-metal","7":"product_cat-stoly-chlodnicze","9":"first","10":"instock","11":"taxable","12":"shipping-taxable","13":"purchasable","14":"product-type-simple"},"brands":[{"id":1345,"name":"Dora Metal","slug":"dora-metal"}],"_links":{"self":[{"href":"https:\/\/www.multifrigo.pl\/sklep\/wp-json\/wp\/v2\/product\/67319","targetHints":{"allow":["GET"]}}],"collection":[{"href":"https:\/\/www.multifrigo.pl\/sklep\/wp-json\/wp\/v2\/product"}],"about":[{"href":"https:\/\/www.multifrigo.pl\/sklep\/wp-json\/wp\/v2\/types\/product"}],"wp:featuredmedia":[{"embeddable":true,"href":"https:\/\/www.multifrigo.pl\/sklep\/wp-json\/wp\/v2\/media\/67361"}],"wp:attachment":[{"href":"https:\/\/www.multifrigo.pl\/sklep\/wp-json\/wp\/v2\/media?parent=67319"}],"wp:term":[{"taxonomy":"pwb-brand","embeddable":true,"href":"https:\/\/www.multifrigo.pl\/sklep\/wp-json\/wp\/v2\/pwb-brand?post=67319"},{"taxonomy":"product_brand","embeddable":true,"href":"https:\/\/www.multifrigo.pl\/sklep\/wp-json\/wp\/v2\/product_brand?post=67319"},{"taxonomy":"product_cat","embeddable":true,"href":"https:\/\/www.multifrigo.pl\/sklep\/wp-json\/wp\/v2\/product_cat?post=67319"},{"taxonomy":"product_tag","embeddable":true,"href":"https:\/\/www.multifrigo.pl\/sklep\/wp-json\/wp\/v2\/product_tag?post=67319"}],"curies":[{"name":"wp","href":"https:\/\/api.w.org\/{rel}","templated":true}]}}