{"id":67329,"date":"2025-05-27T07:37:22","date_gmt":"2025-05-27T07:37:22","guid":{"rendered":"https:\/\/www.multifrigo.pl\/sklep\/produkt\/stol-chlodniczy-do-przygotowywania-pizzy-plyta-granitowa-950x700x850-1120-dora-metal-dm-94042-bg\/"},"modified":"2025-09-08T07:52:44","modified_gmt":"2025-09-08T07:52:44","slug":"stol-chlodniczy-do-przygotowywania-pizzy-plyta-granitowa-950x700x850-1120-dora-metal-dm-94042-bg","status":"publish","type":"product","link":"https:\/\/www.multifrigo.pl\/sklep\/produkt\/stol-chlodniczy-do-przygotowywania-pizzy-plyta-granitowa-950x700x850-1120-dora-metal-dm-94042-bg\/","title":{"rendered":"St\u00f3\u0142 ch\u0142odniczy do przygotowywania pizzy, p\u0142yta granitowa 950x700x850\/1120 | Dora Metal DM-94042 BG"},"content":{"rendered":"<p><b>St\u00f3\u0142 ch\u0142odniczy do przygotowywania pizzy, p\u0142yta granitowa 950x700x850<\/b><\/p>\n<p>W standardzie:<br \/>\n\u2022 BG &#8211; p\u0142yta granitowa p\u0142aska (granit typu Strzegom w standardzie; dla DM-94049, DM-94051)<br \/>\n\u2022 zawias samodomykacz<br \/>\n\u2022 modele DM-94049 i DM-94051 s\u0105 przystosowane do pracy w klasie klimatycznej 5 (40\u2070C przy wilgotno\u015bci wzgl\u0119dnej 40%), przekroczenie zalecanej temperatury mo\u017ce spowodowa\u0107 obni\u017cenie wydajno\u015bci urz\u0105dzenia oraz zwi\u0119kszenie zu\u017cycia energii<\/p>\n","protected":false},"excerpt":{"rendered":"<p>St\u00f3\u0142 ch\u0142odniczy do przygotowywania pizzy, p\u0142yta granitowa 950x700x850 W standardzie: \u2022 BG &#8211; p\u0142yta granitowa p\u0142aska (granit typu Strzegom w standardzie; dla DM-94049, DM-94051) \u2022 zawias samodomykacz \u2022 modele DM-94049 i DM-94051 s\u0105 przystosowane do pracy w klasie klimatycznej 5 (40\u2070C przy wilgotno\u015bci wzgl\u0119dnej 40%), przekroczenie zalecanej temperatury mo\u017ce spowodowa\u0107 obni\u017cenie wydajno\u015bci urz\u0105dzenia oraz zwi\u0119kszenie [&hellip;]<\/p>\n","protected":false},"featured_media":67371,"template":"","meta":{"_et_pb_use_builder":"","_et_pb_old_content":"","_et_gb_content_width":""},"pwb-brand":[1345],"product_brand":[],"product_cat":[525],"product_tag":[],"class_list":{"0":"post-67329","1":"product","2":"type-product","3":"status-publish","4":"has-post-thumbnail","6":"pwb-brand-dora-metal","7":"product_cat-stoly-chlodnicze-do-pizzy","9":"first","10":"instock","11":"taxable","12":"shipping-taxable","13":"purchasable","14":"product-type-simple"},"brands":[{"id":1345,"name":"Dora Metal","slug":"dora-metal"}],"_links":{"self":[{"href":"https:\/\/www.multifrigo.pl\/sklep\/wp-json\/wp\/v2\/product\/67329","targetHints":{"allow":["GET"]}}],"collection":[{"href":"https:\/\/www.multifrigo.pl\/sklep\/wp-json\/wp\/v2\/product"}],"about":[{"href":"https:\/\/www.multifrigo.pl\/sklep\/wp-json\/wp\/v2\/types\/product"}],"wp:featuredmedia":[{"embeddable":true,"href":"https:\/\/www.multifrigo.pl\/sklep\/wp-json\/wp\/v2\/media\/67371"}],"wp:attachment":[{"href":"https:\/\/www.multifrigo.pl\/sklep\/wp-json\/wp\/v2\/media?parent=67329"}],"wp:term":[{"taxonomy":"pwb-brand","embeddable":true,"href":"https:\/\/www.multifrigo.pl\/sklep\/wp-json\/wp\/v2\/pwb-brand?post=67329"},{"taxonomy":"product_brand","embeddable":true,"href":"https:\/\/www.multifrigo.pl\/sklep\/wp-json\/wp\/v2\/product_brand?post=67329"},{"taxonomy":"product_cat","embeddable":true,"href":"https:\/\/www.multifrigo.pl\/sklep\/wp-json\/wp\/v2\/product_cat?post=67329"},{"taxonomy":"product_tag","embeddable":true,"href":"https:\/\/www.multifrigo.pl\/sklep\/wp-json\/wp\/v2\/product_tag?post=67329"}],"curies":[{"name":"wp","href":"https:\/\/api.w.org\/{rel}","templated":true}]}}