{"id":67332,"date":"2025-05-27T07:37:36","date_gmt":"2025-05-27T07:37:36","guid":{"rendered":"https:\/\/www.multifrigo.pl\/sklep\/produkt\/stol-chlodniczy-do-przygotowywania-salatek-950x700x850-1300-dora-metal-dm-94047\/"},"modified":"2025-09-08T07:52:58","modified_gmt":"2025-09-08T07:52:58","slug":"stol-chlodniczy-do-przygotowywania-salatek-950x700x850-1300-dora-metal-dm-94047","status":"publish","type":"product","link":"https:\/\/www.multifrigo.pl\/sklep\/produkt\/stol-chlodniczy-do-przygotowywania-salatek-950x700x850-1300-dora-metal-dm-94047\/","title":{"rendered":"St\u00f3\u0142 ch\u0142odniczy do przygotowywania sa\u0142atek 950\u00d7700\u00d7850\/1300 | Dora Metal DM-94047"},"content":{"rendered":"<p><b>St\u00f3\u0142 ch\u0142odniczy do przygotowywania sa\u0142atek 950\u00d7700\u00d7850<\/b><\/p>\n<p>W standardzie:<br \/>\n\u2022 Komory przystosowane do poj. 1\/1 GN<br \/>\n\u2022 Ka\u017cda komora standardowo wyposa\u017cona w 1 ruszt i 2 kpl. prowadnic<br \/>\n\u2022 Zalecany uk\u0142ad pojemnik\u00f3w 2\u00d71\/1 GN + 2\u00d71\/4 GN h=150 mm<br \/>\n\u2022 Deska krajalnicza z tworzywa sztucznego (atest PZH).<br \/>\n\u2022 Urz\u0105dzenie przystosowane do pracy w temperaturze otoczenia do +320C i wilgotno\u015bci wzgl\u0119dnej powietrza do 60%<br \/>\n\u2022 Zawias samodomykacz<br \/>\n\u2022 Komora: 2\u00d765 l<br \/>\n\u2022 Wysoko\u015b\u0107 ca\u0142kowita: 1260 mm <\/p>\n","protected":false},"excerpt":{"rendered":"<p>St\u00f3\u0142 ch\u0142odniczy do przygotowywania sa\u0142atek 950\u00d7700\u00d7850 W standardzie: \u2022 Komory przystosowane do poj. 1\/1 GN \u2022 Ka\u017cda komora standardowo wyposa\u017cona w 1 ruszt i 2 kpl. prowadnic \u2022 Zalecany uk\u0142ad pojemnik\u00f3w 2\u00d71\/1 GN + 2\u00d71\/4 GN h=150 mm \u2022 Deska krajalnicza z tworzywa sztucznego (atest PZH). \u2022 Urz\u0105dzenie przystosowane do pracy w temperaturze otoczenia do [&hellip;]<\/p>\n","protected":false},"featured_media":67373,"template":"","meta":{"_et_pb_use_builder":"","_et_pb_old_content":"","_et_gb_content_width":""},"pwb-brand":[1345],"product_brand":[],"product_cat":[524],"product_tag":[],"class_list":{"0":"post-67332","1":"product","2":"type-product","3":"status-publish","4":"has-post-thumbnail","6":"pwb-brand-dora-metal","7":"product_cat-stoly-chlodnicze-salatkowe","9":"first","10":"instock","11":"taxable","12":"shipping-taxable","13":"purchasable","14":"product-type-simple"},"brands":[{"id":1345,"name":"Dora Metal","slug":"dora-metal"}],"_links":{"self":[{"href":"https:\/\/www.multifrigo.pl\/sklep\/wp-json\/wp\/v2\/product\/67332","targetHints":{"allow":["GET"]}}],"collection":[{"href":"https:\/\/www.multifrigo.pl\/sklep\/wp-json\/wp\/v2\/product"}],"about":[{"href":"https:\/\/www.multifrigo.pl\/sklep\/wp-json\/wp\/v2\/types\/product"}],"wp:featuredmedia":[{"embeddable":true,"href":"https:\/\/www.multifrigo.pl\/sklep\/wp-json\/wp\/v2\/media\/67373"}],"wp:attachment":[{"href":"https:\/\/www.multifrigo.pl\/sklep\/wp-json\/wp\/v2\/media?parent=67332"}],"wp:term":[{"taxonomy":"pwb-brand","embeddable":true,"href":"https:\/\/www.multifrigo.pl\/sklep\/wp-json\/wp\/v2\/pwb-brand?post=67332"},{"taxonomy":"product_brand","embeddable":true,"href":"https:\/\/www.multifrigo.pl\/sklep\/wp-json\/wp\/v2\/product_brand?post=67332"},{"taxonomy":"product_cat","embeddable":true,"href":"https:\/\/www.multifrigo.pl\/sklep\/wp-json\/wp\/v2\/product_cat?post=67332"},{"taxonomy":"product_tag","embeddable":true,"href":"https:\/\/www.multifrigo.pl\/sklep\/wp-json\/wp\/v2\/product_tag?post=67332"}],"curies":[{"name":"wp","href":"https:\/\/api.w.org\/{rel}","templated":true}]}}