{"id":67333,"date":"2025-05-27T07:37:40","date_gmt":"2025-05-27T07:37:40","guid":{"rendered":"https:\/\/www.multifrigo.pl\/sklep\/produkt\/podstawa-chlodnicza-1200x666x620-dora-metal-dm-94702\/"},"modified":"2025-09-08T07:53:01","modified_gmt":"2025-09-08T07:53:01","slug":"podstawa-chlodnicza-1200x666x620-dora-metal-dm-94702","status":"publish","type":"product","link":"https:\/\/www.multifrigo.pl\/sklep\/produkt\/podstawa-chlodnicza-1200x666x620-dora-metal-dm-94702\/","title":{"rendered":"Podstawa ch\u0142odnicza 1200x666x620 | Dora Metal DM-94702"},"content":{"rendered":"<p><b>Podstawa ch\u0142odnicza 1200x666x620<\/b><\/p>\n<p>Agregat urz\u0105dzenia przystosowany do pracy w 5 klasie klimatycznej   (40\u2070C przy wilgotno\u015bci wzgl\u0119dnej 40%)<br \/>\nelektroniczny sterownik do nastawy temperatury z funkcj\u0105 ECO<br \/>\nnierdzewne nogi regulowane: -40\/+20mm<br \/>\nautomatyczne odparowanie kondensatu po cyklu rozmra\u017cania parownika<br \/>\nbez p\u0142yty wierzchniej<br \/>\nwymienne magnetyczne uszczelki<br \/>\ncztery szuflady, ka\u017cda przystosowana do wk\u0142adania, pojemnik\u00f3w 1\/1GN h=100mm<\/p>\n","protected":false},"excerpt":{"rendered":"<p>Podstawa ch\u0142odnicza 1200x666x620 Agregat urz\u0105dzenia przystosowany do pracy w 5 klasie klimatycznej (40\u2070C przy wilgotno\u015bci wzgl\u0119dnej 40%) elektroniczny sterownik do nastawy temperatury z funkcj\u0105 ECO nierdzewne nogi regulowane: -40\/+20mm automatyczne odparowanie kondensatu po cyklu rozmra\u017cania parownika bez p\u0142yty wierzchniej wymienne magnetyczne uszczelki cztery szuflady, ka\u017cda przystosowana do wk\u0142adania, pojemnik\u00f3w 1\/1GN h=100mm<\/p>\n","protected":false},"featured_media":67375,"template":"","meta":{"_et_pb_use_builder":"","_et_pb_old_content":"","_et_gb_content_width":""},"pwb-brand":[1345],"product_brand":[],"product_cat":[523],"product_tag":[],"class_list":{"0":"post-67333","1":"product","2":"type-product","3":"status-publish","4":"has-post-thumbnail","6":"pwb-brand-dora-metal","7":"product_cat-stoly-chlodnicze","9":"first","10":"instock","11":"taxable","12":"shipping-taxable","13":"purchasable","14":"product-type-simple"},"brands":[{"id":1345,"name":"Dora Metal","slug":"dora-metal"}],"_links":{"self":[{"href":"https:\/\/www.multifrigo.pl\/sklep\/wp-json\/wp\/v2\/product\/67333","targetHints":{"allow":["GET"]}}],"collection":[{"href":"https:\/\/www.multifrigo.pl\/sklep\/wp-json\/wp\/v2\/product"}],"about":[{"href":"https:\/\/www.multifrigo.pl\/sklep\/wp-json\/wp\/v2\/types\/product"}],"wp:featuredmedia":[{"embeddable":true,"href":"https:\/\/www.multifrigo.pl\/sklep\/wp-json\/wp\/v2\/media\/67375"}],"wp:attachment":[{"href":"https:\/\/www.multifrigo.pl\/sklep\/wp-json\/wp\/v2\/media?parent=67333"}],"wp:term":[{"taxonomy":"pwb-brand","embeddable":true,"href":"https:\/\/www.multifrigo.pl\/sklep\/wp-json\/wp\/v2\/pwb-brand?post=67333"},{"taxonomy":"product_brand","embeddable":true,"href":"https:\/\/www.multifrigo.pl\/sklep\/wp-json\/wp\/v2\/product_brand?post=67333"},{"taxonomy":"product_cat","embeddable":true,"href":"https:\/\/www.multifrigo.pl\/sklep\/wp-json\/wp\/v2\/product_cat?post=67333"},{"taxonomy":"product_tag","embeddable":true,"href":"https:\/\/www.multifrigo.pl\/sklep\/wp-json\/wp\/v2\/product_tag?post=67333"}],"curies":[{"name":"wp","href":"https:\/\/api.w.org\/{rel}","templated":true}]}}