{"id":67336,"date":"2025-05-27T07:37:51","date_gmt":"2025-05-27T07:37:51","guid":{"rendered":"https:\/\/www.multifrigo.pl\/sklep\/produkt\/stol-mrozniczy-3-drzwiowy-1825x700x850-dora-metal-dm-95003-0-0-0-bs-as-700\/"},"modified":"2025-09-08T07:53:09","modified_gmt":"2025-09-08T07:53:09","slug":"stol-mrozniczy-3-drzwiowy-1825x700x850-dora-metal-dm-95003-0-0-0-bs-as-700","status":"publish","type":"product","link":"https:\/\/www.multifrigo.pl\/sklep\/produkt\/stol-mrozniczy-3-drzwiowy-1825x700x850-dora-metal-dm-95003-0-0-0-bs-as-700\/","title":{"rendered":"St\u00f3\u0142 mro\u017aniczy 3-drzwiowy 1825\u00d7700\u00d7850 | Dora Metal DM-95003.0.0.0 BS\/AS\/700"},"content":{"rendered":"<p><b>St\u00f3\u0142 mro\u017aniczy 3-drzwiowy 1825\u00d7700\u00d7850<\/b><\/p>\n<p>W standardzie:<br \/>\n\u2022 Ergonomiczny uchwyt ze stali nierdzewnej zamocowany na drzwiach i szufladach<br \/>\n\u2022 Zar\u00f3wno urz\u0105dzenia w standardzie DM jak i DM-S wyposa\u017cone zosta\u0142y w nogi ze stali nierdzewnej o zakresie regulacji -45 \u00f7 +20 mm.<br \/>\n\u2022 Obudowa i wn\u0119trze urz\u0105dze\u0144 ch\u0142odniczych wykonane zosta\u0142o z atestowanych wysokogatunkowych stali nierdzewnych (za wyj\u0105tkiem zewn\u0119trznej tylnej \u015bcianki) \u2022 Wymuszony obieg powietrza ch\u0142odniczego<br \/>\n\u2022 Automatyczny system odprowadzania i odparowywania wody powstaj\u0105cej podczas rozmra\u017cania parownika<br \/>\n\u2022 W sto\u0142ach i szafach ch\u0142odniczych i mro\u017aniczych energooszcz\u0119dne i niezawodne agregaty ch\u0142odnicze<br \/>\n\u2022 Blat nierdzewny z rantem (Istnieje mo\u017cliwo\u015b\u0107 zam\u00f3wienia blatu bez rantu albo z rantami bocznymi za dop\u0142at\u0105)<br \/>\n\u2022 Ka\u017cda komora sto\u0142u ch\u0142odniczego standardowo wyposa\u017cona w 1 ruszt i 2 komplety prowadnic<br \/>\n\u2022 Agregaty przystosowane do pracy w temperaturze otoczenia maszynowni +43 C i wilgotno\u015bci wzgl\u0119dnej powietrza do 60%<br \/>\n\u2022 Zakres temperaturowy od -14 do -18 dla sto\u0142u z modu\u0142ami szufladowymi (0), (1) lub (2)<\/p>\n","protected":false},"excerpt":{"rendered":"<p>St\u00f3\u0142 mro\u017aniczy 3-drzwiowy 1825\u00d7700\u00d7850 W standardzie: \u2022 Ergonomiczny uchwyt ze stali nierdzewnej zamocowany na drzwiach i szufladach \u2022 Zar\u00f3wno urz\u0105dzenia w standardzie DM jak i DM-S wyposa\u017cone zosta\u0142y w nogi ze stali nierdzewnej o zakresie regulacji -45 \u00f7 +20 mm. \u2022 Obudowa i wn\u0119trze urz\u0105dze\u0144 ch\u0142odniczych wykonane zosta\u0142o z atestowanych wysokogatunkowych stali nierdzewnych (za wyj\u0105tkiem [&hellip;]<\/p>\n","protected":false},"featured_media":67378,"template":"","meta":{"_et_pb_use_builder":"","_et_pb_old_content":"","_et_gb_content_width":""},"pwb-brand":[1345],"product_brand":[],"product_cat":[529],"product_tag":[],"class_list":{"0":"post-67336","1":"product","2":"type-product","3":"status-publish","4":"has-post-thumbnail","6":"pwb-brand-dora-metal","7":"product_cat-stoly-mroznicze","9":"first","10":"instock","11":"taxable","12":"shipping-taxable","13":"purchasable","14":"product-type-simple"},"brands":[{"id":1345,"name":"Dora Metal","slug":"dora-metal"}],"_links":{"self":[{"href":"https:\/\/www.multifrigo.pl\/sklep\/wp-json\/wp\/v2\/product\/67336","targetHints":{"allow":["GET"]}}],"collection":[{"href":"https:\/\/www.multifrigo.pl\/sklep\/wp-json\/wp\/v2\/product"}],"about":[{"href":"https:\/\/www.multifrigo.pl\/sklep\/wp-json\/wp\/v2\/types\/product"}],"wp:featuredmedia":[{"embeddable":true,"href":"https:\/\/www.multifrigo.pl\/sklep\/wp-json\/wp\/v2\/media\/67378"}],"wp:attachment":[{"href":"https:\/\/www.multifrigo.pl\/sklep\/wp-json\/wp\/v2\/media?parent=67336"}],"wp:term":[{"taxonomy":"pwb-brand","embeddable":true,"href":"https:\/\/www.multifrigo.pl\/sklep\/wp-json\/wp\/v2\/pwb-brand?post=67336"},{"taxonomy":"product_brand","embeddable":true,"href":"https:\/\/www.multifrigo.pl\/sklep\/wp-json\/wp\/v2\/product_brand?post=67336"},{"taxonomy":"product_cat","embeddable":true,"href":"https:\/\/www.multifrigo.pl\/sklep\/wp-json\/wp\/v2\/product_cat?post=67336"},{"taxonomy":"product_tag","embeddable":true,"href":"https:\/\/www.multifrigo.pl\/sklep\/wp-json\/wp\/v2\/product_tag?post=67336"}],"curies":[{"name":"wp","href":"https:\/\/api.w.org\/{rel}","templated":true}]}}