{"id":67385,"date":"2025-05-27T07:46:44","date_gmt":"2025-05-27T07:46:44","guid":{"rendered":"https:\/\/www.multifrigo.pl\/sklep\/produkt\/stol-do-pracy-z-polka-1200x600x850-dora-metal-dm-3103\/"},"modified":"2025-05-27T09:23:34","modified_gmt":"2025-05-27T09:23:34","slug":"stol-do-pracy-z-polka-1200x600x850-dora-metal-dm-3103","status":"publish","type":"product","link":"https:\/\/www.multifrigo.pl\/sklep\/produkt\/stol-do-pracy-z-polka-1200x600x850-dora-metal-dm-3103\/","title":{"rendered":"St\u00f3\u0142 do pracy z p\u00f3\u0142k\u0105 1200x600x850 | Dora Metal  DM 3103"},"content":{"rendered":"<p>St\u00f3\u0142 do pracy z p\u00f3\u0142k\u0105, wykonany z wysokogatunkowej stali nierdzewnej, szkielet wykonany z profili 40 x 40 x 1,2, rant z ty\u0142u h=40mm, konstrukcja spawana , regulowana wysoko\u015b\u0107, posiada atest PZH<\/p>\n","protected":false},"excerpt":{"rendered":"<p>St\u00f3\u0142 do pracy z p\u00f3\u0142k\u0105, wykonany z wysokogatunkowej stali nierdzewnej, szkielet wykonany z profili 40 x 40 x 1,2, rant z ty\u0142u h=40mm, konstrukcja spawana , regulowana wysoko\u015b\u0107, posiada atest PZH<\/p>\n","protected":false},"featured_media":67426,"template":"","meta":{"_et_pb_use_builder":"","_et_pb_old_content":"","_et_gb_content_width":""},"pwb-brand":[1345],"product_brand":[],"product_cat":[139],"product_tag":[],"class_list":{"0":"post-67385","1":"product","2":"type-product","3":"status-publish","4":"has-post-thumbnail","6":"pwb-brand-dora-metal","7":"product_cat-stoly-przyscienne","9":"first","10":"instock","11":"taxable","12":"shipping-taxable","13":"purchasable","14":"product-type-simple"},"brands":[{"id":1345,"name":"Dora Metal","slug":"dora-metal"}],"_links":{"self":[{"href":"https:\/\/www.multifrigo.pl\/sklep\/wp-json\/wp\/v2\/product\/67385","targetHints":{"allow":["GET"]}}],"collection":[{"href":"https:\/\/www.multifrigo.pl\/sklep\/wp-json\/wp\/v2\/product"}],"about":[{"href":"https:\/\/www.multifrigo.pl\/sklep\/wp-json\/wp\/v2\/types\/product"}],"wp:featuredmedia":[{"embeddable":true,"href":"https:\/\/www.multifrigo.pl\/sklep\/wp-json\/wp\/v2\/media\/67426"}],"wp:attachment":[{"href":"https:\/\/www.multifrigo.pl\/sklep\/wp-json\/wp\/v2\/media?parent=67385"}],"wp:term":[{"taxonomy":"pwb-brand","embeddable":true,"href":"https:\/\/www.multifrigo.pl\/sklep\/wp-json\/wp\/v2\/pwb-brand?post=67385"},{"taxonomy":"product_brand","embeddable":true,"href":"https:\/\/www.multifrigo.pl\/sklep\/wp-json\/wp\/v2\/product_brand?post=67385"},{"taxonomy":"product_cat","embeddable":true,"href":"https:\/\/www.multifrigo.pl\/sklep\/wp-json\/wp\/v2\/product_cat?post=67385"},{"taxonomy":"product_tag","embeddable":true,"href":"https:\/\/www.multifrigo.pl\/sklep\/wp-json\/wp\/v2\/product_tag?post=67385"}],"curies":[{"name":"wp","href":"https:\/\/api.w.org\/{rel}","templated":true}]}}