{"id":67390,"date":"2025-05-27T07:46:54","date_gmt":"2025-05-27T07:46:54","guid":{"rendered":"https:\/\/www.multifrigo.pl\/sklep\/produkt\/stol-z-szafka-1000x600x850-dora-metal-dm-3118\/"},"modified":"2025-05-27T09:23:44","modified_gmt":"2025-05-27T09:23:44","slug":"stol-z-szafka-1000x600x850-dora-metal-dm-3118","status":"publish","type":"product","link":"https:\/\/www.multifrigo.pl\/sklep\/produkt\/stol-z-szafka-1000x600x850-dora-metal-dm-3118\/","title":{"rendered":"St\u00f3\u0142 z szafk\u0105 1000x600x850 | Dora Metal  DM 3118"},"content":{"rendered":"<p>St\u00f3\u0142 do pracy z szafk\u0105, drzwi przesuwne, wykonany z wysokogatunkowej stali nierdzewnej, rant z ty\u0142u h=40mm, konstrukcja spawana , regulowana wysoko\u015b\u0107, posiada atest PZH<\/p>\n","protected":false},"excerpt":{"rendered":"<p>St\u00f3\u0142 do pracy z szafk\u0105, drzwi przesuwne, wykonany z wysokogatunkowej stali nierdzewnej, rant z ty\u0142u h=40mm, konstrukcja spawana , regulowana wysoko\u015b\u0107, posiada atest PZH<\/p>\n","protected":false},"featured_media":67438,"template":"","meta":{"_et_pb_use_builder":"","_et_pb_old_content":"","_et_gb_content_width":""},"pwb-brand":[1345],"product_brand":[],"product_cat":[139],"product_tag":[],"class_list":{"0":"post-67390","1":"product","2":"type-product","3":"status-publish","4":"has-post-thumbnail","6":"pwb-brand-dora-metal","7":"product_cat-stoly-przyscienne","9":"first","10":"instock","11":"taxable","12":"shipping-taxable","13":"purchasable","14":"product-type-simple"},"brands":[{"id":1345,"name":"Dora Metal","slug":"dora-metal"}],"_links":{"self":[{"href":"https:\/\/www.multifrigo.pl\/sklep\/wp-json\/wp\/v2\/product\/67390","targetHints":{"allow":["GET"]}}],"collection":[{"href":"https:\/\/www.multifrigo.pl\/sklep\/wp-json\/wp\/v2\/product"}],"about":[{"href":"https:\/\/www.multifrigo.pl\/sklep\/wp-json\/wp\/v2\/types\/product"}],"wp:featuredmedia":[{"embeddable":true,"href":"https:\/\/www.multifrigo.pl\/sklep\/wp-json\/wp\/v2\/media\/67438"}],"wp:attachment":[{"href":"https:\/\/www.multifrigo.pl\/sklep\/wp-json\/wp\/v2\/media?parent=67390"}],"wp:term":[{"taxonomy":"pwb-brand","embeddable":true,"href":"https:\/\/www.multifrigo.pl\/sklep\/wp-json\/wp\/v2\/pwb-brand?post=67390"},{"taxonomy":"product_brand","embeddable":true,"href":"https:\/\/www.multifrigo.pl\/sklep\/wp-json\/wp\/v2\/product_brand?post=67390"},{"taxonomy":"product_cat","embeddable":true,"href":"https:\/\/www.multifrigo.pl\/sklep\/wp-json\/wp\/v2\/product_cat?post=67390"},{"taxonomy":"product_tag","embeddable":true,"href":"https:\/\/www.multifrigo.pl\/sklep\/wp-json\/wp\/v2\/product_tag?post=67390"}],"curies":[{"name":"wp","href":"https:\/\/api.w.org\/{rel}","templated":true}]}}