{"id":67391,"date":"2025-05-27T07:46:56","date_gmt":"2025-05-27T07:46:56","guid":{"rendered":"https:\/\/www.multifrigo.pl\/sklep\/produkt\/stol-ze-zlewem-i-polka-600x600x850-dora-metal-dm-3201\/"},"modified":"2025-05-27T09:23:45","modified_gmt":"2025-05-27T09:23:45","slug":"stol-ze-zlewem-i-polka-600x600x850-dora-metal-dm-3201","status":"publish","type":"product","link":"https:\/\/www.multifrigo.pl\/sklep\/produkt\/stol-ze-zlewem-i-polka-600x600x850-dora-metal-dm-3201\/","title":{"rendered":"St\u00f3\u0142 ze zlewem i p\u00f3\u0142k\u0105 600x600x850 | Dora Metal  DM 3201"},"content":{"rendered":"<p>St\u00f3\u0142 do pracy z komor\u0105 zlewu i z p\u00f3\u0142k\u0105, wykonany z wysokogatunkowej stali nierdzewnej, szkielet wykonany z profili 40 x 40 x 1,2, rant z ty\u0142u h=40mm, konstrukcja spawana , regulowana wysoko\u015b\u0107, posiada atest PZH, otw\u00f3r pod bateri\u0119 \u00d8 35mm, bez armatury<\/p>\n","protected":false},"excerpt":{"rendered":"<p>St\u00f3\u0142 do pracy z komor\u0105 zlewu i z p\u00f3\u0142k\u0105, wykonany z wysokogatunkowej stali nierdzewnej, szkielet wykonany z profili 40 x 40 x 1,2, rant z ty\u0142u h=40mm, konstrukcja spawana , regulowana wysoko\u015b\u0107, posiada atest PZH, otw\u00f3r pod bateri\u0119 \u00d8 35mm, bez armatury<\/p>\n","protected":false},"featured_media":67437,"template":"","meta":{"_et_pb_use_builder":"","_et_pb_old_content":"","_et_gb_content_width":""},"pwb-brand":[1345],"product_brand":[],"product_cat":[139],"product_tag":[],"class_list":{"0":"post-67391","1":"product","2":"type-product","3":"status-publish","4":"has-post-thumbnail","6":"pwb-brand-dora-metal","7":"product_cat-stoly-przyscienne","9":"first","10":"instock","11":"taxable","12":"shipping-taxable","13":"purchasable","14":"product-type-simple"},"brands":[{"id":1345,"name":"Dora Metal","slug":"dora-metal"}],"_links":{"self":[{"href":"https:\/\/www.multifrigo.pl\/sklep\/wp-json\/wp\/v2\/product\/67391","targetHints":{"allow":["GET"]}}],"collection":[{"href":"https:\/\/www.multifrigo.pl\/sklep\/wp-json\/wp\/v2\/product"}],"about":[{"href":"https:\/\/www.multifrigo.pl\/sklep\/wp-json\/wp\/v2\/types\/product"}],"wp:featuredmedia":[{"embeddable":true,"href":"https:\/\/www.multifrigo.pl\/sklep\/wp-json\/wp\/v2\/media\/67437"}],"wp:attachment":[{"href":"https:\/\/www.multifrigo.pl\/sklep\/wp-json\/wp\/v2\/media?parent=67391"}],"wp:term":[{"taxonomy":"pwb-brand","embeddable":true,"href":"https:\/\/www.multifrigo.pl\/sklep\/wp-json\/wp\/v2\/pwb-brand?post=67391"},{"taxonomy":"product_brand","embeddable":true,"href":"https:\/\/www.multifrigo.pl\/sklep\/wp-json\/wp\/v2\/product_brand?post=67391"},{"taxonomy":"product_cat","embeddable":true,"href":"https:\/\/www.multifrigo.pl\/sklep\/wp-json\/wp\/v2\/product_cat?post=67391"},{"taxonomy":"product_tag","embeddable":true,"href":"https:\/\/www.multifrigo.pl\/sklep\/wp-json\/wp\/v2\/product_tag?post=67391"}],"curies":[{"name":"wp","href":"https:\/\/api.w.org\/{rel}","templated":true}]}}