{"id":67401,"date":"2025-05-27T07:47:20","date_gmt":"2025-05-27T07:47:20","guid":{"rendered":"https:\/\/www.multifrigo.pl\/sklep\/produkt\/polka-wiszaca-1200x300x250-dora-metal-dm-3501\/"},"modified":"2025-05-27T09:23:57","modified_gmt":"2025-05-27T09:23:57","slug":"polka-wiszaca-1200x300x250-dora-metal-dm-3501","status":"publish","type":"product","link":"https:\/\/www.multifrigo.pl\/sklep\/produkt\/polka-wiszaca-1200x300x250-dora-metal-dm-3501\/","title":{"rendered":"P\u00f3\u0142ka wisz\u0105ca 1200x300x250 | Dora Metal  DM 3501"},"content":{"rendered":"<p>P\u00f3\u0142ka wisz\u0105ca jednopoziomowa, wykonana z wysokogatunkowej stali nierdzewnej, konstrukcja spawana , posiada atest PZH<\/p>\n","protected":false},"excerpt":{"rendered":"<p>P\u00f3\u0142ka wisz\u0105ca jednopoziomowa, wykonana z wysokogatunkowej stali nierdzewnej, konstrukcja spawana , posiada atest PZH<\/p>\n","protected":false},"featured_media":67433,"template":"","meta":{"_et_pb_use_builder":"","_et_pb_old_content":"","_et_gb_content_width":""},"pwb-brand":[1345],"product_brand":[],"product_cat":[565],"product_tag":[],"class_list":{"0":"post-67401","1":"product","2":"type-product","3":"status-publish","4":"has-post-thumbnail","6":"pwb-brand-dora-metal","7":"product_cat-z-drzwiami-suwanymi-szafki-wiszace","9":"first","10":"instock","11":"taxable","12":"shipping-taxable","13":"purchasable","14":"product-type-simple"},"brands":[{"id":1345,"name":"Dora Metal","slug":"dora-metal"}],"_links":{"self":[{"href":"https:\/\/www.multifrigo.pl\/sklep\/wp-json\/wp\/v2\/product\/67401","targetHints":{"allow":["GET"]}}],"collection":[{"href":"https:\/\/www.multifrigo.pl\/sklep\/wp-json\/wp\/v2\/product"}],"about":[{"href":"https:\/\/www.multifrigo.pl\/sklep\/wp-json\/wp\/v2\/types\/product"}],"wp:featuredmedia":[{"embeddable":true,"href":"https:\/\/www.multifrigo.pl\/sklep\/wp-json\/wp\/v2\/media\/67433"}],"wp:attachment":[{"href":"https:\/\/www.multifrigo.pl\/sklep\/wp-json\/wp\/v2\/media?parent=67401"}],"wp:term":[{"taxonomy":"pwb-brand","embeddable":true,"href":"https:\/\/www.multifrigo.pl\/sklep\/wp-json\/wp\/v2\/pwb-brand?post=67401"},{"taxonomy":"product_brand","embeddable":true,"href":"https:\/\/www.multifrigo.pl\/sklep\/wp-json\/wp\/v2\/product_brand?post=67401"},{"taxonomy":"product_cat","embeddable":true,"href":"https:\/\/www.multifrigo.pl\/sklep\/wp-json\/wp\/v2\/product_cat?post=67401"},{"taxonomy":"product_tag","embeddable":true,"href":"https:\/\/www.multifrigo.pl\/sklep\/wp-json\/wp\/v2\/product_tag?post=67401"}],"curies":[{"name":"wp","href":"https:\/\/api.w.org\/{rel}","templated":true}]}}