{"id":67413,"date":"2025-05-27T07:47:51","date_gmt":"2025-05-27T07:47:51","guid":{"rendered":"https:\/\/www.multifrigo.pl\/sklep\/produkt\/stol-z-basenem-1000x600x850-h400-dora-metal-dm-3235\/"},"modified":"2025-05-27T09:24:14","modified_gmt":"2025-05-27T09:24:14","slug":"stol-z-basenem-1000x600x850-h400-dora-metal-dm-3235","status":"publish","type":"product","link":"https:\/\/www.multifrigo.pl\/sklep\/produkt\/stol-z-basenem-1000x600x850-h400-dora-metal-dm-3235\/","title":{"rendered":"St\u00f3\u0142 z basenem 1000x600x850 h=400 | Dora Metal  DM 3235"},"content":{"rendered":"<p>St\u00f3\u0142 do pracy z komor\u0105  basenu, wykonany z wysokogatunkowej stali nierdzewnej, rant z ty\u0142u h=40mm, konstrukcja spawana , regulowana wysoko\u015b\u0107, posiada atest PZH, otw\u00f3r pod bateri\u0119 \u00d8 35mm, dno komory wyprofilowane jest w spos\u00f3b zapewniaj\u0105cy ukierunkowany sp\u0142yw wody, bez armatury<\/p>\n","protected":false},"excerpt":{"rendered":"<p>St\u00f3\u0142 do pracy z komor\u0105 basenu, wykonany z wysokogatunkowej stali nierdzewnej, rant z ty\u0142u h=40mm, konstrukcja spawana , regulowana wysoko\u015b\u0107, posiada atest PZH, otw\u00f3r pod bateri\u0119 \u00d8 35mm, dno komory wyprofilowane jest w spos\u00f3b zapewniaj\u0105cy ukierunkowany sp\u0142yw wody, bez armatury<\/p>\n","protected":false},"featured_media":67427,"template":"","meta":{"_et_pb_use_builder":"","_et_pb_old_content":"","_et_gb_content_width":""},"pwb-brand":[1345],"product_brand":[],"product_cat":[144],"product_tag":[],"class_list":{"0":"post-67413","1":"product","2":"type-product","3":"status-publish","4":"has-post-thumbnail","6":"pwb-brand-dora-metal","7":"product_cat-stoly-z-basenem","9":"first","10":"instock","11":"taxable","12":"shipping-taxable","13":"purchasable","14":"product-type-simple"},"brands":[{"id":1345,"name":"Dora Metal","slug":"dora-metal"}],"_links":{"self":[{"href":"https:\/\/www.multifrigo.pl\/sklep\/wp-json\/wp\/v2\/product\/67413","targetHints":{"allow":["GET"]}}],"collection":[{"href":"https:\/\/www.multifrigo.pl\/sklep\/wp-json\/wp\/v2\/product"}],"about":[{"href":"https:\/\/www.multifrigo.pl\/sklep\/wp-json\/wp\/v2\/types\/product"}],"wp:featuredmedia":[{"embeddable":true,"href":"https:\/\/www.multifrigo.pl\/sklep\/wp-json\/wp\/v2\/media\/67427"}],"wp:attachment":[{"href":"https:\/\/www.multifrigo.pl\/sklep\/wp-json\/wp\/v2\/media?parent=67413"}],"wp:term":[{"taxonomy":"pwb-brand","embeddable":true,"href":"https:\/\/www.multifrigo.pl\/sklep\/wp-json\/wp\/v2\/pwb-brand?post=67413"},{"taxonomy":"product_brand","embeddable":true,"href":"https:\/\/www.multifrigo.pl\/sklep\/wp-json\/wp\/v2\/product_brand?post=67413"},{"taxonomy":"product_cat","embeddable":true,"href":"https:\/\/www.multifrigo.pl\/sklep\/wp-json\/wp\/v2\/product_cat?post=67413"},{"taxonomy":"product_tag","embeddable":true,"href":"https:\/\/www.multifrigo.pl\/sklep\/wp-json\/wp\/v2\/product_tag?post=67413"}],"curies":[{"name":"wp","href":"https:\/\/api.w.org\/{rel}","templated":true}]}}