{"id":67416,"date":"2025-05-27T08:12:07","date_gmt":"2025-05-27T08:12:07","guid":{"rendered":"https:\/\/www.multifrigo.pl\/sklep\/produkt\/szafa-chlodniczo-mroznicza-720x881x2045-dora-metal-dm-92610\/"},"modified":"2025-09-08T07:51:38","modified_gmt":"2025-09-08T07:51:38","slug":"szafa-chlodniczo-mroznicza-720x881x2045-dora-metal-dm-92610","status":"publish","type":"product","link":"https:\/\/www.multifrigo.pl\/sklep\/produkt\/szafa-chlodniczo-mroznicza-720x881x2045-dora-metal-dm-92610\/","title":{"rendered":"Szafa ch\u0142odniczo-mro\u017anicza 720x881x2045 | Dora Metal DM-92610"},"content":{"rendered":"<p><b>Szafa ch\u0142odniczo-mro\u017anicza 720x881x2045<\/b><\/p>\n<p>Produkt z 2 agregatami<br \/>\nurz\u0105dzenie przystosowane do pracy w 5 klasie klimatycznej (40\u2070C przy wilgotno\u015bci wzgl\u0119dnej 40%)<br \/>\nskuteczna izolacja i oszcz\u0119dno\u015b\u0107 energii, kt\u00f3re zapewnia pianka poliretanowa o grubo\u015bci min. 60mm<br \/>\nszafa ch\u0142odnicza standardowo wyposa\u017cona w zamek<br \/>\nautomatyczne odparowanie kondensatu po cyklu rozmra\u017cania parownika<br \/>\nkomora standardowo wyposa\u017cona w 1 ruszt 2\/1 GN i 2 kpl. prowadnic<br \/>\nsamozamykaj\u0105ce si\u0119 drzwi, wymuszony obieg powietrza<br \/>\nwymienne magnetyczne uszczelki drzwi<br \/>\nsterownik touch control z automatyczn\u0105 funkcj\u0105 ECO wykonany w standardzie szczelno\u015bci IP65<\/p>\n","protected":false},"excerpt":{"rendered":"<p>Szafa ch\u0142odniczo-mro\u017anicza 720x881x2045 Produkt z 2 agregatami urz\u0105dzenie przystosowane do pracy w 5 klasie klimatycznej (40\u2070C przy wilgotno\u015bci wzgl\u0119dnej 40%) skuteczna izolacja i oszcz\u0119dno\u015b\u0107 energii, kt\u00f3re zapewnia pianka poliretanowa o grubo\u015bci min. 60mm szafa ch\u0142odnicza standardowo wyposa\u017cona w zamek automatyczne odparowanie kondensatu po cyklu rozmra\u017cania parownika komora standardowo wyposa\u017cona w 1 ruszt 2\/1 GN i [&hellip;]<\/p>\n","protected":false},"featured_media":67353,"template":"","meta":{"_et_pb_use_builder":"","_et_pb_old_content":"","_et_gb_content_width":""},"pwb-brand":[1345],"product_brand":[],"product_cat":[528],"product_tag":[],"class_list":{"0":"post-67416","1":"product","2":"type-product","3":"status-publish","4":"has-post-thumbnail","6":"pwb-brand-dora-metal","7":"product_cat-szafy-chlodniczo-mroznicze","9":"first","10":"instock","11":"taxable","12":"shipping-taxable","13":"purchasable","14":"product-type-simple"},"brands":[{"id":1345,"name":"Dora Metal","slug":"dora-metal"}],"_links":{"self":[{"href":"https:\/\/www.multifrigo.pl\/sklep\/wp-json\/wp\/v2\/product\/67416","targetHints":{"allow":["GET"]}}],"collection":[{"href":"https:\/\/www.multifrigo.pl\/sklep\/wp-json\/wp\/v2\/product"}],"about":[{"href":"https:\/\/www.multifrigo.pl\/sklep\/wp-json\/wp\/v2\/types\/product"}],"wp:featuredmedia":[{"embeddable":true,"href":"https:\/\/www.multifrigo.pl\/sklep\/wp-json\/wp\/v2\/media\/67353"}],"wp:attachment":[{"href":"https:\/\/www.multifrigo.pl\/sklep\/wp-json\/wp\/v2\/media?parent=67416"}],"wp:term":[{"taxonomy":"pwb-brand","embeddable":true,"href":"https:\/\/www.multifrigo.pl\/sklep\/wp-json\/wp\/v2\/pwb-brand?post=67416"},{"taxonomy":"product_brand","embeddable":true,"href":"https:\/\/www.multifrigo.pl\/sklep\/wp-json\/wp\/v2\/product_brand?post=67416"},{"taxonomy":"product_cat","embeddable":true,"href":"https:\/\/www.multifrigo.pl\/sklep\/wp-json\/wp\/v2\/product_cat?post=67416"},{"taxonomy":"product_tag","embeddable":true,"href":"https:\/\/www.multifrigo.pl\/sklep\/wp-json\/wp\/v2\/product_tag?post=67416"}],"curies":[{"name":"wp","href":"https:\/\/api.w.org\/{rel}","templated":true}]}}