{"id":67420,"date":"2025-05-27T08:31:51","date_gmt":"2025-05-27T08:31:51","guid":{"rendered":"https:\/\/www.multifrigo.pl\/sklep\/produkt\/schladzarko-zamrazarka-szokowa-5x1-1-gn-1325x700x850-dora-metal-dm-s-95105\/"},"modified":"2025-09-08T07:53:12","modified_gmt":"2025-09-08T07:53:12","slug":"schladzarko-zamrazarka-szokowa-5x1-1-gn-1325x700x850-dora-metal-dm-s-95105","status":"publish","type":"product","link":"https:\/\/www.multifrigo.pl\/sklep\/produkt\/schladzarko-zamrazarka-szokowa-5x1-1-gn-1325x700x850-dora-metal-dm-s-95105\/","title":{"rendered":"Sch\u0142adzarko zamra\u017carka szokowa 5&#215;1\/1 GN 1325\u00d7700\u00d7850 | Dora Metal DM-S 95105"},"content":{"rendered":"<p><b>Sch\u0142adzarko-zamra\u017carka szokowa 5xGN 1\/1<\/b><\/p>\n<p>W standardzie:<br \/>\n\u2022 urz\u0105dzenia s\u0105 przystosowane do pracy w klasie klimatycznej 4 (30 o C przy wilgotno\u015bci wzgl\u0119dnej 55%), maksymalna temperatura 32 o C i wilgotno\u015b\u0107 powietrza do 60%, przekroczenie zalecanej temperatury mo\u017ce spowodowa\u0107 obni\u017cenie wydajno\u015bci urz\u0105dzenia oraz zwi\u0119kszenie zu\u017cycia energii      \u2022 DM -S-95105: p\u0142yta AS<br \/>\n\u2022 P \u2013 uk\u0142ad poprzeczny pojemnik\u00f3w 1\/1 GN<br \/>\n\u2022 stela\u017c sta\u0142y<\/p>\n","protected":false},"excerpt":{"rendered":"<p>Sch\u0142adzarko-zamra\u017carka szokowa 5xGN 1\/1 W standardzie: \u2022 urz\u0105dzenia s\u0105 przystosowane do pracy w klasie klimatycznej 4 (30 o C przy wilgotno\u015bci wzgl\u0119dnej 55%), maksymalna temperatura 32 o C i wilgotno\u015b\u0107 powietrza do 60%, przekroczenie zalecanej temperatury mo\u017ce spowodowa\u0107 obni\u017cenie wydajno\u015bci urz\u0105dzenia oraz zwi\u0119kszenie zu\u017cycia energii \u2022 DM -S-95105: p\u0142yta AS \u2022 P \u2013 uk\u0142ad poprzeczny [&hellip;]<\/p>\n","protected":false},"featured_media":67379,"template":"","meta":{"_et_pb_use_builder":"","_et_pb_old_content":"","_et_gb_content_width":""},"pwb-brand":[1345],"product_brand":[],"product_cat":[5086],"product_tag":[],"class_list":{"0":"post-67420","1":"product","2":"type-product","3":"status-publish","4":"has-post-thumbnail","6":"pwb-brand-dora-metal","7":"product_cat-schladzarki-szokowe","9":"first","10":"instock","11":"taxable","12":"shipping-taxable","13":"purchasable","14":"product-type-simple"},"brands":[{"id":1345,"name":"Dora Metal","slug":"dora-metal"}],"_links":{"self":[{"href":"https:\/\/www.multifrigo.pl\/sklep\/wp-json\/wp\/v2\/product\/67420","targetHints":{"allow":["GET"]}}],"collection":[{"href":"https:\/\/www.multifrigo.pl\/sklep\/wp-json\/wp\/v2\/product"}],"about":[{"href":"https:\/\/www.multifrigo.pl\/sklep\/wp-json\/wp\/v2\/types\/product"}],"wp:featuredmedia":[{"embeddable":true,"href":"https:\/\/www.multifrigo.pl\/sklep\/wp-json\/wp\/v2\/media\/67379"}],"wp:attachment":[{"href":"https:\/\/www.multifrigo.pl\/sklep\/wp-json\/wp\/v2\/media?parent=67420"}],"wp:term":[{"taxonomy":"pwb-brand","embeddable":true,"href":"https:\/\/www.multifrigo.pl\/sklep\/wp-json\/wp\/v2\/pwb-brand?post=67420"},{"taxonomy":"product_brand","embeddable":true,"href":"https:\/\/www.multifrigo.pl\/sklep\/wp-json\/wp\/v2\/product_brand?post=67420"},{"taxonomy":"product_cat","embeddable":true,"href":"https:\/\/www.multifrigo.pl\/sklep\/wp-json\/wp\/v2\/product_cat?post=67420"},{"taxonomy":"product_tag","embeddable":true,"href":"https:\/\/www.multifrigo.pl\/sklep\/wp-json\/wp\/v2\/product_tag?post=67420"}],"curies":[{"name":"wp","href":"https:\/\/api.w.org\/{rel}","templated":true}]}}