{"id":67423,"date":"2025-05-27T08:32:05","date_gmt":"2025-05-27T08:32:05","guid":{"rendered":"https:\/\/www.multifrigo.pl\/sklep\/produkt\/schladzarko-zamrazarka-szokowa-20x1-1-gn-800x930x2415-dora-metal-dm-s-95120\/"},"modified":"2025-09-08T07:53:27","modified_gmt":"2025-09-08T07:53:27","slug":"schladzarko-zamrazarka-szokowa-20x1-1-gn-800x930x2415-dora-metal-dm-s-95120","status":"publish","type":"product","link":"https:\/\/www.multifrigo.pl\/sklep\/produkt\/schladzarko-zamrazarka-szokowa-20x1-1-gn-800x930x2415-dora-metal-dm-s-95120\/","title":{"rendered":"Sch\u0142adzarko zamra\u017carka szokowa 20&#215;1\/1 GN 800\u00d7930\u00d72415 | Dora Metal DM-S 95120"},"content":{"rendered":"<p><b>Sch\u0142adzarko-zamra\u017carka szokowa 20xGN1\/1<\/b><\/p>\n<p>W standardzie:<br \/>\n\u2022 Uk\u0142ad poprzeczny pojemnik\u00f3w 1\/1 GN wyposa\u017cony w stela\u017c sta\u0142y<br \/>\n\u2022 Urz\u0105dzenie przystosowane do pracy w temperaturze otoczenia do +32 C i wilgotno\u015bci wzgl\u0119dnej powietrza do 60%<br \/>\n\u2022 Energooszcz\u0119dne i niezawodne agregaty ch\u0142odnicze<br \/>\n\u2022 Zintegrowany automatyczny system odprowadzania i odparowywania wody powstaj\u0105cej podczas rozmra\u017cania parownika w sto\u0142ach i szafach ch\u0142odniczych i mro\u017aniczych<br \/>\n\u2022 W szafach i sch\u0142adzarko-zmra\u017carkach szokowych &#8211; praca wentylatora sterowana jest wy\u0142\u0105cznikiem drzwiowym<br \/>\n\u2022 Pojemno\u015b\u0107 komory: 20x GN1\/1 h=40 mm lub tace 400x600x20 mm<br \/>\n\u2022 Wydajno\u015b\u0107 sch\u0142adzania [kg\/cykl]: 75<br \/>\n\u2022 Wydajno\u015b\u0107 zamra\u017cania [kg\/cykl]: 70<br \/>\n\u2022 Czas sch\u0142adzania: od +90\u00b0C do +3\u00b0C w 90 minut od +90\u00b0C do -18\u00b0C w 270 minut <\/p>\n","protected":false},"excerpt":{"rendered":"<p>Sch\u0142adzarko-zamra\u017carka szokowa 20xGN1\/1 W standardzie: \u2022 Uk\u0142ad poprzeczny pojemnik\u00f3w 1\/1 GN wyposa\u017cony w stela\u017c sta\u0142y \u2022 Urz\u0105dzenie przystosowane do pracy w temperaturze otoczenia do +32 C i wilgotno\u015bci wzgl\u0119dnej powietrza do 60% \u2022 Energooszcz\u0119dne i niezawodne agregaty ch\u0142odnicze \u2022 Zintegrowany automatyczny system odprowadzania i odparowywania wody powstaj\u0105cej podczas rozmra\u017cania parownika w sto\u0142ach i szafach ch\u0142odniczych [&hellip;]<\/p>\n","protected":false},"featured_media":67382,"template":"","meta":{"_et_pb_use_builder":"","_et_pb_old_content":"","_et_gb_content_width":""},"pwb-brand":[1345],"product_brand":[],"product_cat":[5086],"product_tag":[],"class_list":{"0":"post-67423","1":"product","2":"type-product","3":"status-publish","4":"has-post-thumbnail","6":"pwb-brand-dora-metal","7":"product_cat-schladzarki-szokowe","9":"first","10":"instock","11":"taxable","12":"shipping-taxable","13":"purchasable","14":"product-type-simple"},"brands":[{"id":1345,"name":"Dora Metal","slug":"dora-metal"}],"_links":{"self":[{"href":"https:\/\/www.multifrigo.pl\/sklep\/wp-json\/wp\/v2\/product\/67423","targetHints":{"allow":["GET"]}}],"collection":[{"href":"https:\/\/www.multifrigo.pl\/sklep\/wp-json\/wp\/v2\/product"}],"about":[{"href":"https:\/\/www.multifrigo.pl\/sklep\/wp-json\/wp\/v2\/types\/product"}],"wp:featuredmedia":[{"embeddable":true,"href":"https:\/\/www.multifrigo.pl\/sklep\/wp-json\/wp\/v2\/media\/67382"}],"wp:attachment":[{"href":"https:\/\/www.multifrigo.pl\/sklep\/wp-json\/wp\/v2\/media?parent=67423"}],"wp:term":[{"taxonomy":"pwb-brand","embeddable":true,"href":"https:\/\/www.multifrigo.pl\/sklep\/wp-json\/wp\/v2\/pwb-brand?post=67423"},{"taxonomy":"product_brand","embeddable":true,"href":"https:\/\/www.multifrigo.pl\/sklep\/wp-json\/wp\/v2\/product_brand?post=67423"},{"taxonomy":"product_cat","embeddable":true,"href":"https:\/\/www.multifrigo.pl\/sklep\/wp-json\/wp\/v2\/product_cat?post=67423"},{"taxonomy":"product_tag","embeddable":true,"href":"https:\/\/www.multifrigo.pl\/sklep\/wp-json\/wp\/v2\/product_tag?post=67423"}],"curies":[{"name":"wp","href":"https:\/\/api.w.org\/{rel}","templated":true}]}}