{"id":67442,"date":"2025-05-27T09:37:45","date_gmt":"2025-05-27T09:37:45","guid":{"rendered":"https:\/\/www.multifrigo.pl\/sklep\/produkt\/kotleciarka-do-miesa-km20-ma-ga\/"},"modified":"2026-04-01T12:57:01","modified_gmt":"2026-04-01T12:57:01","slug":"kotleciarka-do-miesa-km20-ma-ga","status":"publish","type":"product","link":"https:\/\/www.multifrigo.pl\/sklep\/produkt\/kotleciarka-do-miesa-km20-ma-ga\/","title":{"rendered":"Kotleciarka do mi\u0119sa KM20 | Ma-Ga"},"content":{"rendered":"<p><b>Kotleciarka do mi\u0119sa KM20<\/b><br \/>\n<br \/><b>Grawitacyjna kotleciarka do twardych mi\u0119s \u2013 niezast\u0105piona pomoc w przygotowaniu klasycznego schabowego <\/b><br \/>\n<br \/>Kotleciarka KM20 to opatentowane urz\u0105dzenie stworzone przez naszych konstruktor\u00f3w z my\u015bl\u0105 o przygotowywaniu polskiego schabowego. Zaprojektowana do przetwarzania twardych mi\u0119s, takich jak schab, kark\u00f3wka, szynka, ligawa czy boczek, idealnie sprawdzi si\u0119 w lokalach gastronomicznych, sklepach mi\u0119snych oraz zak\u0142adach przetw\u00f3rstwa.  Dzi\u0119ki unikatowym, masywnym wa\u0142kom rozbijaj\u0105cym mi\u0119so jest odpowiednio sp\u0142aszczane ju\u017c przy pierwszym przerzuceniu \u2013 gotowy kotlet za pierwszym razem. Proces rozbijania jednocze\u015bnie nacina w\u0142\u00f3kna mi\u0119sa, co ogranicza jego kurczenie si\u0119 podczas sma\u017cenia czy pieczenia i wp\u0142ywa na ko\u0144cow\u0105 jako\u015b\u0107 dania.<\/p>\n<p>\u2022 innowacyjne urz\u0105dzenie modu\u0142owe \u2013 3 przystawki przy jednym nap\u0119dzie<br \/>\n\u2022 kompatybilne ze wszystkimi gardzielami z serii WM oraz modu\u0142em stekera mS20<br \/>\n\u2022 profesjonalne urz\u0105dzenie do rozgniatania i zmi\u0119kczania plastr\u00f3w mi\u0119sa<br \/>\n\u2022 przeznaczona do przygotowywania r\u00f3\u017cnego rodzaju mi\u0119sa na prawdziwe polskie kotlety<br \/>\n\u2022 wyposa\u017cona w zesp\u00f3\u0142 specjalnie ukszta\u0142towanych segment\u00f3w ugniataj\u0105cych wykonanych ze stali nierdzewnej<br \/>\n\u2022 du\u017ca wydajno\u015b\u0107 u\u017cytkowa \u2013 skuteczne rozgniatanie ju\u017c w pierwszym cyklu rozgniatania<br \/>\n\u2022 otw\u00f3r wlotowy dostosowany do pracy z du\u017cymi i grubymi (do 25 mm) porcjami surowca<br \/>\n\u2022 prosty demonta\u017c i \u0142atwe czyszczenie<br \/>\n\u2022 \u0142atwa i szybka wymiana modu\u0142u rozgniataj\u0105cego<br \/>\n\u2022 tania eksploatacja<br \/>\n\u2022 du\u017ca niezawodno\u015b\u0107 u\u017cytkowa<br \/>\n\u2022 wysokie bezpiecze\u0144stwo pracy<br \/>\n\u2022 odpowiednia wysoko\u015b\u0107 wylotu gwarantuj\u0105ca wysoki komfort u\u017cytkowania<br \/>\n\u2022 zasilanie jednofazowe 230 V<br \/>\n\u2022 przeznaczona do pracy ci\u0105g\u0142ej<\/p>\n","protected":false},"excerpt":{"rendered":"<p>Jedyna dost\u0119pna na rynku Polskim &#8211; modu\u0142owa kotleciarka grawitacyjna KM20 do rozbijania mi\u0119s twardych, o wydajno\u015bci 1000 sztuk kotlet\u00f3w na 40 minut !<\/p>\n","protected":false},"featured_media":29307,"template":"","meta":{"_et_pb_use_builder":"","_et_pb_old_content":"","_et_gb_content_width":""},"pwb-brand":[1110],"product_brand":[],"product_cat":[431],"product_tag":[],"class_list":{"0":"post-67442","1":"product","2":"type-product","3":"status-publish","4":"has-post-thumbnail","6":"pwb-brand-ma-ga","7":"product_cat-kotleciarki","9":"first","10":"instock","11":"taxable","12":"shipping-taxable","13":"purchasable","14":"product-type-simple"},"brands":[{"id":1110,"name":"Ma-Ga","slug":"ma-ga"}],"_links":{"self":[{"href":"https:\/\/www.multifrigo.pl\/sklep\/wp-json\/wp\/v2\/product\/67442","targetHints":{"allow":["GET"]}}],"collection":[{"href":"https:\/\/www.multifrigo.pl\/sklep\/wp-json\/wp\/v2\/product"}],"about":[{"href":"https:\/\/www.multifrigo.pl\/sklep\/wp-json\/wp\/v2\/types\/product"}],"wp:featuredmedia":[{"embeddable":true,"href":"https:\/\/www.multifrigo.pl\/sklep\/wp-json\/wp\/v2\/media\/29307"}],"wp:attachment":[{"href":"https:\/\/www.multifrigo.pl\/sklep\/wp-json\/wp\/v2\/media?parent=67442"}],"wp:term":[{"taxonomy":"pwb-brand","embeddable":true,"href":"https:\/\/www.multifrigo.pl\/sklep\/wp-json\/wp\/v2\/pwb-brand?post=67442"},{"taxonomy":"product_brand","embeddable":true,"href":"https:\/\/www.multifrigo.pl\/sklep\/wp-json\/wp\/v2\/product_brand?post=67442"},{"taxonomy":"product_cat","embeddable":true,"href":"https:\/\/www.multifrigo.pl\/sklep\/wp-json\/wp\/v2\/product_cat?post=67442"},{"taxonomy":"product_tag","embeddable":true,"href":"https:\/\/www.multifrigo.pl\/sklep\/wp-json\/wp\/v2\/product_tag?post=67442"}],"curies":[{"name":"wp","href":"https:\/\/api.w.org\/{rel}","templated":true}]}}