{"id":67445,"date":"2025-05-27T09:37:57","date_gmt":"2025-05-27T09:37:57","guid":{"rendered":"https:\/\/www.multifrigo.pl\/sklep\/produkt\/krajalnica-automatyczna-do-wedlin-i-sera-a912-ma-ga\/"},"modified":"2026-04-01T12:57:02","modified_gmt":"2026-04-01T12:57:02","slug":"krajalnica-automatyczna-do-wedlin-i-sera-a912-ma-ga","status":"publish","type":"product","link":"https:\/\/www.multifrigo.pl\/sklep\/produkt\/krajalnica-automatyczna-do-wedlin-i-sera-a912-ma-ga\/","title":{"rendered":"Krajalnica automatyczna do w\u0119dlin i sera A912 | Ma-Ga"},"content":{"rendered":"<h4><b>Automatyczna krajalnica do w\u0119dlin i ser\u00f3w A-912 z funkcj\u0105 liczenia plastr\u00f3w.<\/b><br \/>Sama tnie i odk\u0142ada produkt w pionowy stos !<\/h4>\n<p>\u2022 przeznaczona do hipermarket\u00f3w, supermarket\u00f3w, du\u017cych sklep\u00f3w, cateringu, gastronomii i do zak\u0142ad\u00f3w zbiorowego \u017cywienia<br \/>\n\u2022 u\u0142atwienie pracy dla obs\u0142ugi poprzez automatyczn\u0105 ci\u0105g\u0142\u0105 prac\u0119<br \/>\n\u2022 automatyczne odk\u0142adanie krojonych plastr\u00f3w w stos<br \/>\n\u2022 programowanie okre\u015blonej liczb y krojonych plastr\u00f3w<br \/>\n\u2022 czujnik ko\u0144ca produktu oraz czujnik wysoko\u015bci stosu<br \/>\n\u2022 efektywno\u015b\u0107 ci\u0119cia: 45 plastr\u00f3w na minut\u0119<br \/>\n\u2022 grubo\u015b\u0107 krojonego plastra 1-4 mm<br \/>\n\u2022 wykonanie z wysokiej jako\u015bci materia\u0142\u00f3w nierdzewnych i anodowanego aluminium<br \/>\n\u2022 \u015brednica ostrza 300 mm<br \/>\n\u2022 niezawodna przek\u0142adnia \u015blimakowa<br \/>\n\u2022 wbudowana profesjonalna ostrza\u0142ka umo\u017cliwiaj\u0105ca samodzielne ostrzenie no\u017ca bez pomocy serwisu<br \/>\n\u2022 maksymalne gabaryty krojonego produktu: 210&#215;200 mm dla przekroju prostok\u0105tnego oraz 190 mm dla przekroju okr\u0105g\u0142ego<br \/>\n\u2022 rozstaw n\u00f3\u017cek krajalnicy 310&#215;500 mm<\/p>\n","protected":false},"excerpt":{"rendered":"<p>W pe\u0142ni zautomatyzowana krajalnica do w\u0119dlin i ser\u00f3w A-912 z funkcj\u0105 liczenia plastr\u00f3w. Krajalnica sama tnie i odk\u0142ada produkt w pionowy stos !<\/p>\n","protected":false},"featured_media":29309,"template":"","meta":{"_et_pb_use_builder":"","_et_pb_old_content":"","_et_gb_content_width":""},"pwb-brand":[1110],"product_brand":[],"product_cat":[1103],"product_tag":[],"class_list":{"0":"post-67445","1":"product","2":"type-product","3":"status-publish","4":"has-post-thumbnail","6":"pwb-brand-ma-ga","7":"product_cat-krajalnice-automatyczne","9":"first","10":"instock","11":"taxable","12":"shipping-taxable","13":"purchasable","14":"product-type-simple"},"brands":[{"id":1110,"name":"Ma-Ga","slug":"ma-ga"}],"_links":{"self":[{"href":"https:\/\/www.multifrigo.pl\/sklep\/wp-json\/wp\/v2\/product\/67445","targetHints":{"allow":["GET"]}}],"collection":[{"href":"https:\/\/www.multifrigo.pl\/sklep\/wp-json\/wp\/v2\/product"}],"about":[{"href":"https:\/\/www.multifrigo.pl\/sklep\/wp-json\/wp\/v2\/types\/product"}],"wp:featuredmedia":[{"embeddable":true,"href":"https:\/\/www.multifrigo.pl\/sklep\/wp-json\/wp\/v2\/media\/29309"}],"wp:attachment":[{"href":"https:\/\/www.multifrigo.pl\/sklep\/wp-json\/wp\/v2\/media?parent=67445"}],"wp:term":[{"taxonomy":"pwb-brand","embeddable":true,"href":"https:\/\/www.multifrigo.pl\/sklep\/wp-json\/wp\/v2\/pwb-brand?post=67445"},{"taxonomy":"product_brand","embeddable":true,"href":"https:\/\/www.multifrigo.pl\/sklep\/wp-json\/wp\/v2\/product_brand?post=67445"},{"taxonomy":"product_cat","embeddable":true,"href":"https:\/\/www.multifrigo.pl\/sklep\/wp-json\/wp\/v2\/product_cat?post=67445"},{"taxonomy":"product_tag","embeddable":true,"href":"https:\/\/www.multifrigo.pl\/sklep\/wp-json\/wp\/v2\/product_tag?post=67445"}],"curies":[{"name":"wp","href":"https:\/\/api.w.org\/{rel}","templated":true}]}}