{"id":67446,"date":"2025-05-27T09:38:01","date_gmt":"2025-05-27T09:38:01","guid":{"rendered":"https:\/\/www.multifrigo.pl\/sklep\/produkt\/krajalnica-zywnosci-110n-ma-ga\/"},"modified":"2026-04-01T12:57:03","modified_gmt":"2026-04-01T12:57:03","slug":"krajalnica-grawitacyjna-do-wedlin-i-sera-110n-ma-ga","status":"publish","type":"product","link":"https:\/\/www.multifrigo.pl\/sklep\/produkt\/krajalnica-grawitacyjna-do-wedlin-i-sera-110n-ma-ga\/","title":{"rendered":"Krajalnica grawitacyjna do w\u0119dlin i sera 110N | Ma-Ga"},"content":{"rendered":"<p><b>Krajalnica grawitacyjna do w\u0119dlin i sera 110N<\/b><br \/>To doskona\u0142e rozwi\u0105zanie dla ma\u0142ych sklep\u00f3w spo\u017cywczych oraz niewielkich punkt\u00f3w gastronomicznych. Dzi\u0119ki no\u017cowi o \u015brednicy 250 mm, sprawnie poradzi sobie z krojeniem w\u0119dlin i ser\u00f3w, nawet w ograniczonej przestrzeni.<\/p>\n<p>\u2022 idealna do krojenia w\u0119dlin oraz ser\u00f3w twardych, mi\u0119kkich i w\u0119dzonych\\n<br \/>\n\u2022 n\u00f3\u017c, pokrywa no\u017ca i p\u0142yta oporowa pokryte teflonem\\n<br \/>\n\u2022 kompaktowe wymiary\\n<br \/>\n\u2022 prosta i \u0142atwa w obs\u0142udze\\n<br \/>\n\u2022 \u0142atwa w utrzymaniu czystosci\\n<br \/>\n\u2022 \u015brednica ostrza 250 mm\\n<br \/>\n\u2022 grubo\u015b\u0107 krojonego plastra 0 \u2013 8 mm\\n<br \/>\n\u2022 maksymalne gabaryty krojonego produktu: 200&#215;150 mm dla przekroju prostok\u0105tnego oraz 160 mm dla przekroju okr\u0105g\u0142ego<br \/>\n\u2022 zasilanie 230V i 50Hz, moc silnika 120W<\/p>\n","protected":false},"excerpt":{"rendered":"<p>Krajalnica grawitacyjna do w\u0119dlin i sera 110NTo doskona\u0142e rozwi\u0105zanie dla ma\u0142ych sklep\u00f3w spo\u017cywczych oraz niewielkich punkt\u00f3w gastronomicznych. Dzi\u0119ki no\u017cowi o \u015brednicy 250 mm, sprawnie poradzi sobie z krojeniem w\u0119dlin i ser\u00f3w, nawet w ograniczonej przestrzeni. \u2022 idealna do krojenia w\u0119dlin oraz ser\u00f3w twardych, mi\u0119kkich i w\u0119dzonych\\n \u2022 n\u00f3\u017c, pokrywa no\u017ca i p\u0142yta oporowa pokryte teflonem\\n [&hellip;]<\/p>\n","protected":false},"featured_media":75550,"template":"","meta":{"_et_pb_use_builder":"","_et_pb_old_content":"","_et_gb_content_width":""},"pwb-brand":[1110],"product_brand":[],"product_cat":[433],"product_tag":[],"class_list":{"0":"post-67446","1":"product","2":"type-product","3":"status-publish","4":"has-post-thumbnail","6":"pwb-brand-ma-ga","7":"product_cat-krajalnice-grawitacyjne","9":"first","10":"instock","11":"taxable","12":"shipping-taxable","13":"purchasable","14":"product-type-simple"},"brands":[{"id":1110,"name":"Ma-Ga","slug":"ma-ga"}],"_links":{"self":[{"href":"https:\/\/www.multifrigo.pl\/sklep\/wp-json\/wp\/v2\/product\/67446","targetHints":{"allow":["GET"]}}],"collection":[{"href":"https:\/\/www.multifrigo.pl\/sklep\/wp-json\/wp\/v2\/product"}],"about":[{"href":"https:\/\/www.multifrigo.pl\/sklep\/wp-json\/wp\/v2\/types\/product"}],"wp:featuredmedia":[{"embeddable":true,"href":"https:\/\/www.multifrigo.pl\/sklep\/wp-json\/wp\/v2\/media\/75550"}],"wp:attachment":[{"href":"https:\/\/www.multifrigo.pl\/sklep\/wp-json\/wp\/v2\/media?parent=67446"}],"wp:term":[{"taxonomy":"pwb-brand","embeddable":true,"href":"https:\/\/www.multifrigo.pl\/sklep\/wp-json\/wp\/v2\/pwb-brand?post=67446"},{"taxonomy":"product_brand","embeddable":true,"href":"https:\/\/www.multifrigo.pl\/sklep\/wp-json\/wp\/v2\/product_brand?post=67446"},{"taxonomy":"product_cat","embeddable":true,"href":"https:\/\/www.multifrigo.pl\/sklep\/wp-json\/wp\/v2\/product_cat?post=67446"},{"taxonomy":"product_tag","embeddable":true,"href":"https:\/\/www.multifrigo.pl\/sklep\/wp-json\/wp\/v2\/product_tag?post=67446"}],"curies":[{"name":"wp","href":"https:\/\/api.w.org\/{rel}","templated":true}]}}