{"id":67451,"date":"2025-05-27T09:38:20","date_gmt":"2025-05-27T09:38:20","guid":{"rendered":"https:\/\/www.multifrigo.pl\/sklep\/produkt\/krajalnica-grawitacyjna-do-wedlin-612p-ma-ga\/"},"modified":"2026-04-01T12:57:03","modified_gmt":"2026-04-01T12:57:03","slug":"krajalnica-grawitacyjna-do-wedlin-612p-ma-ga","status":"publish","type":"product","link":"https:\/\/www.multifrigo.pl\/sklep\/produkt\/krajalnica-grawitacyjna-do-wedlin-612p-ma-ga\/","title":{"rendered":"Krajalnica grawitacyjna do w\u0119dlin 612p | Ma-Ga"},"content":{"rendered":"<h4>Krajalnica grawitacyjna do w\u0119dlin 612p dla profesjonalist\u00f3w.<br \/>Od lat cieszy si\u0119 zaufaniem pokole\u0144 u\u017cytkownik\u00f3w \u2013 to sprawdzony wyb\u00f3r w tysi\u0105cach sklep\u00f3w spo\u017cywczych i w\u0119dliniarskich w ca\u0142ej Polsce. Dzi\u0119ki zastosowaniu no\u017cy ze stali nierdzewnej o \u015brednicy 300 mm oraz element\u00f3w mosi\u0119\u017cnych i wysokiej jako\u015bci detali aluminiowych, urz\u0105dzenie gwarantuje d\u0142ugotrwa\u0142\u0105 sprawno\u015b\u0107, odporno\u015b\u0107 na uszkodzenia i p\u0142ynn\u0105 prac\u0119 mechanicznych element\u00f3w.<\/h4>\n<p>\u2022 flagowy krajalnica, kt\u00f3rej zaufa\u0142y pokolenia klient\u00f3w<br \/>\n\u2022 najbardziej powszechny model krajalnicy w Polsce<br \/>\n\u2022 przeznaczona do u\u017cytku w cateringu, gastronomii i w zak\u0142adach zbiorowego \u017cywienia<br \/>\n\u2022 idealna do krojenia w\u0119dlin i mi\u0119sa bez ko\u015bci<br \/>\n\u2022 wykonana z materia\u0142\u00f3w nierdzewnych<br \/>\n\u2022 pochylone ostrze o \u015brednicy 300 mm<br \/>\n\u2022 maksymalne gabaryty krojonego produktu 190&#215;140 mm dla przekroju prostok\u0105tnego oraz 170 mm dla przekroju okr\u0105g\u0142ego<br \/>\n\u2022 grubo\u015b\u0107 krojonego plastra 0 &#8211; 24 mm<br \/>\n\u2022 wbudowana profesjonalna ostrzarka<br \/>\n\u2022 profesjonalna przek\u0142adnia \u015blimakowa<br \/>\n\u2022 rozstaw n\u00f3\u017cek krajalnicy: 310&#215;500 mm<br \/>\n\u2022 zasilanie jednofazowe 230 V<\/p>\n","protected":false},"excerpt":{"rendered":"<p>Topowa krajalnica r\u0119czna do w\u0119dlin 612p z no\u017cem 300mm na sklepy wielkopowierzchniowe i do najbardziej wymagaj\u0105cych prac dzi\u0119ki zastosowaniu niezawodnej przek\u0142adni \u015blimakowej i wykonaniu ze stali nierdzewnej.<\/p>\n","protected":false},"featured_media":29313,"template":"","meta":{"_et_pb_use_builder":"","_et_pb_old_content":"","_et_gb_content_width":""},"pwb-brand":[1110],"product_brand":[],"product_cat":[433],"product_tag":[],"class_list":{"0":"post-67451","1":"product","2":"type-product","3":"status-publish","4":"has-post-thumbnail","6":"pwb-brand-ma-ga","7":"product_cat-krajalnice-grawitacyjne","9":"first","10":"instock","11":"taxable","12":"shipping-taxable","13":"purchasable","14":"product-type-simple"},"brands":[{"id":1110,"name":"Ma-Ga","slug":"ma-ga"}],"_links":{"self":[{"href":"https:\/\/www.multifrigo.pl\/sklep\/wp-json\/wp\/v2\/product\/67451","targetHints":{"allow":["GET"]}}],"collection":[{"href":"https:\/\/www.multifrigo.pl\/sklep\/wp-json\/wp\/v2\/product"}],"about":[{"href":"https:\/\/www.multifrigo.pl\/sklep\/wp-json\/wp\/v2\/types\/product"}],"wp:featuredmedia":[{"embeddable":true,"href":"https:\/\/www.multifrigo.pl\/sklep\/wp-json\/wp\/v2\/media\/29313"}],"wp:attachment":[{"href":"https:\/\/www.multifrigo.pl\/sklep\/wp-json\/wp\/v2\/media?parent=67451"}],"wp:term":[{"taxonomy":"pwb-brand","embeddable":true,"href":"https:\/\/www.multifrigo.pl\/sklep\/wp-json\/wp\/v2\/pwb-brand?post=67451"},{"taxonomy":"product_brand","embeddable":true,"href":"https:\/\/www.multifrigo.pl\/sklep\/wp-json\/wp\/v2\/product_brand?post=67451"},{"taxonomy":"product_cat","embeddable":true,"href":"https:\/\/www.multifrigo.pl\/sklep\/wp-json\/wp\/v2\/product_cat?post=67451"},{"taxonomy":"product_tag","embeddable":true,"href":"https:\/\/www.multifrigo.pl\/sklep\/wp-json\/wp\/v2\/product_tag?post=67451"}],"curies":[{"name":"wp","href":"https:\/\/api.w.org\/{rel}","templated":true}]}}