{"id":67452,"date":"2025-05-27T09:38:24","date_gmt":"2025-05-27T09:38:24","guid":{"rendered":"https:\/\/www.multifrigo.pl\/sklep\/produkt\/krajalnica-polautomatyczna-do-wedlin-a2-812-ma-ga\/"},"modified":"2026-04-01T12:57:02","modified_gmt":"2026-04-01T12:57:02","slug":"krajalnica-polautomatyczna-do-wedlin-a2-812-ma-ga","status":"publish","type":"product","link":"https:\/\/www.multifrigo.pl\/sklep\/produkt\/krajalnica-polautomatyczna-do-wedlin-a2-812-ma-ga\/","title":{"rendered":"Krajalnica p\u00f3\u0142automatyczna do w\u0119dlin A2-812 | Ma-Ga"},"content":{"rendered":"<p><b>Krajalnica p\u00f3\u0142automatyczna do w\u0119dlin A2-812<\/b><br \/>\u2022 przeznaczona do u\u017cytku w du\u017cych sklepach, supermarketach, cateringu, gastronomii i w zak\u0142adach zbiorowego \u017cywienia<br \/>\n \u2022 skonstruowana w oparciu o najnowsze rozwi\u0105zania techniczne<br \/>\n \u2022 wyposa\u017cona w elektroniczny licznik krojonych plastr\u00f3w posiada funkcje: &#8211; liczenia plastr\u00f3w w trybie automatycznym &#8211; liczenia plastr\u00f3w w trybie r\u0119cznym &#8211; wy\u0142\u0105czenie maszyny w przypadku wykrycia braku materia\u0142u do ci\u0119cia &#8211; maksymalna ilo\u015b\u0107 zadanych plastr\u00f3w : 999. &#8211; po zrealizowaniu zadanej ilo\u015bci plastr\u00f3w krajalnica wy\u0142\u0105cza si\u0119 automatycznie<br \/>\n \u2022 w pracy automatycznej ze sta\u0142ym skokiem krojenia i licznikiem krojonych plastr\u00f3w jest precyzyjn\u0105 maszyn\u0105 umo\u017cliwiaj\u0105c\u0105 krojenie wszelkich w\u0119dlin<br \/>\n \u2022 tryby pracy automatycznej<br \/>\n \u2022 wykonana z materia\u0142\u00f3w nierdzewnych o du\u017cej g\u0142adko\u015bci<br \/>\n \u2022 pochylone ostrze o \u015brednicy \u00d8 300 mm<br \/>\n \u2022 idealny pochy\u0142 sto\u0142u podawczego do no\u017ca 45\u00b0<br \/>\n \u2022 st\u00f3\u0142 wyposa\u017cony w mechanizm dociskacza zapewniaj\u0105cy stabilno\u015b\u0107 po\u0142o\u017cenia krojonego produktu<br \/>\n \u2022 grubo\u015b\u0107 krojonego plastra 0 \u2013 24 mm<br \/>\n \u2022 wbudowana ostrzarka o najnowocze\u015bniejszym rozwi\u0105zaniu w zakresie konstrukcyjnym i materia\u0142owym<br \/>\n \u2022 zasilanie jednofazowe 230 V<\/p>\n","protected":false},"excerpt":{"rendered":"<p><strong>Krajalnica p\u00f3\u0142automatyczna do w\u0119dlin A2-812<\/strong><br \/>\n Skonstruowana w oparciu o najnowsze rozwi\u0105zania techniczne.<\/p>\n","protected":false},"featured_media":29314,"template":"","meta":{"_et_pb_use_builder":"","_et_pb_old_content":"","_et_gb_content_width":""},"pwb-brand":[1110],"product_brand":[],"product_cat":[660],"product_tag":[],"class_list":{"0":"post-67452","1":"product","2":"type-product","3":"status-publish","4":"has-post-thumbnail","6":"pwb-brand-ma-ga","7":"product_cat-krajalnice-polautomatyczne","9":"first","10":"instock","11":"taxable","12":"shipping-taxable","13":"purchasable","14":"product-type-simple"},"brands":[{"id":1110,"name":"Ma-Ga","slug":"ma-ga"}],"_links":{"self":[{"href":"https:\/\/www.multifrigo.pl\/sklep\/wp-json\/wp\/v2\/product\/67452","targetHints":{"allow":["GET"]}}],"collection":[{"href":"https:\/\/www.multifrigo.pl\/sklep\/wp-json\/wp\/v2\/product"}],"about":[{"href":"https:\/\/www.multifrigo.pl\/sklep\/wp-json\/wp\/v2\/types\/product"}],"wp:featuredmedia":[{"embeddable":true,"href":"https:\/\/www.multifrigo.pl\/sklep\/wp-json\/wp\/v2\/media\/29314"}],"wp:attachment":[{"href":"https:\/\/www.multifrigo.pl\/sklep\/wp-json\/wp\/v2\/media?parent=67452"}],"wp:term":[{"taxonomy":"pwb-brand","embeddable":true,"href":"https:\/\/www.multifrigo.pl\/sklep\/wp-json\/wp\/v2\/pwb-brand?post=67452"},{"taxonomy":"product_brand","embeddable":true,"href":"https:\/\/www.multifrigo.pl\/sklep\/wp-json\/wp\/v2\/product_brand?post=67452"},{"taxonomy":"product_cat","embeddable":true,"href":"https:\/\/www.multifrigo.pl\/sklep\/wp-json\/wp\/v2\/product_cat?post=67452"},{"taxonomy":"product_tag","embeddable":true,"href":"https:\/\/www.multifrigo.pl\/sklep\/wp-json\/wp\/v2\/product_tag?post=67452"}],"curies":[{"name":"wp","href":"https:\/\/api.w.org\/{rel}","templated":true}]}}