{"id":67454,"date":"2025-05-27T09:38:31","date_gmt":"2025-05-27T09:38:31","guid":{"rendered":"https:\/\/www.multifrigo.pl\/sklep\/produkt\/krajalnica-grawitacyjna-do-wedlin-i-sera-613p-premium-ma-ga\/"},"modified":"2026-04-01T12:57:03","modified_gmt":"2026-04-01T12:57:03","slug":"krajalnica-grawitacyjna-do-wedlin-i-sera-613p-premium-ma-ga","status":"publish","type":"product","link":"https:\/\/www.multifrigo.pl\/sklep\/produkt\/krajalnica-grawitacyjna-do-wedlin-i-sera-613p-premium-ma-ga\/","title":{"rendered":"Krajalnica grawitacyjna do w\u0119dlin i sera 613P PREMIUM | Ma-Ga"},"content":{"rendered":"<p><b>Krajalnica grawitacyjna do w\u0119dlin i sera 613P PREMIUM<\/b><br \/>\u2022 profesjonalna grawitacyjna krajalnica \u017cywno\u015bci<br \/>\n \u2022 przeznaczona do u\u017cytku w hipermarketach, supermarketach, du\u017cych sklepach, kuchniach, kantynach, cateringu, gastronomii i w zak\u0142adach zbiorowego \u017cywienia<br \/>\n \u2022 zapewniaj\u0105ca precyzyjne krojenie w\u0119dlin i ser\u00f3w o zr\u00f3\u017cnicowanej wielko\u015bci i kszta\u0142cie<br \/>\n \u2022 wyposa\u017cona w innowacyjn\u0105 i niezawodn\u0105 ostrzark\u0119<br \/>\n \u2022 umo\u017cliwiaj\u0105ca zdejmowanie i odchylanie sto\u0142u<br \/>\n \u2022 posiadaj\u0105ca praktyczny podno\u015bnik umo\u017cliwiaj\u0105cy \u0142atwe czyszczenie pod krajalnic\u0105<br \/>\n \u2022 gwarantuj\u0105ca lekki \u0142agodny i cichy posuw<br \/>\n \u2022 zapewniaj\u0105ca programowalne samoczynne wy\u0142\u0105czanie maszyny<br \/>\n \u2022 posiadaj\u0105ca n\u00f3\u017c ko\u0142owy o \u015brednicy \u00d8 330 mm<br \/>\n \u2022 maksymalne gabaryty krojonego produktu 240&#215;200 mm dla przekroju prostok\u0105tnego oraz 230 mm dla przekroju okr\u0105g\u0142ego<br \/>\n \u2022 wyprodukowana z podzespo\u0142\u00f3w wykonanych z zastosowaniem zrobotyzowanej obr\u00f3bki szlifiersko polerskiej oraz technologii ci\u0105gnienia aluminium<br \/>\n \u2022 \u0142atwa w utrzymaniu czysto\u015bci<br \/>\n \u2022 zapewniaj\u0105ca wysoki komfort obs\u0142ugi i bezpiecze\u0144stwa u\u017cytkowania<br \/>\n \u2022 wyposa\u017cona w silnik o mocy 0,5 kM<br \/>\n \u2022 zasilanie jednofazowe 230 V<\/p>\n","protected":false},"excerpt":{"rendered":"<p><strong>Krajalnica grawitacyjna do w\u0119dlin i sera 613P PREMIUM<\/strong><br \/>\n Profesjonalna grawitacyjna krajalnica \u017cywno\u015bci.<\/p>\n","protected":false},"featured_media":29316,"template":"","meta":{"_et_pb_use_builder":"","_et_pb_old_content":"","_et_gb_content_width":""},"pwb-brand":[1110],"product_brand":[],"product_cat":[1101,433],"product_tag":[],"class_list":{"0":"post-67454","1":"product","2":"type-product","3":"status-publish","4":"has-post-thumbnail","6":"pwb-brand-ma-ga","7":"product_cat-polecane","8":"product_cat-krajalnice-grawitacyjne","10":"first","11":"instock","12":"taxable","13":"shipping-taxable","14":"purchasable","15":"product-type-simple"},"brands":[{"id":1110,"name":"Ma-Ga","slug":"ma-ga"}],"_links":{"self":[{"href":"https:\/\/www.multifrigo.pl\/sklep\/wp-json\/wp\/v2\/product\/67454","targetHints":{"allow":["GET"]}}],"collection":[{"href":"https:\/\/www.multifrigo.pl\/sklep\/wp-json\/wp\/v2\/product"}],"about":[{"href":"https:\/\/www.multifrigo.pl\/sklep\/wp-json\/wp\/v2\/types\/product"}],"wp:featuredmedia":[{"embeddable":true,"href":"https:\/\/www.multifrigo.pl\/sklep\/wp-json\/wp\/v2\/media\/29316"}],"wp:attachment":[{"href":"https:\/\/www.multifrigo.pl\/sklep\/wp-json\/wp\/v2\/media?parent=67454"}],"wp:term":[{"taxonomy":"pwb-brand","embeddable":true,"href":"https:\/\/www.multifrigo.pl\/sklep\/wp-json\/wp\/v2\/pwb-brand?post=67454"},{"taxonomy":"product_brand","embeddable":true,"href":"https:\/\/www.multifrigo.pl\/sklep\/wp-json\/wp\/v2\/product_brand?post=67454"},{"taxonomy":"product_cat","embeddable":true,"href":"https:\/\/www.multifrigo.pl\/sklep\/wp-json\/wp\/v2\/product_cat?post=67454"},{"taxonomy":"product_tag","embeddable":true,"href":"https:\/\/www.multifrigo.pl\/sklep\/wp-json\/wp\/v2\/product_tag?post=67454"}],"curies":[{"name":"wp","href":"https:\/\/api.w.org\/{rel}","templated":true}]}}