{"id":67456,"date":"2025-05-27T09:38:41","date_gmt":"2025-05-27T09:38:41","guid":{"rendered":"https:\/\/www.multifrigo.pl\/sklep\/?post_type=product&#038;p=67456"},"modified":"2026-04-02T10:30:17","modified_gmt":"2026-04-02T10:30:17","slug":"wilk-do-miesa-wm22-ma-ga","status":"publish","type":"product","link":"https:\/\/www.multifrigo.pl\/sklep\/produkt\/wilk-do-miesa-wm22-ma-ga\/","title":{"rendered":"Wilk do mi\u0119sa WM22 | Ma-Ga"},"content":{"rendered":"<p><b>Wilk do mi\u0119sa WM22<\/b><br \/>\n<br \/>\n\u2022 innowacyjne urz\u0105dzenie modu\u0142owe \u2013 mo\u017cliwo\u015b\u0107 zastosowania trzech przystawek przy 1 nap\u0119dzie<br \/>\n\u2022 kompatybilny ze wszystkimi gardzielami z serii WM, modu\u0142em stekera mS-20 oraz modu\u0142em kotleciarki mK20<br \/>\n\u2022 przeznaczony do pracy ci\u0105g\u0142ej \u2022 nowoczesna konstrukcja i zastosowanie zdejmowanej gardzieli z zestawem tn\u0105cym zapewnia wysok\u0105 jako\u015b\u0107, niezawodno\u015b\u0107, wygodn\u0105 obs\u0142ug\u0119, \u0142atwo\u015b\u0107 utrzymania w czysto\u015bci oraz bezpiecze\u0144stwo u\u017cytkowania<br \/>\n\u2022 gardziel, \u015blimak, n\u00f3\u017c i sitko wykonane ze stali nierdzewnej<br \/>\n\u2022 niezawodny nap\u0119d w postaci stalowej przek\u0142adni z\u0119batej wype\u0142nionej smarem p\u00f3\u0142p\u0142ynnym daje du\u017c\u0105 \u017cywotno\u015b\u0107 przek\u0142adni oraz redukuje ha\u0142as<br \/>\n\u2022 wydajno\u015b\u0107 do 250 kg\/h<br \/>\n\u2022 \u015brednica sitka 82 mm<br \/>\n\u2022 dost\u0119pne sitka: 3, 4.5, 6, 8, 10 mm<\/p>\n","protected":false},"excerpt":{"rendered":"<p>Modu\u0142owe urz\u0105dzenie do mielenia mi\u0119sa surowego z serii WM do pracy ci\u0105g\u0142ej o ergonomicznych wymiarach i du\u017cej wydajno\u015bci<\/p>\n","protected":false},"featured_media":67488,"template":"","meta":{"_et_pb_use_builder":"","_et_pb_old_content":"","_et_gb_content_width":""},"pwb-brand":[1110],"product_brand":[],"product_cat":[1104],"product_tag":[],"class_list":{"0":"post-67456","1":"product","2":"type-product","3":"status-publish","4":"has-post-thumbnail","6":"pwb-brand-ma-ga","7":"product_cat-wilki-do-miesa","9":"first","10":"instock","11":"taxable","12":"shipping-taxable","13":"purchasable","14":"product-type-variable"},"brands":[{"id":1110,"name":"Ma-Ga","slug":"ma-ga"}],"_links":{"self":[{"href":"https:\/\/www.multifrigo.pl\/sklep\/wp-json\/wp\/v2\/product\/67456","targetHints":{"allow":["GET"]}}],"collection":[{"href":"https:\/\/www.multifrigo.pl\/sklep\/wp-json\/wp\/v2\/product"}],"about":[{"href":"https:\/\/www.multifrigo.pl\/sklep\/wp-json\/wp\/v2\/types\/product"}],"wp:featuredmedia":[{"embeddable":true,"href":"https:\/\/www.multifrigo.pl\/sklep\/wp-json\/wp\/v2\/media\/67488"}],"wp:attachment":[{"href":"https:\/\/www.multifrigo.pl\/sklep\/wp-json\/wp\/v2\/media?parent=67456"}],"wp:term":[{"taxonomy":"pwb-brand","embeddable":true,"href":"https:\/\/www.multifrigo.pl\/sklep\/wp-json\/wp\/v2\/pwb-brand?post=67456"},{"taxonomy":"product_brand","embeddable":true,"href":"https:\/\/www.multifrigo.pl\/sklep\/wp-json\/wp\/v2\/product_brand?post=67456"},{"taxonomy":"product_cat","embeddable":true,"href":"https:\/\/www.multifrigo.pl\/sklep\/wp-json\/wp\/v2\/product_cat?post=67456"},{"taxonomy":"product_tag","embeddable":true,"href":"https:\/\/www.multifrigo.pl\/sklep\/wp-json\/wp\/v2\/product_tag?post=67456"}],"curies":[{"name":"wp","href":"https:\/\/api.w.org\/{rel}","templated":true}]}}