{"id":67458,"date":"2025-05-27T09:38:47","date_gmt":"2025-05-27T09:38:47","guid":{"rendered":"https:\/\/www.multifrigo.pl\/sklep\/produkt\/pila-do-miesa-pm-1550-s-ma-ga\/"},"modified":"2026-04-01T12:57:04","modified_gmt":"2026-04-01T12:57:04","slug":"pila-do-miesa-pm-1550-s-ma-ga","status":"publish","type":"product","link":"https:\/\/www.multifrigo.pl\/sklep\/produkt\/pila-do-miesa-pm-1550-s-ma-ga\/","title":{"rendered":"Pi\u0142a do mi\u0119sa PM 1550 S | Ma-Ga"},"content":{"rendered":"<p><b>Pi\u0142a do mi\u0119sa PM 1550 S<\/b><br \/>\u2022 wykonana w ca\u0142o\u015bci ze stali nierdzewnej<br \/>\n \u2022 idealna do ci\u0119cia \u015bwie\u017cego, sch\u0142odzonego lub zamro\u017conego mi\u0119sa z ko\u015bci\u0105 lub bez ko\u015bci, drobiu oraz ryb<br \/>\n \u2022 znajduje zastosowanie do porcjowania mi\u0119sa w supermarketach i marketach, sklepach mi\u0119snych, zak\u0142adach przetw\u00f3rstwa mi\u0119snego, zak\u0142adach przetw\u00f3rstwa rybnego, du\u017cych kuchniach, restauracjach i zak\u0142adach gastronomicznych<br \/>\n \u2022 zapewnia wysok\u0105 jako\u015b\u0107 ci\u0119cia dzi\u0119ki precyzyjnemu prowadzeniu ta\u015bmy<br \/>\n \u2022 du\u017ca powierzchnia sto\u0142u roboczego gwarantuj\u0105ca wygod\u0119 porcjowania produkt\u00f3w<br \/>\n \u2022 zapewnia wysokie bezpiecze\u0144stwo pracy dzi\u0119ki zastosowaniu przycisku awaryjnego, wy\u0142\u0105cznika bezpiecze\u0144stwa<br \/>\n \u2022 prosta i \u0142atwa w obs\u0142udze<br \/>\n \u2022 \u0142atwa w czyszczeniu i prosta w konserwacji<br \/>\n \u2022 zasilanie jednofazowe 230V\/50Hz<\/p>\n","protected":false},"excerpt":{"rendered":"<p>Pi\u0142a do ci\u0119cia ko\u015bci PM 1550 S z brzeszczotem 155 cm do pracy przerywanej na sklepy wielkopowierzchniowe, bardzo bezpieczna w osb\u0142udz\u0119 i wykonana ze stali nierdzewnej<\/p>\n","protected":false},"featured_media":29319,"template":"","meta":{"_et_pb_use_builder":"","_et_pb_old_content":"","_et_gb_content_width":""},"pwb-brand":[1110],"product_brand":[],"product_cat":[662],"product_tag":[],"class_list":{"0":"post-67458","1":"product","2":"type-product","3":"status-publish","4":"has-post-thumbnail","6":"pwb-brand-ma-ga","7":"product_cat-pily-do-kosci-i-miesa","9":"first","10":"instock","11":"taxable","12":"shipping-taxable","13":"purchasable","14":"product-type-simple"},"brands":[{"id":1110,"name":"Ma-Ga","slug":"ma-ga"}],"_links":{"self":[{"href":"https:\/\/www.multifrigo.pl\/sklep\/wp-json\/wp\/v2\/product\/67458","targetHints":{"allow":["GET"]}}],"collection":[{"href":"https:\/\/www.multifrigo.pl\/sklep\/wp-json\/wp\/v2\/product"}],"about":[{"href":"https:\/\/www.multifrigo.pl\/sklep\/wp-json\/wp\/v2\/types\/product"}],"wp:featuredmedia":[{"embeddable":true,"href":"https:\/\/www.multifrigo.pl\/sklep\/wp-json\/wp\/v2\/media\/29319"}],"wp:attachment":[{"href":"https:\/\/www.multifrigo.pl\/sklep\/wp-json\/wp\/v2\/media?parent=67458"}],"wp:term":[{"taxonomy":"pwb-brand","embeddable":true,"href":"https:\/\/www.multifrigo.pl\/sklep\/wp-json\/wp\/v2\/pwb-brand?post=67458"},{"taxonomy":"product_brand","embeddable":true,"href":"https:\/\/www.multifrigo.pl\/sklep\/wp-json\/wp\/v2\/product_brand?post=67458"},{"taxonomy":"product_cat","embeddable":true,"href":"https:\/\/www.multifrigo.pl\/sklep\/wp-json\/wp\/v2\/product_cat?post=67458"},{"taxonomy":"product_tag","embeddable":true,"href":"https:\/\/www.multifrigo.pl\/sklep\/wp-json\/wp\/v2\/product_tag?post=67458"}],"curies":[{"name":"wp","href":"https:\/\/api.w.org\/{rel}","templated":true}]}}