{"id":67461,"date":"2025-05-27T09:39:00","date_gmt":"2025-05-27T09:39:00","guid":{"rendered":"https:\/\/www.multifrigo.pl\/sklep\/produkt\/szatkownica-do-warzyw-mkj3-250-2-230-v-ma-ga\/"},"modified":"2026-04-01T12:57:05","modified_gmt":"2026-04-01T12:57:05","slug":"szatkownica-do-warzyw-mkj3-250-2-230-v-ma-ga","status":"publish","type":"product","link":"https:\/\/www.multifrigo.pl\/sklep\/produkt\/szatkownica-do-warzyw-mkj3-250-2-230-v-ma-ga\/","title":{"rendered":"Szatkownica do warzyw MKJ3-250.2 (230 V) | Ma-Ga"},"content":{"rendered":"<p><b>Szatkownica do warzyw MKJ3-250.2<\/b><br \/><b>Wszechstronna i wydajna szatkownica dla profesjonalist\u00f3w<\/b><br \/>\n<br \/>Szatkownica MKJ3-250.2 (230V) to niezawodne, wielofunkcyjne urz\u0105dzenie zaprojektowane do szybkiego i precyzyjnego szatkowania warzyw i owoc\u00f3w. Szeroki wyb\u00f3r tarcz tn\u0105cych pozwala na krojenie na plastry, wi\u00f3rki, kostk\u0119, frytki oraz miazg\u0119, dzi\u0119ki czemu przygotowywanie sa\u0142atek warzywnych oraz obr\u00f3bka surowc\u00f3w staj\u0105 si\u0119 znacznie \u0142atwiejsze i bardziej efektywne.<\/p>\n<p>\u2022 regulacja obrot\u00f3w gwarantuje precyzyjne rozdrabnianie mi\u0119kkich produkt\u00f3w<br \/>\n\u2022 wyposa\u017cona w dyski ewakuacyjne oddzielnie dla tarczy i kostek<br \/>\n\u2022 przeznaczona do szatkowania warzyw i owoc\u00f3w oraz do rozdrabniania sera<br \/>\n\u2022 zaprojektowana do zastosowania w ma\u0142ych i du\u017cych plac\u00f3wkach zbiorowego \u017cywienia (\u017c\u0142obki, przedszkola, szko\u0142y, szpitale, jednostki wojskowe), cateringu, hotelach, sto\u0142\u00f3wkach, pizzeriach, barach sa\u0142atkowych, barach szybkiej obs\u0142ugi oraz w ma\u0142ych zak\u0142adach przetw\u00f3rstwa owocowo \u2013 warzywnego<br \/>\n\u2022 du\u017cy wsyp i koryto, o g\u0142adkich powierzchniach i zaokr\u0105glonych brzegach, mieszcz\u0105ce wi\u0119kszo\u015b\u0107 produkt\u00f3w w ca\u0142o\u015bci<br \/>\n\u2022 tarcze tn\u0105ce nap\u0119dzane bezpo\u015brednio przez mocny silnik z przek\u0142adni\u0105 \u015blimakow\u0105, zapewniaj\u0105ce wysok\u0105 niezawodno\u015b\u0107 urz\u0105dzenia<br \/>\n\u2022 \u0142atwa wymiana tarcz tn\u0105cych dzi\u0119ki zastosowaniu zamka bagnetowego<br \/>\n\u2022 szeroki asortyment tarcz tn\u0105cych obejmuj\u0105cy plastry, plastry faliste, plastry regulowane, s\u0142upki, frytki, wi\u00f3rki, miazg\u0119, kostk\u0119, tarcze sierpowe, wyposa\u017conych w wymienne ostrza i elementy \u015bcierne wykonane z wysokiej jako\u015bci stali nierdzewnej, hartowane i precyzyjnie ostrzone<br \/>\n\u2022 tarcze kostki dostosowane do szatkowania warzyw surowych i gotowanych<br \/>\n\u2022 urz\u0105dzenie wyposa\u017cone w magnetyczny system bezpiecze\u0144stwa<br \/>\n\u2022 wykonana z materia\u0142\u00f3w nierdzewnych, w spos\u00f3b umo\u017cliwiaj\u0105cy \u0142atwe czyszczenie urz\u0105dzenia<br \/>\n\u2022 prosta i \u0142atwa w obs\u0142udze serwisowej<br \/>\n\u2022 wydajno\u015b\u0107 do 300kg na godzin\u0119<br \/>\n\u2022 \u015brednica tarcz 260mm<br \/>\n\u2022 zasilanie 230V\/50Hz, moc silnika 0,55kW<\/p>\n","protected":false},"excerpt":{"rendered":"<p>Szatkownica do warzyw i owoc\u00f3w z serii MKJ III z wbudowan\u0105 regulacj\u0105 obrot\u00f3w (do specyficznych i mi\u0119kkich produkt\u00f3w) o niezawodnej technologii z zasilaniem jednofazowym 230V. Przek\u0142adnia \u015blimakowa i 30 r\u00f3\u017cnych tarcz do wyboru !<\/p>\n","protected":false},"featured_media":29322,"template":"","meta":{"_et_pb_use_builder":"","_et_pb_old_content":"","_et_gb_content_width":""},"pwb-brand":[1110],"product_brand":[],"product_cat":[655],"product_tag":[],"class_list":{"0":"post-67461","1":"product","2":"type-product","3":"status-publish","4":"has-post-thumbnail","6":"pwb-brand-ma-ga","7":"product_cat-szatkownice-do-warzyw","9":"first","10":"instock","11":"taxable","12":"shipping-taxable","13":"purchasable","14":"product-type-simple"},"brands":[{"id":1110,"name":"Ma-Ga","slug":"ma-ga"}],"_links":{"self":[{"href":"https:\/\/www.multifrigo.pl\/sklep\/wp-json\/wp\/v2\/product\/67461","targetHints":{"allow":["GET"]}}],"collection":[{"href":"https:\/\/www.multifrigo.pl\/sklep\/wp-json\/wp\/v2\/product"}],"about":[{"href":"https:\/\/www.multifrigo.pl\/sklep\/wp-json\/wp\/v2\/types\/product"}],"wp:featuredmedia":[{"embeddable":true,"href":"https:\/\/www.multifrigo.pl\/sklep\/wp-json\/wp\/v2\/media\/29322"}],"wp:attachment":[{"href":"https:\/\/www.multifrigo.pl\/sklep\/wp-json\/wp\/v2\/media?parent=67461"}],"wp:term":[{"taxonomy":"pwb-brand","embeddable":true,"href":"https:\/\/www.multifrigo.pl\/sklep\/wp-json\/wp\/v2\/pwb-brand?post=67461"},{"taxonomy":"product_brand","embeddable":true,"href":"https:\/\/www.multifrigo.pl\/sklep\/wp-json\/wp\/v2\/product_brand?post=67461"},{"taxonomy":"product_cat","embeddable":true,"href":"https:\/\/www.multifrigo.pl\/sklep\/wp-json\/wp\/v2\/product_cat?post=67461"},{"taxonomy":"product_tag","embeddable":true,"href":"https:\/\/www.multifrigo.pl\/sklep\/wp-json\/wp\/v2\/product_tag?post=67461"}],"curies":[{"name":"wp","href":"https:\/\/api.w.org\/{rel}","templated":true}]}}