{"id":67463,"date":"2025-05-27T09:39:10","date_gmt":"2025-05-27T09:39:10","guid":{"rendered":"https:\/\/www.multifrigo.pl\/sklep\/produkt\/wilk-do-miesa-z-ungerem-3-elementowym-wm22-2-u3-230-v-ma-ga\/"},"modified":"2026-04-01T12:57:04","modified_gmt":"2026-04-01T12:57:04","slug":"wilk-do-miesa-z-ungerem-3-elementowym-wm22-2-u3-230-v-ma-ga","status":"publish","type":"product","link":"https:\/\/www.multifrigo.pl\/sklep\/produkt\/wilk-do-miesa-z-ungerem-3-elementowym-wm22-2-u3-230-v-ma-ga\/","title":{"rendered":"Wilk do mi\u0119sa z UNGEREM 3-elementowym WM22.2-U3 230 V | Ma-Ga"},"content":{"rendered":"<h4>Wilk WM22.2-U3 to profesjonalne urz\u0105dzenia przeznaczone do intensywnej pracy w sklepach mi\u0119snych, gastronomii i zak\u0142adach przetw\u00f3rstwa spo\u017cywczego. Wyposa\u017cone w system tn\u0105cy typu Unger (sitko + n\u00f3\u017c + sitko), gwarantuj\u0105 precyzyjne i efektywne mielenie mi\u0119sa bez ko\u015bci oraz innych produkt\u00f3w spo\u017cywczych.<\/h4>\n<p>\u2022 profesjonalne urz\u0105dzenie do rozdrabniania mi\u0119sa,\\n<br \/>\n\u2022 przeznaczona do u\u017cytku w miejscach o du\u017cym przerobie mi\u0119sa\\n<br \/>\n\u2022 wydajno\u015b\u0107 do 300 kg\/h<br \/>\n\u2022 \u015brednica sitka 81,5 mm<br \/>\n\u2022 zdejmowana gardziel i taca za\u0142adowcza<br \/>\n\u2022 bieg wsteczny\\n<br \/>\n\u2022 wst\u0119pne rozdrobnienie za pomoc\u0105 szarpaka\\n<br \/>\n\u2022 niezawodna przek\u0142adnia \u015blimakowa\\n<br \/>\n\u2022 dost\u0119pne sitka: 3, 4.5, 6, 8, 10 mm<br \/>\n\u2022 zasilanie 230V \\n<br \/>\n\u2022 \u0142atwy w utrzymaniu czysto\u015bci\\n<br \/>\n\u2022 du\u017ca wydajno\u015b\u0107 przetwarzania\\n<br \/>\n\u2022 wysoki komfort obs\u0142ugi i bezpiecze\u0144stwa u\u017cytkowania<\/p>\n","protected":false},"excerpt":{"rendered":"<p>Urz\u0105dzenie do mielenia surowego mi\u0119sa WM22-U3 z szarpakiem Unger oraz biegiem wstecznym dla wymagaj\u0105cych u\u017cytkownik\u00f3w, zasilanie tr\u00f3jfazowe 230V<\/p>\n","protected":false},"featured_media":29324,"template":"","meta":{"_et_pb_use_builder":"","_et_pb_old_content":"","_et_gb_content_width":""},"pwb-brand":[1110],"product_brand":[],"product_cat":[1104],"product_tag":[],"class_list":{"0":"post-67463","1":"product","2":"type-product","3":"status-publish","4":"has-post-thumbnail","6":"pwb-brand-ma-ga","7":"product_cat-wilki-do-miesa","9":"first","10":"instock","11":"taxable","12":"shipping-taxable","13":"purchasable","14":"product-type-simple"},"brands":[{"id":1110,"name":"Ma-Ga","slug":"ma-ga"}],"_links":{"self":[{"href":"https:\/\/www.multifrigo.pl\/sklep\/wp-json\/wp\/v2\/product\/67463","targetHints":{"allow":["GET"]}}],"collection":[{"href":"https:\/\/www.multifrigo.pl\/sklep\/wp-json\/wp\/v2\/product"}],"about":[{"href":"https:\/\/www.multifrigo.pl\/sklep\/wp-json\/wp\/v2\/types\/product"}],"wp:featuredmedia":[{"embeddable":true,"href":"https:\/\/www.multifrigo.pl\/sklep\/wp-json\/wp\/v2\/media\/29324"}],"wp:attachment":[{"href":"https:\/\/www.multifrigo.pl\/sklep\/wp-json\/wp\/v2\/media?parent=67463"}],"wp:term":[{"taxonomy":"pwb-brand","embeddable":true,"href":"https:\/\/www.multifrigo.pl\/sklep\/wp-json\/wp\/v2\/pwb-brand?post=67463"},{"taxonomy":"product_brand","embeddable":true,"href":"https:\/\/www.multifrigo.pl\/sklep\/wp-json\/wp\/v2\/product_brand?post=67463"},{"taxonomy":"product_cat","embeddable":true,"href":"https:\/\/www.multifrigo.pl\/sklep\/wp-json\/wp\/v2\/product_cat?post=67463"},{"taxonomy":"product_tag","embeddable":true,"href":"https:\/\/www.multifrigo.pl\/sklep\/wp-json\/wp\/v2\/product_tag?post=67463"}],"curies":[{"name":"wp","href":"https:\/\/api.w.org\/{rel}","templated":true}]}}