{"id":67466,"date":"2025-05-27T09:39:23","date_gmt":"2025-05-27T09:39:23","guid":{"rendered":"https:\/\/www.multifrigo.pl\/sklep\/produkt\/krajalnica-grawitacyjna-do-sera-310p2t-ma-ga\/"},"modified":"2026-04-01T12:57:02","modified_gmt":"2026-04-01T12:57:02","slug":"krajalnica-grawitacyjna-do-sera-310p2t-ma-ga","status":"publish","type":"product","link":"https:\/\/www.multifrigo.pl\/sklep\/produkt\/krajalnica-grawitacyjna-do-sera-310p2t-ma-ga\/","title":{"rendered":"Krajalnica grawitacyjna do w\u0119dlin i sera 310p2T | Ma-Ga"},"content":{"rendered":"<p><b>Krajalnica grawitacyjna do w\u0119dlin i sera 310p2T<\/b><\/p>\n<p> \u2022 przeznaczona do u\u017cytku w sklepach, cateringu i gastronomii<br \/>\n \u2022 idealna do krojenia sera<br \/>\n \u2022 wykonana z materia\u0142\u00f3w nierdzewnych<br \/>\n \u2022 n\u00f3\u017c, pokrywa no\u017ca i p\u0142yta oporowa pokryte teflonem<br \/>\n \u2022 pochylone ostrze o \u015brednicy 250 mm<br \/>\n \u2022 zasilanie jednofazowe 230 Vie sto\u0142u podawczego do no\u017ca 45\u00b0<br \/>\n \u2022 wymiary sto\u0142u 220 x 200mm<br \/>\n \u2022 grubo\u015b\u0107 krojonego plastra 0 \u2013 16 mm<br \/>\n \u2022 wbudowana ostrzarka<br \/>\n \u2022 niezawodna przek\u0142adnia \u015blimakowa<br \/>\n \u2022 zasilanie jednofazowe 230 V<\/p>\n","protected":false},"excerpt":{"rendered":"<p>Krajalnica r\u0119czna z no\u017cem 250mm o kompaktowych rozmiarach z niezawodn\u0105 przek\u0142adni\u0105 \u015blimakow\u0105 i wykonaniu ze stali nierdzewnej, idealna na mniejsze sklepy czy do gastronomii.<\/p>\n","protected":false},"featured_media":29327,"template":"","meta":{"_et_pb_use_builder":"","_et_pb_old_content":"","_et_gb_content_width":""},"pwb-brand":[1110],"product_brand":[],"product_cat":[433],"product_tag":[],"class_list":{"0":"post-67466","1":"product","2":"type-product","3":"status-publish","4":"has-post-thumbnail","6":"pwb-brand-ma-ga","7":"product_cat-krajalnice-grawitacyjne","9":"first","10":"instock","11":"taxable","12":"shipping-taxable","13":"purchasable","14":"product-type-simple"},"brands":[{"id":1110,"name":"Ma-Ga","slug":"ma-ga"}],"_links":{"self":[{"href":"https:\/\/www.multifrigo.pl\/sklep\/wp-json\/wp\/v2\/product\/67466","targetHints":{"allow":["GET"]}}],"collection":[{"href":"https:\/\/www.multifrigo.pl\/sklep\/wp-json\/wp\/v2\/product"}],"about":[{"href":"https:\/\/www.multifrigo.pl\/sklep\/wp-json\/wp\/v2\/types\/product"}],"wp:featuredmedia":[{"embeddable":true,"href":"https:\/\/www.multifrigo.pl\/sklep\/wp-json\/wp\/v2\/media\/29327"}],"wp:attachment":[{"href":"https:\/\/www.multifrigo.pl\/sklep\/wp-json\/wp\/v2\/media?parent=67466"}],"wp:term":[{"taxonomy":"pwb-brand","embeddable":true,"href":"https:\/\/www.multifrigo.pl\/sklep\/wp-json\/wp\/v2\/pwb-brand?post=67466"},{"taxonomy":"product_brand","embeddable":true,"href":"https:\/\/www.multifrigo.pl\/sklep\/wp-json\/wp\/v2\/product_brand?post=67466"},{"taxonomy":"product_cat","embeddable":true,"href":"https:\/\/www.multifrigo.pl\/sklep\/wp-json\/wp\/v2\/product_cat?post=67466"},{"taxonomy":"product_tag","embeddable":true,"href":"https:\/\/www.multifrigo.pl\/sklep\/wp-json\/wp\/v2\/product_tag?post=67466"}],"curies":[{"name":"wp","href":"https:\/\/api.w.org\/{rel}","templated":true}]}}