{"id":67469,"date":"2025-05-27T09:39:36","date_gmt":"2025-05-27T09:39:36","guid":{"rendered":"https:\/\/www.multifrigo.pl\/sklep\/produkt\/krajalnica-polautomatyczna-do-sera-s3-712t-ma-ga\/"},"modified":"2026-04-01T12:57:02","modified_gmt":"2026-04-01T12:57:02","slug":"krajalnica-polautomatyczna-do-sera-s3-712t-ma-ga","status":"publish","type":"product","link":"https:\/\/www.multifrigo.pl\/sklep\/produkt\/krajalnica-polautomatyczna-do-sera-s3-712t-ma-ga\/","title":{"rendered":"Krajalnica p\u00f3\u0142automatyczna do sera S3-712T | Ma-Ga"},"content":{"rendered":"<p><b>Krajalnica p\u00f3\u0142automatyczna do sera S3-712T<\/b><br \/>\u2022 przeznaczona do u\u017cytku w du\u017cych sklepach, supermarketach, cateringu, gastronomii i w zak\u0142adach zbiorowego \u017cywienia<br \/>\n \u2022 idealna do krojenia sera,<br \/>\n \u2022 skonstruowana w oparciu o najnowsze rozwi\u0105zania techniczne,<br \/>\n \u2022 wyposa\u017cona w panel sterowania umo\u017cliwiaj\u0105ca wyb\u00f3r 1 z 4 zdefiniowanych pr\u0119dko\u015bci przesuwu sto\u0142u w trybie p\u00f3\u0142automatycznym i r\u0119cznym oraz ustawienie 1 z 4 okre\u015blonych d\u0142ugo\u015bci skoku sto\u0142u w trybie p\u00f3\u0142automatycznym,<br \/>\n \u2022 wyposa\u017cona w funkcj\u0119 wspomagaj\u0105c\u0105 krojenie r\u0119czne realizowan\u0105 za pomoc\u0105 Joysticka<br \/>\n \u2022 wyposa\u017cona w mechanizm wykrywania braku materia\u0142u do ci\u0119cia zatrzymuj\u0105cy prac\u0119 maszyny w cyklu p\u00f3\u0142automatycznym,<br \/>\n \u2022 maksymalnie prosta i lekka w obs\u0142udze,<br \/>\n \u2022 st\u00f3\u0142 wyposa\u017cony w mechanizmy zapewniaj\u0105ce stabilno\u015b\u0107 po\u0142o\u017cenia krojonego produktu,<br \/>\n \u2022 wydajno\u015b\u0107 krojenia w trybie p\u00f3\u0142automatycznym przy minimalnym skoku 60 plastr\u00f3w\/min a w trybie krojenia r\u0119cznego ze wspomaganiem zale\u017cna od obs\u0142ugi operatora,<br \/>\n \u2022 wykonana z materia\u0142\u00f3w nierdzewnych o du\u017cej g\u0142adko\u015bci<br \/>\n \u2022 n\u00f3\u017c, pokrywa no\u017ca i p\u0142yta oporowa pokryte teflonem<br \/>\n \u2022 pochylone ostrze o \u015brednicy \u00d8 300 mm<br \/>\n \u2022 idealny pochy\u0142 sto\u0142u<br \/>\n \u2022 podawczego do no\u017ca 45\u00b0<br \/>\n \u2022 grubo\u015b\u0107 krojonego plastra 0 \u2013 24mm<br \/>\n \u2022 wbudowana ostrzarka o najnowocze\u015bniejszym rozwi\u0105zaniu w zakresie konstrukcyjnym i materia\u0142owym<br \/>\n \u2022 zasilanie jednofazowe 230 V<\/p>\n","protected":false},"excerpt":{"rendered":"<p><strong>Krajalnica p\u00f3\u0142automatyczna do sera S3-712T<\/strong><br \/>\n Idealna do krojenia sera.<\/p>\n","protected":false},"featured_media":29330,"template":"","meta":{"_et_pb_use_builder":"","_et_pb_old_content":"","_et_gb_content_width":""},"pwb-brand":[1110],"product_brand":[],"product_cat":[660],"product_tag":[],"class_list":{"0":"post-67469","1":"product","2":"type-product","3":"status-publish","4":"has-post-thumbnail","6":"pwb-brand-ma-ga","7":"product_cat-krajalnice-polautomatyczne","9":"first","10":"instock","11":"taxable","12":"shipping-taxable","13":"purchasable","14":"product-type-simple"},"brands":[{"id":1110,"name":"Ma-Ga","slug":"ma-ga"}],"_links":{"self":[{"href":"https:\/\/www.multifrigo.pl\/sklep\/wp-json\/wp\/v2\/product\/67469","targetHints":{"allow":["GET"]}}],"collection":[{"href":"https:\/\/www.multifrigo.pl\/sklep\/wp-json\/wp\/v2\/product"}],"about":[{"href":"https:\/\/www.multifrigo.pl\/sklep\/wp-json\/wp\/v2\/types\/product"}],"wp:featuredmedia":[{"embeddable":true,"href":"https:\/\/www.multifrigo.pl\/sklep\/wp-json\/wp\/v2\/media\/29330"}],"wp:attachment":[{"href":"https:\/\/www.multifrigo.pl\/sklep\/wp-json\/wp\/v2\/media?parent=67469"}],"wp:term":[{"taxonomy":"pwb-brand","embeddable":true,"href":"https:\/\/www.multifrigo.pl\/sklep\/wp-json\/wp\/v2\/pwb-brand?post=67469"},{"taxonomy":"product_brand","embeddable":true,"href":"https:\/\/www.multifrigo.pl\/sklep\/wp-json\/wp\/v2\/product_brand?post=67469"},{"taxonomy":"product_cat","embeddable":true,"href":"https:\/\/www.multifrigo.pl\/sklep\/wp-json\/wp\/v2\/product_cat?post=67469"},{"taxonomy":"product_tag","embeddable":true,"href":"https:\/\/www.multifrigo.pl\/sklep\/wp-json\/wp\/v2\/product_tag?post=67469"}],"curies":[{"name":"wp","href":"https:\/\/api.w.org\/{rel}","templated":true}]}}