{"id":67657,"date":"2025-05-30T12:15:48","date_gmt":"2025-05-30T12:15:48","guid":{"rendered":"https:\/\/www.multifrigo.pl\/sklep\/produkt\/piec-konwekcyjno-parowy-cheftop-x-digital-id-6-gn-1-1-elektryczny-unox-xeda-0611-exrs\/"},"modified":"2025-11-18T22:10:22","modified_gmt":"2025-11-18T22:10:22","slug":"piec-konwekcyjno-parowy-cheftop-x-digital-id-6-gn-1-1-elektryczny-unox-xeda-0611-exrs","status":"publish","type":"product","link":"https:\/\/www.multifrigo.pl\/sklep\/produkt\/piec-konwekcyjno-parowy-cheftop-x-digital-id-6-gn-1-1-elektryczny-unox-xeda-0611-exrs\/","title":{"rendered":"Piec konwekcyjno-parowy CHEFTOP-X Digital.ID 6 GN 1\/1 Elektryczny | Unox XEDA-0611-EXRS"},"content":{"rendered":"<p>CHEFTOP-X Digital.ID Profesjonalny, wysokowydajny piec konwekcyjno-parowy wyposa\u017cony w najnowocze\u015bniejszy system operacyjny i inteligentn\u0105 technologi\u0119 zaprojektowan\u0105 tak, aby doskonale obs\u0142ugiwa\u0107 ka\u017cdy proces gotowania w gastronomii, ciastkarstwie i piekarnictwie.<\/p>\n","protected":false},"excerpt":{"rendered":"<p>CHEFTOP-X Digital.ID Profesjonalny, wysokowydajny piec konwekcyjno-parowy wyposa\u017cony w najnowocze\u015bniejszy system operacyjny i inteligentn\u0105 technologi\u0119 zaprojektowan\u0105 tak, aby doskonale obs\u0142ugiwa\u0107 ka\u017cdy proces gotowania w gastronomii, ciastkarstwie i piekarnictwie.<\/p>\n","protected":false},"featured_media":74791,"template":"","meta":{"_et_pb_use_builder":"","_et_pb_old_content":"","_et_gb_content_width":""},"pwb-brand":[543],"product_brand":[],"product_cat":[541],"product_tag":[],"class_list":{"0":"post-67657","1":"product","2":"type-product","3":"status-publish","4":"has-post-thumbnail","6":"pwb-brand-unox","7":"product_cat-piece-konwekcyjno-parowe","9":"first","10":"instock","11":"taxable","12":"shipping-taxable","13":"purchasable","14":"product-type-simple"},"brands":[{"id":543,"name":"Unox","slug":"unox"}],"_links":{"self":[{"href":"https:\/\/www.multifrigo.pl\/sklep\/wp-json\/wp\/v2\/product\/67657","targetHints":{"allow":["GET"]}}],"collection":[{"href":"https:\/\/www.multifrigo.pl\/sklep\/wp-json\/wp\/v2\/product"}],"about":[{"href":"https:\/\/www.multifrigo.pl\/sklep\/wp-json\/wp\/v2\/types\/product"}],"wp:featuredmedia":[{"embeddable":true,"href":"https:\/\/www.multifrigo.pl\/sklep\/wp-json\/wp\/v2\/media\/74791"}],"wp:attachment":[{"href":"https:\/\/www.multifrigo.pl\/sklep\/wp-json\/wp\/v2\/media?parent=67657"}],"wp:term":[{"taxonomy":"pwb-brand","embeddable":true,"href":"https:\/\/www.multifrigo.pl\/sklep\/wp-json\/wp\/v2\/pwb-brand?post=67657"},{"taxonomy":"product_brand","embeddable":true,"href":"https:\/\/www.multifrigo.pl\/sklep\/wp-json\/wp\/v2\/product_brand?post=67657"},{"taxonomy":"product_cat","embeddable":true,"href":"https:\/\/www.multifrigo.pl\/sklep\/wp-json\/wp\/v2\/product_cat?post=67657"},{"taxonomy":"product_tag","embeddable":true,"href":"https:\/\/www.multifrigo.pl\/sklep\/wp-json\/wp\/v2\/product_tag?post=67657"}],"curies":[{"name":"wp","href":"https:\/\/api.w.org\/{rel}","templated":true}]}}