{"id":67666,"date":"2025-05-30T12:16:56","date_gmt":"2025-05-30T12:16:56","guid":{"rendered":"https:\/\/www.multifrigo.pl\/sklep\/produkt\/piec-konwekcyjno-parowy-bakertop-x-digital-id-5-blach-600x400-elektryczny-unox-xela-05eu-exrs\/"},"modified":"2025-11-19T20:54:54","modified_gmt":"2025-11-19T20:54:54","slug":"piec-konwekcyjno-parowy-bakertop-x-digital-id-5-blach-600x400-elektryczny-unox-xela-05eu-exrs","status":"publish","type":"product","link":"https:\/\/www.multifrigo.pl\/sklep\/produkt\/piec-konwekcyjno-parowy-bakertop-x-digital-id-5-blach-600x400-elektryczny-unox-xela-05eu-exrs\/","title":{"rendered":"Piec konwekcyjno-parowy BAKERTOP-X Digital.ID 5 blach 600&#215;400 Elektryczny | Unox XELA-05EU-EXRS"},"content":{"rendered":"<p>CHEFTOP-X Digital.ID Profesjonalny, wysokowydajny piec konwekcyjno-parowy wyposa\u017cony w najnowocze\u015bniejszy system operacyjny i inteligentn\u0105 technologi\u0119 zaprojektowan\u0105 tak, aby doskonale obs\u0142ugiwa\u0107 ka\u017cdy proces pieczenia ciast i wypiek\u00f3w. Niemniej jednak idealnie nadaje si\u0119 do proces\u00f3w gotowania w gastronomii.<\/p>\n","protected":false},"excerpt":{"rendered":"<p>CHEFTOP-X Digital.ID Profesjonalny, wysokowydajny piec konwekcyjno-parowy wyposa\u017cony w najnowocze\u015bniejszy system operacyjny i inteligentn\u0105 technologi\u0119 zaprojektowan\u0105 tak, aby doskonale obs\u0142ugiwa\u0107 ka\u017cdy proces pieczenia ciast i wypiek\u00f3w. Niemniej jednak idealnie nadaje si\u0119 do proces\u00f3w gotowania w gastronomii.<\/p>\n","protected":false},"featured_media":74812,"template":"","meta":{"_et_pb_use_builder":"","_et_pb_old_content":"","_et_gb_content_width":""},"pwb-brand":[543],"product_brand":[],"product_cat":[541],"product_tag":[],"class_list":{"0":"post-67666","1":"product","2":"type-product","3":"status-publish","4":"has-post-thumbnail","6":"pwb-brand-unox","7":"product_cat-piece-konwekcyjno-parowe","9":"first","10":"instock","11":"taxable","12":"shipping-taxable","13":"purchasable","14":"product-type-simple"},"brands":[{"id":543,"name":"Unox","slug":"unox"}],"_links":{"self":[{"href":"https:\/\/www.multifrigo.pl\/sklep\/wp-json\/wp\/v2\/product\/67666","targetHints":{"allow":["GET"]}}],"collection":[{"href":"https:\/\/www.multifrigo.pl\/sklep\/wp-json\/wp\/v2\/product"}],"about":[{"href":"https:\/\/www.multifrigo.pl\/sklep\/wp-json\/wp\/v2\/types\/product"}],"wp:featuredmedia":[{"embeddable":true,"href":"https:\/\/www.multifrigo.pl\/sklep\/wp-json\/wp\/v2\/media\/74812"}],"wp:attachment":[{"href":"https:\/\/www.multifrigo.pl\/sklep\/wp-json\/wp\/v2\/media?parent=67666"}],"wp:term":[{"taxonomy":"pwb-brand","embeddable":true,"href":"https:\/\/www.multifrigo.pl\/sklep\/wp-json\/wp\/v2\/pwb-brand?post=67666"},{"taxonomy":"product_brand","embeddable":true,"href":"https:\/\/www.multifrigo.pl\/sklep\/wp-json\/wp\/v2\/product_brand?post=67666"},{"taxonomy":"product_cat","embeddable":true,"href":"https:\/\/www.multifrigo.pl\/sklep\/wp-json\/wp\/v2\/product_cat?post=67666"},{"taxonomy":"product_tag","embeddable":true,"href":"https:\/\/www.multifrigo.pl\/sklep\/wp-json\/wp\/v2\/product_tag?post=67666"}],"curies":[{"name":"wp","href":"https:\/\/api.w.org\/{rel}","templated":true}]}}