{"id":67675,"date":"2025-05-30T12:17:46","date_gmt":"2025-05-30T12:17:46","guid":{"rendered":"https:\/\/www.multifrigo.pl\/sklep\/produkt\/piec-konwekcyjno-parowy-cheftop-mind-maps-countertop-plus-7-gn-1-1-elektryczny-unox-xevc-0711-eprm\/"},"modified":"2025-11-18T14:33:12","modified_gmt":"2025-11-18T14:33:12","slug":"piec-konwekcyjno-parowy-cheftop-mind-maps-countertop-plus-7-gn-1-1-elektryczny-unox-xevc-0711-eprm","status":"publish","type":"product","link":"https:\/\/www.multifrigo.pl\/sklep\/produkt\/piec-konwekcyjno-parowy-cheftop-mind-maps-countertop-plus-7-gn-1-1-elektryczny-unox-xevc-0711-eprm\/","title":{"rendered":"Piec konwekcyjno-parowy CHEFTOP MIND.Maps\u2122 COUNTERTOP PLUS 7 GN 1\/1 Elektryczny | Unox XEVC-0711-EPRM"},"content":{"rendered":"<p>CHEFTOP MIND.Maps\u2122 PLUS to inteligentny piec konwekcyjno-parowy, kt\u00f3ry grilluje, sma\u017cy, piecze, przyrumienia, w\u0119dzi, gotuje na parze i nie tylko. Automatyczne cykle gotowania i inteligentne funkcje zapewniaj\u0105 nienaganne i sp\u00f3jne rezultaty.<\/p>\n","protected":false},"excerpt":{"rendered":"<p>CHEFTOP MIND.Maps\u2122 PLUS to inteligentny piec konwekcyjno-parowy, kt\u00f3ry grilluje, sma\u017cy, piecze, przyrumienia, w\u0119dzi, gotuje na parze i nie tylko. Automatyczne cykle gotowania i inteligentne funkcje zapewniaj\u0105 nienaganne i sp\u00f3jne rezultaty.<\/p>\n","protected":false},"featured_media":74776,"template":"","meta":{"_et_pb_use_builder":"","_et_pb_old_content":"","_et_gb_content_width":""},"pwb-brand":[543],"product_brand":[],"product_cat":[541],"product_tag":[],"class_list":{"0":"post-67675","1":"product","2":"type-product","3":"status-publish","4":"has-post-thumbnail","6":"pwb-brand-unox","7":"product_cat-piece-konwekcyjno-parowe","9":"first","10":"instock","11":"taxable","12":"shipping-taxable","13":"purchasable","14":"product-type-simple"},"brands":[{"id":543,"name":"Unox","slug":"unox"}],"_links":{"self":[{"href":"https:\/\/www.multifrigo.pl\/sklep\/wp-json\/wp\/v2\/product\/67675","targetHints":{"allow":["GET"]}}],"collection":[{"href":"https:\/\/www.multifrigo.pl\/sklep\/wp-json\/wp\/v2\/product"}],"about":[{"href":"https:\/\/www.multifrigo.pl\/sklep\/wp-json\/wp\/v2\/types\/product"}],"wp:featuredmedia":[{"embeddable":true,"href":"https:\/\/www.multifrigo.pl\/sklep\/wp-json\/wp\/v2\/media\/74776"}],"wp:attachment":[{"href":"https:\/\/www.multifrigo.pl\/sklep\/wp-json\/wp\/v2\/media?parent=67675"}],"wp:term":[{"taxonomy":"pwb-brand","embeddable":true,"href":"https:\/\/www.multifrigo.pl\/sklep\/wp-json\/wp\/v2\/pwb-brand?post=67675"},{"taxonomy":"product_brand","embeddable":true,"href":"https:\/\/www.multifrigo.pl\/sklep\/wp-json\/wp\/v2\/product_brand?post=67675"},{"taxonomy":"product_cat","embeddable":true,"href":"https:\/\/www.multifrigo.pl\/sklep\/wp-json\/wp\/v2\/product_cat?post=67675"},{"taxonomy":"product_tag","embeddable":true,"href":"https:\/\/www.multifrigo.pl\/sklep\/wp-json\/wp\/v2\/product_tag?post=67675"}],"curies":[{"name":"wp","href":"https:\/\/api.w.org\/{rel}","templated":true}]}}