{"id":67679,"date":"2025-05-30T12:18:20","date_gmt":"2025-05-30T12:18:20","guid":{"rendered":"https:\/\/www.multifrigo.pl\/sklep\/produkt\/piec-konwekcyjno-parowy-cheftop-mind-maps-countertop-one-7-gn-1-1-elektryczny-unox-xevc-0711-e1rm\/"},"modified":"2026-02-28T00:00:53","modified_gmt":"2026-02-28T00:00:53","slug":"piec-konwekcyjno-parowy-cheftop-mind-maps-countertop-one-7-gn-1-1-elektryczny-unox-xevc-0711-e1rm","status":"publish","type":"product","link":"https:\/\/www.multifrigo.pl\/sklep\/produkt\/piec-konwekcyjno-parowy-cheftop-mind-maps-countertop-one-7-gn-1-1-elektryczny-unox-xevc-0711-e1rm\/","title":{"rendered":"Piec konwekcyjno-parowy CHEFTOP MIND.Maps\u2122 COUNTERTOP ONE 7 GN 1\/1 Elektryczny | Unox XEVC-0711-E1RM"},"content":{"rendered":"<p>CHEFTOP MIND.Maps\u2122 ONE to wielofunkcyjny piekarnik, dzi\u0119ki kt\u00f3remu mo\u017cesz zrealizowa\u0107 wszystkie swoje ambicje. Grille, frytki, pieczenie, gotowanie na parze i wiele wi\u0119cej. W prosty i intuicyjny spos\u00f3b. Jak chcesz.<\/p>\n","protected":false},"excerpt":{"rendered":"<p>CHEFTOP MIND.Maps\u2122 ONE to wielofunkcyjny piekarnik, dzi\u0119ki kt\u00f3remu mo\u017cesz zrealizowa\u0107 wszystkie swoje ambicje. Grille, frytki, pieczenie, gotowanie na parze i wiele wi\u0119cej. W prosty i intuicyjny spos\u00f3b. Jak chcesz.<\/p>\n","protected":false},"featured_media":74771,"template":"","meta":{"_et_pb_use_builder":"","_et_pb_old_content":"","_et_gb_content_width":""},"pwb-brand":[543],"product_brand":[],"product_cat":[541],"product_tag":[],"class_list":{"0":"post-67679","1":"product","2":"type-product","3":"status-publish","4":"has-post-thumbnail","6":"pwb-brand-unox","7":"product_cat-piece-konwekcyjno-parowe","9":"first","10":"instock","11":"sale","12":"taxable","13":"shipping-taxable","14":"purchasable","15":"product-type-simple"},"brands":[{"id":543,"name":"Unox","slug":"unox"}],"_links":{"self":[{"href":"https:\/\/www.multifrigo.pl\/sklep\/wp-json\/wp\/v2\/product\/67679","targetHints":{"allow":["GET"]}}],"collection":[{"href":"https:\/\/www.multifrigo.pl\/sklep\/wp-json\/wp\/v2\/product"}],"about":[{"href":"https:\/\/www.multifrigo.pl\/sklep\/wp-json\/wp\/v2\/types\/product"}],"wp:featuredmedia":[{"embeddable":true,"href":"https:\/\/www.multifrigo.pl\/sklep\/wp-json\/wp\/v2\/media\/74771"}],"wp:attachment":[{"href":"https:\/\/www.multifrigo.pl\/sklep\/wp-json\/wp\/v2\/media?parent=67679"}],"wp:term":[{"taxonomy":"pwb-brand","embeddable":true,"href":"https:\/\/www.multifrigo.pl\/sklep\/wp-json\/wp\/v2\/pwb-brand?post=67679"},{"taxonomy":"product_brand","embeddable":true,"href":"https:\/\/www.multifrigo.pl\/sklep\/wp-json\/wp\/v2\/product_brand?post=67679"},{"taxonomy":"product_cat","embeddable":true,"href":"https:\/\/www.multifrigo.pl\/sklep\/wp-json\/wp\/v2\/product_cat?post=67679"},{"taxonomy":"product_tag","embeddable":true,"href":"https:\/\/www.multifrigo.pl\/sklep\/wp-json\/wp\/v2\/product_tag?post=67679"}],"curies":[{"name":"wp","href":"https:\/\/api.w.org\/{rel}","templated":true}]}}