{"id":67691,"date":"2025-05-30T12:19:47","date_gmt":"2025-05-30T12:19:47","guid":{"rendered":"https:\/\/www.multifrigo.pl\/sklep\/produkt\/piec-konwekcyjno-parowy-bakertop-mind-maps-countertop-one-10-blach-600x400-elektryczny-unox-xebc-10eu-e1rm\/"},"modified":"2025-11-18T13:50:35","modified_gmt":"2025-11-18T13:50:35","slug":"piec-konwekcyjno-parowy-bakertop-mind-maps-countertop-one-10-blach-600x400-elektryczny-unox-xebc-10eu-e1rm","status":"publish","type":"product","link":"https:\/\/www.multifrigo.pl\/sklep\/produkt\/piec-konwekcyjno-parowy-bakertop-mind-maps-countertop-one-10-blach-600x400-elektryczny-unox-xebc-10eu-e1rm\/","title":{"rendered":"Piec konwekcyjno-parowy BAKERTOP MIND.Maps\u2122 COUNTERTOP ONE 10 blach 600&#215;400 Elektryczny | Unox XEBC-10EU-E1RM"},"content":{"rendered":"<p>BAKERTOP MIND.Maps\u2122 ONE to piec konwekcyjno-parowy do pieczenia wyrob\u00f3w cukierniczych i piekarniczych zapewniaj\u0105cy doskona\u0142e i jednolite wypieki. Intuicyjne programowanie i mo\u017cliwo\u015b\u0107 zapami\u0119tania 364 proces\u00f3w obr\u00f3bki.<\/p>\n","protected":false},"excerpt":{"rendered":"<p>BAKERTOP MIND.Maps\u2122 ONE to piec konwekcyjno-parowy do pieczenia wyrob\u00f3w cukierniczych i piekarniczych zapewniaj\u0105cy doskona\u0142e i jednolite wypieki. Intuicyjne programowanie i mo\u017cliwo\u015b\u0107 zapami\u0119tania 364 proces\u00f3w obr\u00f3bki.<\/p>\n","protected":false},"featured_media":74756,"template":"","meta":{"_et_pb_use_builder":"","_et_pb_old_content":"","_et_gb_content_width":""},"pwb-brand":[543],"product_brand":[],"product_cat":[541],"product_tag":[],"class_list":{"0":"post-67691","1":"product","2":"type-product","3":"status-publish","4":"has-post-thumbnail","6":"pwb-brand-unox","7":"product_cat-piece-konwekcyjno-parowe","9":"first","10":"instock","11":"taxable","12":"shipping-taxable","13":"purchasable","14":"product-type-simple"},"brands":[{"id":543,"name":"Unox","slug":"unox"}],"_links":{"self":[{"href":"https:\/\/www.multifrigo.pl\/sklep\/wp-json\/wp\/v2\/product\/67691","targetHints":{"allow":["GET"]}}],"collection":[{"href":"https:\/\/www.multifrigo.pl\/sklep\/wp-json\/wp\/v2\/product"}],"about":[{"href":"https:\/\/www.multifrigo.pl\/sklep\/wp-json\/wp\/v2\/types\/product"}],"wp:featuredmedia":[{"embeddable":true,"href":"https:\/\/www.multifrigo.pl\/sklep\/wp-json\/wp\/v2\/media\/74756"}],"wp:attachment":[{"href":"https:\/\/www.multifrigo.pl\/sklep\/wp-json\/wp\/v2\/media?parent=67691"}],"wp:term":[{"taxonomy":"pwb-brand","embeddable":true,"href":"https:\/\/www.multifrigo.pl\/sklep\/wp-json\/wp\/v2\/pwb-brand?post=67691"},{"taxonomy":"product_brand","embeddable":true,"href":"https:\/\/www.multifrigo.pl\/sklep\/wp-json\/wp\/v2\/product_brand?post=67691"},{"taxonomy":"product_cat","embeddable":true,"href":"https:\/\/www.multifrigo.pl\/sklep\/wp-json\/wp\/v2\/product_cat?post=67691"},{"taxonomy":"product_tag","embeddable":true,"href":"https:\/\/www.multifrigo.pl\/sklep\/wp-json\/wp\/v2\/product_tag?post=67691"}],"curies":[{"name":"wp","href":"https:\/\/api.w.org\/{rel}","templated":true}]}}