{"id":67822,"date":"2025-06-02T08:12:32","date_gmt":"2025-06-02T08:12:32","guid":{"rendered":"https:\/\/www.multifrigo.pl\/sklep\/?post_type=product&#038;p=67822"},"modified":"2025-07-17T10:06:30","modified_gmt":"2025-07-17T10:06:30","slug":"rampa-podjazdowa-gigasteam-20110drs-bartscher-117823","status":"publish","type":"product","link":"https:\/\/www.multifrigo.pl\/sklep\/produkt\/rampa-podjazdowa-gigasteam-20110drs-bartscher-117823\/","title":{"rendered":"Rampa podjazdowa Gigasteam 20110DRS | Bartscher 117823"},"content":{"rendered":"<p><b>Rampa podjazdowa Gigasteam 20110DRS<\/b><\/p>\n<p>Dzi\u0119ki obu szynom prowadz\u0105cym rampa wjazdowa u\u0142atwia wsuwanie i wysuwanie w\u00f3zk\u00f3w transportowych lub w\u00f3zk\u00f3w do talerzy. Ponadto zapewnia wi\u0119ksz\u0105 stabilno\u015b\u0107 &#8211; tak\u017ce w przypadku nier\u00f3wnych pod\u0142o\u017cy. Dzi\u0119ki solidnej konstrukcji ze stali szlachetnej rampa wjazdowa zamontowana pod piecem konwekcyjno-parowym Gigasteam wytrzymuje obci\u0105\u017cenie do 130 kg.<\/p>\n","protected":false},"excerpt":{"rendered":"<p>Rampa podjazdowa Gigasteam 20110DRS Dzi\u0119ki obu szynom prowadz\u0105cym rampa wjazdowa u\u0142atwia wsuwanie i wysuwanie w\u00f3zk\u00f3w transportowych lub w\u00f3zk\u00f3w do talerzy. Ponadto zapewnia wi\u0119ksz\u0105 stabilno\u015b\u0107 &#8211; tak\u017ce w przypadku nier\u00f3wnych pod\u0142o\u017cy. Dzi\u0119ki solidnej konstrukcji ze stali szlachetnej rampa wjazdowa zamontowana pod piecem konwekcyjno-parowym Gigasteam wytrzymuje obci\u0105\u017cenie do 130 kg.<\/p>\n","protected":false},"featured_media":70266,"template":"","meta":{"_et_pb_use_builder":"","_et_pb_old_content":"","_et_gb_content_width":""},"pwb-brand":[1577],"product_brand":[],"product_cat":[548],"product_tag":[],"class_list":{"0":"post-67822","1":"product","2":"type-product","3":"status-publish","4":"has-post-thumbnail","6":"pwb-brand-bartscher","7":"product_cat-wozki-do-piecow","9":"first","10":"instock","11":"taxable","12":"shipping-taxable","13":"purchasable","14":"product-type-simple"},"brands":[{"id":1577,"name":"Bartscher","slug":"bartscher"}],"_links":{"self":[{"href":"https:\/\/www.multifrigo.pl\/sklep\/wp-json\/wp\/v2\/product\/67822","targetHints":{"allow":["GET"]}}],"collection":[{"href":"https:\/\/www.multifrigo.pl\/sklep\/wp-json\/wp\/v2\/product"}],"about":[{"href":"https:\/\/www.multifrigo.pl\/sklep\/wp-json\/wp\/v2\/types\/product"}],"wp:featuredmedia":[{"embeddable":true,"href":"https:\/\/www.multifrigo.pl\/sklep\/wp-json\/wp\/v2\/media\/70266"}],"wp:attachment":[{"href":"https:\/\/www.multifrigo.pl\/sklep\/wp-json\/wp\/v2\/media?parent=67822"}],"wp:term":[{"taxonomy":"pwb-brand","embeddable":true,"href":"https:\/\/www.multifrigo.pl\/sklep\/wp-json\/wp\/v2\/pwb-brand?post=67822"},{"taxonomy":"product_brand","embeddable":true,"href":"https:\/\/www.multifrigo.pl\/sklep\/wp-json\/wp\/v2\/product_brand?post=67822"},{"taxonomy":"product_cat","embeddable":true,"href":"https:\/\/www.multifrigo.pl\/sklep\/wp-json\/wp\/v2\/product_cat?post=67822"},{"taxonomy":"product_tag","embeddable":true,"href":"https:\/\/www.multifrigo.pl\/sklep\/wp-json\/wp\/v2\/product_tag?post=67822"}],"curies":[{"name":"wp","href":"https:\/\/api.w.org\/{rel}","templated":true}]}}