{"id":67849,"date":"2025-06-02T08:14:44","date_gmt":"2025-06-02T08:14:44","guid":{"rendered":"https:\/\/www.multifrigo.pl\/sklep\/produkt\/grill-kontaktowy-dt-2000-1g-bartscher-370211\/"},"modified":"2025-07-17T10:06:28","modified_gmt":"2025-07-17T10:06:28","slug":"grill-kontaktowy-dt-2000-1g-bartscher-370211","status":"publish","type":"product","link":"https:\/\/www.multifrigo.pl\/sklep\/produkt\/grill-kontaktowy-dt-2000-1g-bartscher-370211\/","title":{"rendered":"Grill kontaktowy DT 2000 1G | Bartscher 370211"},"content":{"rendered":"<p><b>Grill kontaktowy DT 2000 1G<\/b><\/p>\n<p>Dzi\u0119ki niezale\u017cnej kontroli temperatury g\u00f3rnej i dolnej p\u0142yty grillowej mo\u017cna indywidualnie dostosowa\u0107 ustawienia grilla kontaktowego do potrzeb ka\u017cdej potrawy. Dzi\u0119ki w\u0105skiej konstrukcji ze szczeg\u00f3lnie g\u0142\u0119bok\u0105 powierzchni\u0105 grillow\u0105 model ten doskonale sprawdzi si\u0119 w ka\u017cdej kuchni, a tak\u017ce zapewni chwile relaksu podczas grillowania: po up\u0142ywie okre\u015blonego czasu rozlega si\u0119 sygna\u0142 d\u017awi\u0119kowy.<\/p>\n","protected":false},"excerpt":{"rendered":"<p>Grill kontaktowy DT 2000 1G Dzi\u0119ki niezale\u017cnej kontroli temperatury g\u00f3rnej i dolnej p\u0142yty grillowej mo\u017cna indywidualnie dostosowa\u0107 ustawienia grilla kontaktowego do potrzeb ka\u017cdej potrawy. Dzi\u0119ki w\u0105skiej konstrukcji ze szczeg\u00f3lnie g\u0142\u0119bok\u0105 powierzchni\u0105 grillow\u0105 model ten doskonale sprawdzi si\u0119 w ka\u017cdej kuchni, a tak\u017ce zapewni chwile relaksu podczas grillowania: po up\u0142ywie okre\u015blonego czasu rozlega si\u0119 sygna\u0142 d\u017awi\u0119kowy.<\/p>\n","protected":false},"featured_media":70265,"template":"","meta":{"_et_pb_use_builder":"","_et_pb_old_content":"","_et_gb_content_width":""},"pwb-brand":[1577],"product_brand":[],"product_cat":[444],"product_tag":[],"class_list":{"0":"post-67849","1":"product","2":"type-product","3":"status-publish","4":"has-post-thumbnail","6":"pwb-brand-bartscher","7":"product_cat-grille-pojedyncze","9":"first","10":"instock","11":"taxable","12":"shipping-taxable","13":"purchasable","14":"product-type-simple"},"brands":[{"id":1577,"name":"Bartscher","slug":"bartscher"}],"_links":{"self":[{"href":"https:\/\/www.multifrigo.pl\/sklep\/wp-json\/wp\/v2\/product\/67849","targetHints":{"allow":["GET"]}}],"collection":[{"href":"https:\/\/www.multifrigo.pl\/sklep\/wp-json\/wp\/v2\/product"}],"about":[{"href":"https:\/\/www.multifrigo.pl\/sklep\/wp-json\/wp\/v2\/types\/product"}],"wp:featuredmedia":[{"embeddable":true,"href":"https:\/\/www.multifrigo.pl\/sklep\/wp-json\/wp\/v2\/media\/70265"}],"wp:attachment":[{"href":"https:\/\/www.multifrigo.pl\/sklep\/wp-json\/wp\/v2\/media?parent=67849"}],"wp:term":[{"taxonomy":"pwb-brand","embeddable":true,"href":"https:\/\/www.multifrigo.pl\/sklep\/wp-json\/wp\/v2\/pwb-brand?post=67849"},{"taxonomy":"product_brand","embeddable":true,"href":"https:\/\/www.multifrigo.pl\/sklep\/wp-json\/wp\/v2\/product_brand?post=67849"},{"taxonomy":"product_cat","embeddable":true,"href":"https:\/\/www.multifrigo.pl\/sklep\/wp-json\/wp\/v2\/product_cat?post=67849"},{"taxonomy":"product_tag","embeddable":true,"href":"https:\/\/www.multifrigo.pl\/sklep\/wp-json\/wp\/v2\/product_tag?post=67849"}],"curies":[{"name":"wp","href":"https:\/\/api.w.org\/{rel}","templated":true}]}}