{"id":67854,"date":"2025-06-02T08:15:18","date_gmt":"2025-06-02T08:15:18","guid":{"rendered":"https:\/\/www.multifrigo.pl\/sklep\/produkt\/wozek-transportowy-talerzy-gigasteam-50t-bartscher-117822\/"},"modified":"2025-07-17T10:06:31","modified_gmt":"2025-07-17T10:06:31","slug":"wozek-transportowy-talerzy-gigasteam-50t-bartscher-117822","status":"publish","type":"product","link":"https:\/\/www.multifrigo.pl\/sklep\/produkt\/wozek-transportowy-talerzy-gigasteam-50t-bartscher-117822\/","title":{"rendered":"W\u00f3zek transportowy talerzy Gigasteam 50T | Bartscher 117822"},"content":{"rendered":"<p><b>W\u00f3zek transportowy talerzy Gigasteam 50T<\/b><\/p>\n<p>Du\u017ce ilo\u015bci w kr\u00f3tkim czasie: dzi\u0119ki w\u00f3zkowi transportowemu do talerzy, w piecu konwekcyjno-parowym Gigasteam 20110DRS mo\u017cna jednocze\u015bnie zregenerowa\u0107 do 50 gotowych talerzy, a nast\u0119pnie je wyda\u0107. Pozwala to zaoszcz\u0119dzi\u0107 czas \u2013 zar\u00f3wno w kuchni, jak i podczas wydawania da\u0144 w dziale obs\u0142ugi.<\/p>\n","protected":false},"excerpt":{"rendered":"<p>W\u00f3zek transportowy talerzy Gigasteam 50T Du\u017ce ilo\u015bci w kr\u00f3tkim czasie: dzi\u0119ki w\u00f3zkowi transportowemu do talerzy, w piecu konwekcyjno-parowym Gigasteam 20110DRS mo\u017cna jednocze\u015bnie zregenerowa\u0107 do 50 gotowych talerzy, a nast\u0119pnie je wyda\u0107. Pozwala to zaoszcz\u0119dzi\u0107 czas \u2013 zar\u00f3wno w kuchni, jak i podczas wydawania da\u0144 w dziale obs\u0142ugi.<\/p>\n","protected":false},"featured_media":70267,"template":"","meta":{"_et_pb_use_builder":"","_et_pb_old_content":"","_et_gb_content_width":""},"pwb-brand":[1577],"product_brand":[],"product_cat":[548],"product_tag":[],"class_list":{"0":"post-67854","1":"product","2":"type-product","3":"status-publish","4":"has-post-thumbnail","6":"pwb-brand-bartscher","7":"product_cat-wozki-do-piecow","9":"first","10":"instock","11":"taxable","12":"shipping-taxable","13":"purchasable","14":"product-type-simple"},"brands":[{"id":1577,"name":"Bartscher","slug":"bartscher"}],"_links":{"self":[{"href":"https:\/\/www.multifrigo.pl\/sklep\/wp-json\/wp\/v2\/product\/67854","targetHints":{"allow":["GET"]}}],"collection":[{"href":"https:\/\/www.multifrigo.pl\/sklep\/wp-json\/wp\/v2\/product"}],"about":[{"href":"https:\/\/www.multifrigo.pl\/sklep\/wp-json\/wp\/v2\/types\/product"}],"wp:featuredmedia":[{"embeddable":true,"href":"https:\/\/www.multifrigo.pl\/sklep\/wp-json\/wp\/v2\/media\/70267"}],"wp:attachment":[{"href":"https:\/\/www.multifrigo.pl\/sklep\/wp-json\/wp\/v2\/media?parent=67854"}],"wp:term":[{"taxonomy":"pwb-brand","embeddable":true,"href":"https:\/\/www.multifrigo.pl\/sklep\/wp-json\/wp\/v2\/pwb-brand?post=67854"},{"taxonomy":"product_brand","embeddable":true,"href":"https:\/\/www.multifrigo.pl\/sklep\/wp-json\/wp\/v2\/product_brand?post=67854"},{"taxonomy":"product_cat","embeddable":true,"href":"https:\/\/www.multifrigo.pl\/sklep\/wp-json\/wp\/v2\/product_cat?post=67854"},{"taxonomy":"product_tag","embeddable":true,"href":"https:\/\/www.multifrigo.pl\/sklep\/wp-json\/wp\/v2\/product_tag?post=67854"}],"curies":[{"name":"wp","href":"https:\/\/api.w.org\/{rel}","templated":true}]}}