{"id":67865,"date":"2025-06-02T08:16:10","date_gmt":"2025-06-02T08:16:10","guid":{"rendered":"https:\/\/www.multifrigo.pl\/sklep\/produkt\/gofrownica-mdi-1bwr-1750-bartscher-370280\/"},"modified":"2025-07-17T10:06:36","modified_gmt":"2025-07-17T10:06:36","slug":"gofrownica-mdi-1bwr-1750-bartscher-370280","status":"publish","type":"product","link":"https:\/\/www.multifrigo.pl\/sklep\/produkt\/gofrownica-mdi-1bwr-1750-bartscher-370280\/","title":{"rendered":"Gofrownica MDI 1BWR 1750 | Bartscher 370280"},"content":{"rendered":"<p><b>Gofrownica MDI 1BWR 1750<\/b><\/p>\n<p>Z gofrownic\u0105 MDI 1BWR 1750 gofr brukselski nabierze w\u0142a\u015bciwych kr\u0105g\u0142o\u015bci. Wydajna gofrownica z powlekanymi p\u0142ytami grzewczymi pozwala uzyska\u0107 idealne gofry doskona\u0142ej jako\u015bci dzi\u0119ki sterowaniu MDI Bartscher. Dzi\u0119ki intuicyjnej obs\u0142udze za pomoc\u0105 pokr\u0119t\u0142a z wy\u015bwietlaczem cyfrowym, timerem i sygna\u0142em d\u017awi\u0119kowym w mgnieniu oka poradzisz sobie nawet w godzinach piku przy jednoczesnym zapewnieniu niezmiennej jako\u015bci.<\/p>\n","protected":false},"excerpt":{"rendered":"<p>Gofrownica MDI 1BWR 1750 Z gofrownic\u0105 MDI 1BWR 1750 gofr brukselski nabierze w\u0142a\u015bciwych kr\u0105g\u0142o\u015bci. Wydajna gofrownica z powlekanymi p\u0142ytami grzewczymi pozwala uzyska\u0107 idealne gofry doskona\u0142ej jako\u015bci dzi\u0119ki sterowaniu MDI Bartscher. Dzi\u0119ki intuicyjnej obs\u0142udze za pomoc\u0105 pokr\u0119t\u0142a z wy\u015bwietlaczem cyfrowym, timerem i sygna\u0142em d\u017awi\u0119kowym w mgnieniu oka poradzisz sobie nawet w godzinach piku przy jednoczesnym zapewnieniu [&hellip;]<\/p>\n","protected":false},"featured_media":70270,"template":"","meta":{"_et_pb_use_builder":"","_et_pb_old_content":"","_et_gb_content_width":""},"pwb-brand":[1577],"product_brand":[],"product_cat":[453],"product_tag":[],"class_list":{"0":"post-67865","1":"product","2":"type-product","3":"status-publish","4":"has-post-thumbnail","6":"pwb-brand-bartscher","7":"product_cat-gofrownice-gastronomiczne","9":"first","10":"instock","11":"taxable","12":"shipping-taxable","13":"purchasable","14":"product-type-simple"},"brands":[{"id":1577,"name":"Bartscher","slug":"bartscher"}],"_links":{"self":[{"href":"https:\/\/www.multifrigo.pl\/sklep\/wp-json\/wp\/v2\/product\/67865","targetHints":{"allow":["GET"]}}],"collection":[{"href":"https:\/\/www.multifrigo.pl\/sklep\/wp-json\/wp\/v2\/product"}],"about":[{"href":"https:\/\/www.multifrigo.pl\/sklep\/wp-json\/wp\/v2\/types\/product"}],"wp:featuredmedia":[{"embeddable":true,"href":"https:\/\/www.multifrigo.pl\/sklep\/wp-json\/wp\/v2\/media\/70270"}],"wp:attachment":[{"href":"https:\/\/www.multifrigo.pl\/sklep\/wp-json\/wp\/v2\/media?parent=67865"}],"wp:term":[{"taxonomy":"pwb-brand","embeddable":true,"href":"https:\/\/www.multifrigo.pl\/sklep\/wp-json\/wp\/v2\/pwb-brand?post=67865"},{"taxonomy":"product_brand","embeddable":true,"href":"https:\/\/www.multifrigo.pl\/sklep\/wp-json\/wp\/v2\/product_brand?post=67865"},{"taxonomy":"product_cat","embeddable":true,"href":"https:\/\/www.multifrigo.pl\/sklep\/wp-json\/wp\/v2\/product_cat?post=67865"},{"taxonomy":"product_tag","embeddable":true,"href":"https:\/\/www.multifrigo.pl\/sklep\/wp-json\/wp\/v2\/product_tag?post=67865"}],"curies":[{"name":"wp","href":"https:\/\/api.w.org\/{rel}","templated":true}]}}