{"id":67874,"date":"2025-06-02T08:17:01","date_gmt":"2025-06-02T08:17:01","guid":{"rendered":"https:\/\/www.multifrigo.pl\/sklep\/produkt\/kuchnia-gazowa-2-palnikowa-nablatowa-650-bartscher-1151123\/"},"modified":"2026-02-21T22:51:54","modified_gmt":"2026-02-21T22:51:54","slug":"kuchnia-gazowa-2-palnikowa-nablatowa-650-bartscher-1151123","status":"publish","type":"product","link":"https:\/\/www.multifrigo.pl\/sklep\/produkt\/kuchnia-gazowa-2-palnikowa-nablatowa-650-bartscher-1151123\/","title":{"rendered":"Kuchnia gazowa 2-palnikowa nablatowa 650 | Bartscher 1151123"},"content":{"rendered":"<p><b>Kuchnia gazowa 2-palnikowa nablatowa 650<\/b><\/p>\n<p>Seria 650 \u2013 seria artyku\u0142\u00f3w do profesjonalnej kuchni. Charakteryzuje si\u0119 optymalnym wykorzystaniem energii, wydajnymi urz\u0105dzeniami i niesamowit\u0105 \u0142atwo\u015bci\u0105 w czyszczeniu. Dzi\u0119ki modu\u0142owej budowie mo\u017cna j\u0105 \u0142atwo \u0142\u0105czy\u0107 i aran\u017cowa\u0107 w rozmaity spos\u00f3b. Urz\u0105dzenie jest wykonane w ca\u0142o\u015bci ze stali chromowo-niklowej 18\/10.<\/p>\n","protected":false},"excerpt":{"rendered":"<p>Kuchnia gazowa 2-palnikowa nablatowa 650 Seria 650 \u2013 seria artyku\u0142\u00f3w do profesjonalnej kuchni. Charakteryzuje si\u0119 optymalnym wykorzystaniem energii, wydajnymi urz\u0105dzeniami i niesamowit\u0105 \u0142atwo\u015bci\u0105 w czyszczeniu. Dzi\u0119ki modu\u0142owej budowie mo\u017cna j\u0105 \u0142atwo \u0142\u0105czy\u0107 i aran\u017cowa\u0107 w rozmaity spos\u00f3b. Urz\u0105dzenie jest wykonane w ca\u0142o\u015bci ze stali chromowo-niklowej 18\/10.<\/p>\n","protected":false},"featured_media":70275,"template":"","meta":{"_et_pb_use_builder":"","_et_pb_old_content":"","_et_gb_content_width":""},"pwb-brand":[1577],"product_brand":[],"product_cat":[583],"product_tag":[],"class_list":{"0":"post-67874","1":"product","2":"type-product","3":"status-publish","4":"has-post-thumbnail","6":"pwb-brand-bartscher","7":"product_cat-2-palnikowe","9":"first","10":"instock","11":"taxable","12":"shipping-taxable","13":"purchasable","14":"product-type-simple"},"brands":[{"id":1577,"name":"Bartscher","slug":"bartscher"}],"_links":{"self":[{"href":"https:\/\/www.multifrigo.pl\/sklep\/wp-json\/wp\/v2\/product\/67874","targetHints":{"allow":["GET"]}}],"collection":[{"href":"https:\/\/www.multifrigo.pl\/sklep\/wp-json\/wp\/v2\/product"}],"about":[{"href":"https:\/\/www.multifrigo.pl\/sklep\/wp-json\/wp\/v2\/types\/product"}],"wp:featuredmedia":[{"embeddable":true,"href":"https:\/\/www.multifrigo.pl\/sklep\/wp-json\/wp\/v2\/media\/70275"}],"wp:attachment":[{"href":"https:\/\/www.multifrigo.pl\/sklep\/wp-json\/wp\/v2\/media?parent=67874"}],"wp:term":[{"taxonomy":"pwb-brand","embeddable":true,"href":"https:\/\/www.multifrigo.pl\/sklep\/wp-json\/wp\/v2\/pwb-brand?post=67874"},{"taxonomy":"product_brand","embeddable":true,"href":"https:\/\/www.multifrigo.pl\/sklep\/wp-json\/wp\/v2\/product_brand?post=67874"},{"taxonomy":"product_cat","embeddable":true,"href":"https:\/\/www.multifrigo.pl\/sklep\/wp-json\/wp\/v2\/product_cat?post=67874"},{"taxonomy":"product_tag","embeddable":true,"href":"https:\/\/www.multifrigo.pl\/sklep\/wp-json\/wp\/v2\/product_tag?post=67874"}],"curies":[{"name":"wp","href":"https:\/\/api.w.org\/{rel}","templated":true}]}}