{"id":67880,"date":"2025-06-02T08:17:42","date_gmt":"2025-06-02T08:17:42","guid":{"rendered":"https:\/\/www.multifrigo.pl\/sklep\/produkt\/steamer-do-hot-dogow-wb1001-bartscher-120417\/"},"modified":"2025-07-17T10:06:56","modified_gmt":"2025-07-17T10:06:56","slug":"steamer-do-hot-dogow-wb1001-bartscher-120417","status":"publish","type":"product","link":"https:\/\/www.multifrigo.pl\/sklep\/produkt\/steamer-do-hot-dogow-wb1001-bartscher-120417\/","title":{"rendered":"Steamer do hot dog\u00f3w WB1001 | Bartscher 120417"},"content":{"rendered":"<p><b>Steamer do hot dog\u00f3w WB1001<\/b><\/p>\n<p>Podgrzewacz do hot dog\u00f3w podgrzewa i utrzymuje ciep\u0142o do 100 par\u00f3wek i do 15 bu\u0142ek do hot dog\u00f3w. Szklany front po stronie klienta i atrakcyjny design zapraszaj\u0105 m\u0142odych i starszych na typowo ameryka\u0144sk\u0105 przek\u0105sk\u0119.<\/p>\n","protected":false},"excerpt":{"rendered":"<p>Steamer do hot dog\u00f3w WB1001 Podgrzewacz do hot dog\u00f3w podgrzewa i utrzymuje ciep\u0142o do 100 par\u00f3wek i do 15 bu\u0142ek do hot dog\u00f3w. Szklany front po stronie klienta i atrakcyjny design zapraszaj\u0105 m\u0142odych i starszych na typowo ameryka\u0144sk\u0105 przek\u0105sk\u0119.<\/p>\n","protected":false},"featured_media":70277,"template":"","meta":{"_et_pb_use_builder":"","_et_pb_old_content":"","_et_gb_content_width":""},"pwb-brand":[1577],"product_brand":[],"product_cat":[465],"product_tag":[],"class_list":{"0":"post-67880","1":"product","2":"type-product","3":"status-publish","4":"has-post-thumbnail","6":"pwb-brand-bartscher","7":"product_cat-urzadzenia-do-hot-dogow-urzadzenia-do-hot-dogow","9":"first","10":"instock","11":"taxable","12":"shipping-taxable","13":"purchasable","14":"product-type-simple"},"brands":[{"id":1577,"name":"Bartscher","slug":"bartscher"}],"_links":{"self":[{"href":"https:\/\/www.multifrigo.pl\/sklep\/wp-json\/wp\/v2\/product\/67880","targetHints":{"allow":["GET"]}}],"collection":[{"href":"https:\/\/www.multifrigo.pl\/sklep\/wp-json\/wp\/v2\/product"}],"about":[{"href":"https:\/\/www.multifrigo.pl\/sklep\/wp-json\/wp\/v2\/types\/product"}],"wp:featuredmedia":[{"embeddable":true,"href":"https:\/\/www.multifrigo.pl\/sklep\/wp-json\/wp\/v2\/media\/70277"}],"wp:attachment":[{"href":"https:\/\/www.multifrigo.pl\/sklep\/wp-json\/wp\/v2\/media?parent=67880"}],"wp:term":[{"taxonomy":"pwb-brand","embeddable":true,"href":"https:\/\/www.multifrigo.pl\/sklep\/wp-json\/wp\/v2\/pwb-brand?post=67880"},{"taxonomy":"product_brand","embeddable":true,"href":"https:\/\/www.multifrigo.pl\/sklep\/wp-json\/wp\/v2\/product_brand?post=67880"},{"taxonomy":"product_cat","embeddable":true,"href":"https:\/\/www.multifrigo.pl\/sklep\/wp-json\/wp\/v2\/product_cat?post=67880"},{"taxonomy":"product_tag","embeddable":true,"href":"https:\/\/www.multifrigo.pl\/sklep\/wp-json\/wp\/v2\/product_tag?post=67880"}],"curies":[{"name":"wp","href":"https:\/\/api.w.org\/{rel}","templated":true}]}}