{"id":67883,"date":"2025-06-02T08:18:04","date_gmt":"2025-06-02T08:18:04","guid":{"rendered":"https:\/\/www.multifrigo.pl\/sklep\/?post_type=product&#038;p=67883"},"modified":"2025-07-17T10:07:08","modified_gmt":"2025-07-17T10:07:08","slug":"lodowka-na-mleko-kv9l-bartscher-190089","status":"publish","type":"product","link":"https:\/\/www.multifrigo.pl\/sklep\/produkt\/lodowka-na-mleko-kv9l-bartscher-190089\/","title":{"rendered":"Lod\u00f3wka na mleko KV9L | Bartscher 190089"},"content":{"rendered":"<p><b>Lod\u00f3wka na mleko KV9L<\/b><\/p>\n<p>Cappuccino, caf\u00e9 au lait czy latte macchiato&#8230; praktyczna lod\u00f3wka na mleko \u2013 dzi\u0119ki bocznym otworom do pod\u0142\u0105czenia w\u0119\u017ca \u2013 zapewnia bezpo\u015bredni dost\u0119p do sch\u0142odzonego mleka. Mleko jest przechowywane w stanie sch\u0142odzonym w higienicznych warunkach i w razie potrzeby mo\u017ce zosta\u0107 bezpo\u015brednio pobrane do przygotowania kawy za pomoc\u0105 w\u0119\u017cyka ekspresu do kawy.<\/p>\n","protected":false},"excerpt":{"rendered":"<p>Lod\u00f3wka na mleko KV9L Cappuccino, caf\u00e9 au lait czy latte macchiato&#8230; praktyczna lod\u00f3wka na mleko \u2013 dzi\u0119ki bocznym otworom do pod\u0142\u0105czenia w\u0119\u017ca \u2013 zapewnia bezpo\u015bredni dost\u0119p do sch\u0142odzonego mleka. Mleko jest przechowywane w stanie sch\u0142odzonym w higienicznych warunkach i w razie potrzeby mo\u017ce zosta\u0107 bezpo\u015brednio pobrane do przygotowania kawy za pomoc\u0105 w\u0119\u017cyka ekspresu do kawy.<\/p>\n","protected":false},"featured_media":70284,"template":"","meta":{"_et_pb_use_builder":"","_et_pb_old_content":"","_et_gb_content_width":""},"pwb-brand":[1577],"product_brand":[],"product_cat":[1346],"product_tag":[],"class_list":{"0":"post-67883","1":"product","2":"type-product","3":"status-publish","4":"has-post-thumbnail","6":"pwb-brand-bartscher","7":"product_cat-chlodziarki","9":"first","10":"instock","11":"taxable","12":"shipping-taxable","13":"purchasable","14":"product-type-simple"},"brands":[{"id":1577,"name":"Bartscher","slug":"bartscher"}],"_links":{"self":[{"href":"https:\/\/www.multifrigo.pl\/sklep\/wp-json\/wp\/v2\/product\/67883","targetHints":{"allow":["GET"]}}],"collection":[{"href":"https:\/\/www.multifrigo.pl\/sklep\/wp-json\/wp\/v2\/product"}],"about":[{"href":"https:\/\/www.multifrigo.pl\/sklep\/wp-json\/wp\/v2\/types\/product"}],"wp:featuredmedia":[{"embeddable":true,"href":"https:\/\/www.multifrigo.pl\/sklep\/wp-json\/wp\/v2\/media\/70284"}],"wp:attachment":[{"href":"https:\/\/www.multifrigo.pl\/sklep\/wp-json\/wp\/v2\/media?parent=67883"}],"wp:term":[{"taxonomy":"pwb-brand","embeddable":true,"href":"https:\/\/www.multifrigo.pl\/sklep\/wp-json\/wp\/v2\/pwb-brand?post=67883"},{"taxonomy":"product_brand","embeddable":true,"href":"https:\/\/www.multifrigo.pl\/sklep\/wp-json\/wp\/v2\/product_brand?post=67883"},{"taxonomy":"product_cat","embeddable":true,"href":"https:\/\/www.multifrigo.pl\/sklep\/wp-json\/wp\/v2\/product_cat?post=67883"},{"taxonomy":"product_tag","embeddable":true,"href":"https:\/\/www.multifrigo.pl\/sklep\/wp-json\/wp\/v2\/product_tag?post=67883"}],"curies":[{"name":"wp","href":"https:\/\/api.w.org\/{rel}","templated":true}]}}