{"id":67885,"date":"2025-06-02T08:18:11","date_gmt":"2025-06-02T08:18:11","guid":{"rendered":"https:\/\/www.multifrigo.pl\/sklep\/produkt\/szafa-chlodnicza-z-drzwiami-prawymi-gtk1-123-bartscher-700836\/"},"modified":"2025-07-17T10:07:00","modified_gmt":"2025-07-17T10:07:00","slug":"szafa-chlodnicza-z-drzwiami-prawymi-gtk1-123-bartscher-700836","status":"publish","type":"product","link":"https:\/\/www.multifrigo.pl\/sklep\/produkt\/szafa-chlodnicza-z-drzwiami-prawymi-gtk1-123-bartscher-700836\/","title":{"rendered":"Szafa ch\u0142odnicza z drzwiami prawymi GTK1-123 | Bartscher 700836"},"content":{"rendered":"<p><b>Szafa ch\u0142odnicza z drzwiami prawymi GTK1-123<\/b><\/p>\n<p>Przykuwa wzrok w ka\u017cdym dziale samoobs\u0142ugi: dzi\u0119ki pod\u015bwietlanemu wy\u015bwietlaczowi reklamowemu szklane drzwi lod\u00f3wki przyci\u0105gaj\u0105 uwag\u0119, prezentuj\u0105c produkty w najlepszym \u015bwietle.<\/p>\n","protected":false},"excerpt":{"rendered":"<p>Szafa ch\u0142odnicza z drzwiami prawymi GTK1-123 Przykuwa wzrok w ka\u017cdym dziale samoobs\u0142ugi: dzi\u0119ki pod\u015bwietlanemu wy\u015bwietlaczowi reklamowemu szklane drzwi lod\u00f3wki przyci\u0105gaj\u0105 uwag\u0119, prezentuj\u0105c produkty w najlepszym \u015bwietle.<\/p>\n","protected":false},"featured_media":70279,"template":"","meta":{"_et_pb_use_builder":"","_et_pb_old_content":"","_et_gb_content_width":""},"pwb-brand":[1577],"product_brand":[],"product_cat":[523],"product_tag":[],"class_list":{"0":"post-67885","1":"product","2":"type-product","3":"status-publish","4":"has-post-thumbnail","6":"pwb-brand-bartscher","7":"product_cat-stoly-chlodnicze","9":"first","10":"instock","11":"taxable","12":"shipping-taxable","13":"purchasable","14":"product-type-simple"},"brands":[{"id":1577,"name":"Bartscher","slug":"bartscher"}],"_links":{"self":[{"href":"https:\/\/www.multifrigo.pl\/sklep\/wp-json\/wp\/v2\/product\/67885","targetHints":{"allow":["GET"]}}],"collection":[{"href":"https:\/\/www.multifrigo.pl\/sklep\/wp-json\/wp\/v2\/product"}],"about":[{"href":"https:\/\/www.multifrigo.pl\/sklep\/wp-json\/wp\/v2\/types\/product"}],"wp:featuredmedia":[{"embeddable":true,"href":"https:\/\/www.multifrigo.pl\/sklep\/wp-json\/wp\/v2\/media\/70279"}],"wp:attachment":[{"href":"https:\/\/www.multifrigo.pl\/sklep\/wp-json\/wp\/v2\/media?parent=67885"}],"wp:term":[{"taxonomy":"pwb-brand","embeddable":true,"href":"https:\/\/www.multifrigo.pl\/sklep\/wp-json\/wp\/v2\/pwb-brand?post=67885"},{"taxonomy":"product_brand","embeddable":true,"href":"https:\/\/www.multifrigo.pl\/sklep\/wp-json\/wp\/v2\/product_brand?post=67885"},{"taxonomy":"product_cat","embeddable":true,"href":"https:\/\/www.multifrigo.pl\/sklep\/wp-json\/wp\/v2\/product_cat?post=67885"},{"taxonomy":"product_tag","embeddable":true,"href":"https:\/\/www.multifrigo.pl\/sklep\/wp-json\/wp\/v2\/product_tag?post=67885"}],"curies":[{"name":"wp","href":"https:\/\/api.w.org\/{rel}","templated":true}]}}