{"id":67886,"date":"2025-06-02T08:18:18","date_gmt":"2025-06-02T08:18:18","guid":{"rendered":"https:\/\/www.multifrigo.pl\/sklep\/produkt\/warnik-do-makaronu-8l-em1-bartscher-132290\/"},"modified":"2025-07-17T10:07:01","modified_gmt":"2025-07-17T10:07:01","slug":"warnik-do-makaronu-8l-em1-bartscher-132290","status":"publish","type":"product","link":"https:\/\/www.multifrigo.pl\/sklep\/produkt\/warnik-do-makaronu-8l-em1-bartscher-132290\/","title":{"rendered":"Warnik do makaronu 8L-EM1 | Bartscher 132290"},"content":{"rendered":"<p><b>Warnik do makaronu 8L-EM1<\/b><\/p>\n<p>Perfekcyjny makaron w ka\u017cdym daniu: dzi\u0119ki intuicyjnej obs\u0142udze, polegaj\u0105cej na p\u0142ynnemu ustawianiu temperatury i czasu, warnik do gotowania makaronu jest dziecinnie \u0142atwy w u\u017cyciu. Wyjmowana grza\u0142ka i komora o pojemno\u015bci 8 litr\u00f3w zapewniaj\u0105 optymalne czyszczenie.<\/p>\n","protected":false},"excerpt":{"rendered":"<p>Warnik do makaronu 8L-EM1 Perfekcyjny makaron w ka\u017cdym daniu: dzi\u0119ki intuicyjnej obs\u0142udze, polegaj\u0105cej na p\u0142ynnemu ustawianiu temperatury i czasu, warnik do gotowania makaronu jest dziecinnie \u0142atwy w u\u017cyciu. Wyjmowana grza\u0142ka i komora o pojemno\u015bci 8 litr\u00f3w zapewniaj\u0105 optymalne czyszczenie.<\/p>\n","protected":false},"featured_media":70280,"template":"","meta":{"_et_pb_use_builder":"","_et_pb_old_content":"","_et_gb_content_width":""},"pwb-brand":[1577],"product_brand":[],"product_cat":[615],"product_tag":[],"class_list":{"0":"post-67886","1":"product","2":"type-product","3":"status-publish","4":"has-post-thumbnail","6":"pwb-brand-bartscher","7":"product_cat-makaroniarki-makaroniarki","9":"first","10":"instock","11":"taxable","12":"shipping-taxable","13":"purchasable","14":"product-type-simple"},"brands":[{"id":1577,"name":"Bartscher","slug":"bartscher"}],"_links":{"self":[{"href":"https:\/\/www.multifrigo.pl\/sklep\/wp-json\/wp\/v2\/product\/67886","targetHints":{"allow":["GET"]}}],"collection":[{"href":"https:\/\/www.multifrigo.pl\/sklep\/wp-json\/wp\/v2\/product"}],"about":[{"href":"https:\/\/www.multifrigo.pl\/sklep\/wp-json\/wp\/v2\/types\/product"}],"wp:featuredmedia":[{"embeddable":true,"href":"https:\/\/www.multifrigo.pl\/sklep\/wp-json\/wp\/v2\/media\/70280"}],"wp:attachment":[{"href":"https:\/\/www.multifrigo.pl\/sklep\/wp-json\/wp\/v2\/media?parent=67886"}],"wp:term":[{"taxonomy":"pwb-brand","embeddable":true,"href":"https:\/\/www.multifrigo.pl\/sklep\/wp-json\/wp\/v2\/pwb-brand?post=67886"},{"taxonomy":"product_brand","embeddable":true,"href":"https:\/\/www.multifrigo.pl\/sklep\/wp-json\/wp\/v2\/product_brand?post=67886"},{"taxonomy":"product_cat","embeddable":true,"href":"https:\/\/www.multifrigo.pl\/sklep\/wp-json\/wp\/v2\/product_cat?post=67886"},{"taxonomy":"product_tag","embeddable":true,"href":"https:\/\/www.multifrigo.pl\/sklep\/wp-json\/wp\/v2\/product_tag?post=67886"}],"curies":[{"name":"wp","href":"https:\/\/api.w.org\/{rel}","templated":true}]}}