{"id":67887,"date":"2025-06-02T08:18:26","date_gmt":"2025-06-02T08:18:26","guid":{"rendered":"https:\/\/www.multifrigo.pl\/sklep\/produkt\/piec-do-pizzy-st415-2-bartscher-2002302\/"},"modified":"2026-02-21T23:12:16","modified_gmt":"2026-02-21T23:12:16","slug":"piec-do-pizzy-st415-2-bartscher-2002302","status":"publish","type":"product","link":"https:\/\/www.multifrigo.pl\/sklep\/produkt\/piec-do-pizzy-st415-2-bartscher-2002302\/","title":{"rendered":"Piec do pizzy ST415-2 | Bartscher 2002302"},"content":{"rendered":"<p><b>Piec do pizzy ST415-2<\/b><\/p>\n<p>Niewa\u017cne, czy \u015bwie\u017ca, czy ju\u017c wst\u0119pnie poddana obr\u00f3bce termicznej \u2013 dzi\u0119ki \u017caroodpornemu kamieniowi, osobno za\u0142\u0105czanej grza\u0142ce g\u00f3rnej i dolnej oraz timerowi ka\u017cda pizza b\u0119dzie przepyszna. Dzi\u0119ki kompaktowej konstrukcji piec do pizzy znajdzie wsz\u0119dzie miejsce dla siebie \u2013 czy to w bistro, barze szybkiej obs\u0142ugi, barze z przek\u0105skami czy te\u017c w ma\u0142ych kuchniach gastronomicznych.<\/p>\n","protected":false},"excerpt":{"rendered":"<p>Piec do pizzy ST415-2 Niewa\u017cne, czy \u015bwie\u017ca, czy ju\u017c wst\u0119pnie poddana obr\u00f3bce termicznej \u2013 dzi\u0119ki \u017caroodpornemu kamieniowi, osobno za\u0142\u0105czanej grza\u0142ce g\u00f3rnej i dolnej oraz timerowi ka\u017cda pizza b\u0119dzie przepyszna. Dzi\u0119ki kompaktowej konstrukcji piec do pizzy znajdzie wsz\u0119dzie miejsce dla siebie \u2013 czy to w bistro, barze szybkiej obs\u0142ugi, barze z przek\u0105skami czy te\u017c w ma\u0142ych [&hellip;]<\/p>\n","protected":false},"featured_media":70281,"template":"","meta":{"_et_pb_use_builder":"","_et_pb_old_content":"","_et_gb_content_width":""},"pwb-brand":[1577],"product_brand":[],"product_cat":[462],"product_tag":[],"class_list":{"0":"post-67887","1":"product","2":"type-product","3":"status-publish","4":"has-post-thumbnail","6":"pwb-brand-bartscher","7":"product_cat-piece-do-pizzy","9":"first","10":"instock","11":"taxable","12":"shipping-taxable","13":"purchasable","14":"product-type-simple"},"brands":[{"id":1577,"name":"Bartscher","slug":"bartscher"}],"_links":{"self":[{"href":"https:\/\/www.multifrigo.pl\/sklep\/wp-json\/wp\/v2\/product\/67887","targetHints":{"allow":["GET"]}}],"collection":[{"href":"https:\/\/www.multifrigo.pl\/sklep\/wp-json\/wp\/v2\/product"}],"about":[{"href":"https:\/\/www.multifrigo.pl\/sklep\/wp-json\/wp\/v2\/types\/product"}],"wp:featuredmedia":[{"embeddable":true,"href":"https:\/\/www.multifrigo.pl\/sklep\/wp-json\/wp\/v2\/media\/70281"}],"wp:attachment":[{"href":"https:\/\/www.multifrigo.pl\/sklep\/wp-json\/wp\/v2\/media?parent=67887"}],"wp:term":[{"taxonomy":"pwb-brand","embeddable":true,"href":"https:\/\/www.multifrigo.pl\/sklep\/wp-json\/wp\/v2\/pwb-brand?post=67887"},{"taxonomy":"product_brand","embeddable":true,"href":"https:\/\/www.multifrigo.pl\/sklep\/wp-json\/wp\/v2\/product_brand?post=67887"},{"taxonomy":"product_cat","embeddable":true,"href":"https:\/\/www.multifrigo.pl\/sklep\/wp-json\/wp\/v2\/product_cat?post=67887"},{"taxonomy":"product_tag","embeddable":true,"href":"https:\/\/www.multifrigo.pl\/sklep\/wp-json\/wp\/v2\/product_tag?post=67887"}],"curies":[{"name":"wp","href":"https:\/\/api.w.org\/{rel}","templated":true}]}}