{"id":67891,"date":"2025-06-02T08:18:49","date_gmt":"2025-06-02T08:18:49","guid":{"rendered":"https:\/\/www.multifrigo.pl\/sklep\/produkt\/zamrazarka-tkgn2-212-bartscher-700847\/"},"modified":"2025-11-08T23:04:48","modified_gmt":"2025-11-08T23:04:48","slug":"zamrazarka-tkgn2-212-bartscher-700847","status":"publish","type":"product","link":"https:\/\/www.multifrigo.pl\/sklep\/produkt\/zamrazarka-tkgn2-212-bartscher-700847\/","title":{"rendered":"Zamra\u017carka TKGN2-212 | Bartscher 700847"},"content":{"rendered":"<p><b>Zamra\u017carka TKGN2-212<\/b><\/p>\n<p>Wi\u0119cej miejsca nie zawadzi&#8230; Dwudrzwiowa zamra\u017carka ze stali szlachetnej, wyposa\u017cona w p\u00f3\u0142ki w formacie GN 2\/1, oferuje wyj\u0105tkowo du\u017c\u0105 przestrze\u0144 na mro\u017cone produkty. Wydajne ch\u0142odzenie cyrkulacyjne zapewnia r\u00f3wnomiern\u0105 i sta\u0142\u0105 temperatur\u0119 wewn\u0105trz lod\u00f3wki mimo jej rozmiar\u00f3w.<\/p>\n","protected":false},"excerpt":{"rendered":"<p>Zamra\u017carka TKGN2-212 Wi\u0119cej miejsca nie zawadzi&#8230; Dwudrzwiowa zamra\u017carka ze stali szlachetnej, wyposa\u017cona w p\u00f3\u0142ki w formacie GN 2\/1, oferuje wyj\u0105tkowo du\u017c\u0105 przestrze\u0144 na mro\u017cone produkty. Wydajne ch\u0142odzenie cyrkulacyjne zapewnia r\u00f3wnomiern\u0105 i sta\u0142\u0105 temperatur\u0119 wewn\u0105trz lod\u00f3wki mimo jej rozmiar\u00f3w.<\/p>\n","protected":false},"featured_media":70282,"template":"","meta":{"_et_pb_use_builder":"","_et_pb_old_content":"","_et_gb_content_width":""},"pwb-brand":[1577],"product_brand":[],"product_cat":[540],"product_tag":[],"class_list":{"0":"post-67891","1":"product","2":"type-product","3":"status-publish","4":"has-post-thumbnail","6":"pwb-brand-bartscher","7":"product_cat-zamrazarki-skrzyniowe","9":"first","10":"instock","11":"taxable","12":"shipping-taxable","13":"purchasable","14":"product-type-simple"},"brands":[{"id":1577,"name":"Bartscher","slug":"bartscher"}],"_links":{"self":[{"href":"https:\/\/www.multifrigo.pl\/sklep\/wp-json\/wp\/v2\/product\/67891","targetHints":{"allow":["GET"]}}],"collection":[{"href":"https:\/\/www.multifrigo.pl\/sklep\/wp-json\/wp\/v2\/product"}],"about":[{"href":"https:\/\/www.multifrigo.pl\/sklep\/wp-json\/wp\/v2\/types\/product"}],"wp:featuredmedia":[{"embeddable":true,"href":"https:\/\/www.multifrigo.pl\/sklep\/wp-json\/wp\/v2\/media\/70282"}],"wp:attachment":[{"href":"https:\/\/www.multifrigo.pl\/sklep\/wp-json\/wp\/v2\/media?parent=67891"}],"wp:term":[{"taxonomy":"pwb-brand","embeddable":true,"href":"https:\/\/www.multifrigo.pl\/sklep\/wp-json\/wp\/v2\/pwb-brand?post=67891"},{"taxonomy":"product_brand","embeddable":true,"href":"https:\/\/www.multifrigo.pl\/sklep\/wp-json\/wp\/v2\/product_brand?post=67891"},{"taxonomy":"product_cat","embeddable":true,"href":"https:\/\/www.multifrigo.pl\/sklep\/wp-json\/wp\/v2\/product_cat?post=67891"},{"taxonomy":"product_tag","embeddable":true,"href":"https:\/\/www.multifrigo.pl\/sklep\/wp-json\/wp\/v2\/product_tag?post=67891"}],"curies":[{"name":"wp","href":"https:\/\/api.w.org\/{rel}","templated":true}]}}