{"id":67892,"date":"2025-06-02T08:18:57","date_gmt":"2025-06-02T08:18:57","guid":{"rendered":"https:\/\/www.multifrigo.pl\/sklep\/produkt\/szafa-chlodnicza-kgn1-112-bartscher-700843\/"},"modified":"2025-07-17T10:07:06","modified_gmt":"2025-07-17T10:07:06","slug":"szafa-chlodnicza-kgn1-112-bartscher-700843","status":"publish","type":"product","link":"https:\/\/www.multifrigo.pl\/sklep\/produkt\/szafa-chlodnicza-kgn1-112-bartscher-700843\/","title":{"rendered":"Szafa ch\u0142odnicza KGN1-112 | Bartscher 700843"},"content":{"rendered":"<p><b>Szafa ch\u0142odnicza KGN1-112<\/b><\/p>\n<p>Dzi\u0119ki du\u017cej ilo\u015bci miejsca wewn\u0105trz ch\u0142odzone produkty mo\u017cna przechowywa\u0107 w przejrzysty spos\u00f3b na rega\u0142ach w formacie 2\/1 GN o regulowanej wysoko\u015bci. Wydajne ch\u0142odzenie cyrkulacyjne lod\u00f3wki ze stali nierdzewnej zapewnia r\u00f3wnomiern\u0105 i sta\u0142\u0105 temperatur\u0119 wewn\u0105trz mimo jej rozmiar\u00f3w.<\/p>\n","protected":false},"excerpt":{"rendered":"<p>Szafa ch\u0142odnicza KGN1-112 Dzi\u0119ki du\u017cej ilo\u015bci miejsca wewn\u0105trz ch\u0142odzone produkty mo\u017cna przechowywa\u0107 w przejrzysty spos\u00f3b na rega\u0142ach w formacie 2\/1 GN o regulowanej wysoko\u015bci. Wydajne ch\u0142odzenie cyrkulacyjne lod\u00f3wki ze stali nierdzewnej zapewnia r\u00f3wnomiern\u0105 i sta\u0142\u0105 temperatur\u0119 wewn\u0105trz mimo jej rozmiar\u00f3w.<\/p>\n","protected":false},"featured_media":70283,"template":"","meta":{"_et_pb_use_builder":"","_et_pb_old_content":"","_et_gb_content_width":""},"pwb-brand":[1577],"product_brand":[],"product_cat":[518],"product_tag":[],"class_list":{"0":"post-67892","1":"product","2":"type-product","3":"status-publish","4":"has-post-thumbnail","6":"pwb-brand-bartscher","7":"product_cat-szafy-chlodnicze","9":"first","10":"instock","11":"taxable","12":"shipping-taxable","13":"purchasable","14":"product-type-simple"},"brands":[{"id":1577,"name":"Bartscher","slug":"bartscher"}],"_links":{"self":[{"href":"https:\/\/www.multifrigo.pl\/sklep\/wp-json\/wp\/v2\/product\/67892","targetHints":{"allow":["GET"]}}],"collection":[{"href":"https:\/\/www.multifrigo.pl\/sklep\/wp-json\/wp\/v2\/product"}],"about":[{"href":"https:\/\/www.multifrigo.pl\/sklep\/wp-json\/wp\/v2\/types\/product"}],"wp:featuredmedia":[{"embeddable":true,"href":"https:\/\/www.multifrigo.pl\/sklep\/wp-json\/wp\/v2\/media\/70283"}],"wp:attachment":[{"href":"https:\/\/www.multifrigo.pl\/sklep\/wp-json\/wp\/v2\/media?parent=67892"}],"wp:term":[{"taxonomy":"pwb-brand","embeddable":true,"href":"https:\/\/www.multifrigo.pl\/sklep\/wp-json\/wp\/v2\/pwb-brand?post=67892"},{"taxonomy":"product_brand","embeddable":true,"href":"https:\/\/www.multifrigo.pl\/sklep\/wp-json\/wp\/v2\/product_brand?post=67892"},{"taxonomy":"product_cat","embeddable":true,"href":"https:\/\/www.multifrigo.pl\/sklep\/wp-json\/wp\/v2\/product_cat?post=67892"},{"taxonomy":"product_tag","embeddable":true,"href":"https:\/\/www.multifrigo.pl\/sklep\/wp-json\/wp\/v2\/product_tag?post=67892"}],"curies":[{"name":"wp","href":"https:\/\/api.w.org\/{rel}","templated":true}]}}