{"id":67896,"date":"2025-06-02T08:19:32","date_gmt":"2025-06-02T08:19:32","guid":{"rendered":"https:\/\/www.multifrigo.pl\/sklep\/produkt\/krajalnica-300-r-plus-bartscher-174305\/"},"modified":"2025-07-17T10:07:13","modified_gmt":"2025-07-17T10:07:13","slug":"krajalnica-300-r-plus-bartscher-174305","status":"publish","type":"product","link":"https:\/\/www.multifrigo.pl\/sklep\/produkt\/krajalnica-300-r-plus-bartscher-174305\/","title":{"rendered":"Krajalnica 300 R Plus | Bartscher 174305"},"content":{"rendered":"<p><b>Krajalnica 300 R Plus<\/b><\/p>\n<p>W gastronomii, jaki i w bran\u017cy spo\u017cywczej r\u00f3wnie\u017c nie powiedziano jeszcze ostatniego s\u0142owa. Czerwona krajalnica wyr\u00f3\u017cnia si\u0119 designem i funkcjami technicznymi. N\u00f3\u017c 300 w po\u0142\u0105czeniu z wydajnym no\u017cem wbudowanym uko\u015bnie czysto i r\u00f3wnomiernie pokroi na plasterki ka\u017cdy rodzaj w\u0119dliny.<\/p>\n","protected":false},"excerpt":{"rendered":"<p>Krajalnica 300 R Plus W gastronomii, jaki i w bran\u017cy spo\u017cywczej r\u00f3wnie\u017c nie powiedziano jeszcze ostatniego s\u0142owa. Czerwona krajalnica wyr\u00f3\u017cnia si\u0119 designem i funkcjami technicznymi. N\u00f3\u017c 300 w po\u0142\u0105czeniu z wydajnym no\u017cem wbudowanym uko\u015bnie czysto i r\u00f3wnomiernie pokroi na plasterki ka\u017cdy rodzaj w\u0119dliny.<\/p>\n","protected":false},"featured_media":70287,"template":"","meta":{"_et_pb_use_builder":"","_et_pb_old_content":"","_et_gb_content_width":""},"pwb-brand":[1577],"product_brand":[],"product_cat":[5471],"product_tag":[],"class_list":{"0":"post-67896","1":"product","2":"type-product","3":"status-publish","4":"has-post-thumbnail","6":"pwb-brand-bartscher","7":"product_cat-krajalnicze-polautomatyczne","9":"first","10":"instock","11":"taxable","12":"shipping-taxable","13":"purchasable","14":"product-type-simple"},"brands":[{"id":1577,"name":"Bartscher","slug":"bartscher"}],"_links":{"self":[{"href":"https:\/\/www.multifrigo.pl\/sklep\/wp-json\/wp\/v2\/product\/67896","targetHints":{"allow":["GET"]}}],"collection":[{"href":"https:\/\/www.multifrigo.pl\/sklep\/wp-json\/wp\/v2\/product"}],"about":[{"href":"https:\/\/www.multifrigo.pl\/sklep\/wp-json\/wp\/v2\/types\/product"}],"wp:featuredmedia":[{"embeddable":true,"href":"https:\/\/www.multifrigo.pl\/sklep\/wp-json\/wp\/v2\/media\/70287"}],"wp:attachment":[{"href":"https:\/\/www.multifrigo.pl\/sklep\/wp-json\/wp\/v2\/media?parent=67896"}],"wp:term":[{"taxonomy":"pwb-brand","embeddable":true,"href":"https:\/\/www.multifrigo.pl\/sklep\/wp-json\/wp\/v2\/pwb-brand?post=67896"},{"taxonomy":"product_brand","embeddable":true,"href":"https:\/\/www.multifrigo.pl\/sklep\/wp-json\/wp\/v2\/product_brand?post=67896"},{"taxonomy":"product_cat","embeddable":true,"href":"https:\/\/www.multifrigo.pl\/sklep\/wp-json\/wp\/v2\/product_cat?post=67896"},{"taxonomy":"product_tag","embeddable":true,"href":"https:\/\/www.multifrigo.pl\/sklep\/wp-json\/wp\/v2\/product_tag?post=67896"}],"curies":[{"name":"wp","href":"https:\/\/api.w.org\/{rel}","templated":true}]}}