{"id":67898,"date":"2025-06-02T08:19:45","date_gmt":"2025-06-02T08:19:45","guid":{"rendered":"https:\/\/www.multifrigo.pl\/sklep\/produkt\/szafa-chlodnicza-z-drzwiami-prawymi-gtk2-221-bartscher-700848\/"},"modified":"2025-07-17T10:07:15","modified_gmt":"2025-07-17T10:07:15","slug":"szafa-chlodnicza-z-drzwiami-prawymi-gtk2-221-bartscher-700848","status":"publish","type":"product","link":"https:\/\/www.multifrigo.pl\/sklep\/produkt\/szafa-chlodnicza-z-drzwiami-prawymi-gtk2-221-bartscher-700848\/","title":{"rendered":"Szafa ch\u0142odnicza z drzwiami prawymi GTK2-221 | Bartscher 700848"},"content":{"rendered":"<p><b>Szafa ch\u0142odnicza z drzwiami prawymi GTK2-221<\/b><\/p>\n<p>Lod\u00f3wka z drzwiami szklanymi GTK2-221 \u2013 dzi\u0119ki energooszcz\u0119dnemu trybowi nocnemu i wentylatorowi przerywaj\u0105cemu prac\u0119 po otwarciu drzwi \u2013 stanowi nie tylko optymalny magnes na klienta, lecz r\u00f3wnie\u017c pozwala zmaksymalizowa\u0107 oszcz\u0119dno\u015bci w zu\u017cyciu energii. Dzi\u0119ki temu produkty zawsze pozostaj\u0105 \u015bwie\u017ce i dobrze si\u0119 prezentuj\u0105.<\/p>\n","protected":false},"excerpt":{"rendered":"<p>Szafa ch\u0142odnicza z drzwiami prawymi GTK2-221 Lod\u00f3wka z drzwiami szklanymi GTK2-221 \u2013 dzi\u0119ki energooszcz\u0119dnemu trybowi nocnemu i wentylatorowi przerywaj\u0105cemu prac\u0119 po otwarciu drzwi \u2013 stanowi nie tylko optymalny magnes na klienta, lecz r\u00f3wnie\u017c pozwala zmaksymalizowa\u0107 oszcz\u0119dno\u015bci w zu\u017cyciu energii. Dzi\u0119ki temu produkty zawsze pozostaj\u0105 \u015bwie\u017ce i dobrze si\u0119 prezentuj\u0105.<\/p>\n","protected":false},"featured_media":70288,"template":"","meta":{"_et_pb_use_builder":"","_et_pb_old_content":"","_et_gb_content_width":""},"pwb-brand":[1577],"product_brand":[],"product_cat":[518],"product_tag":[],"class_list":{"0":"post-67898","1":"product","2":"type-product","3":"status-publish","4":"has-post-thumbnail","6":"pwb-brand-bartscher","7":"product_cat-szafy-chlodnicze","9":"first","10":"instock","11":"taxable","12":"shipping-taxable","13":"purchasable","14":"product-type-simple"},"brands":[{"id":1577,"name":"Bartscher","slug":"bartscher"}],"_links":{"self":[{"href":"https:\/\/www.multifrigo.pl\/sklep\/wp-json\/wp\/v2\/product\/67898","targetHints":{"allow":["GET"]}}],"collection":[{"href":"https:\/\/www.multifrigo.pl\/sklep\/wp-json\/wp\/v2\/product"}],"about":[{"href":"https:\/\/www.multifrigo.pl\/sklep\/wp-json\/wp\/v2\/types\/product"}],"wp:featuredmedia":[{"embeddable":true,"href":"https:\/\/www.multifrigo.pl\/sklep\/wp-json\/wp\/v2\/media\/70288"}],"wp:attachment":[{"href":"https:\/\/www.multifrigo.pl\/sklep\/wp-json\/wp\/v2\/media?parent=67898"}],"wp:term":[{"taxonomy":"pwb-brand","embeddable":true,"href":"https:\/\/www.multifrigo.pl\/sklep\/wp-json\/wp\/v2\/pwb-brand?post=67898"},{"taxonomy":"product_brand","embeddable":true,"href":"https:\/\/www.multifrigo.pl\/sklep\/wp-json\/wp\/v2\/product_brand?post=67898"},{"taxonomy":"product_cat","embeddable":true,"href":"https:\/\/www.multifrigo.pl\/sklep\/wp-json\/wp\/v2\/product_cat?post=67898"},{"taxonomy":"product_tag","embeddable":true,"href":"https:\/\/www.multifrigo.pl\/sklep\/wp-json\/wp\/v2\/product_tag?post=67898"}],"curies":[{"name":"wp","href":"https:\/\/api.w.org\/{rel}","templated":true}]}}